{"id":1065,"date":"2025-12-06T17:18:44","date_gmt":"2025-12-06T16:18:44","guid":{"rendered":"http:\/\/localhost:8080\/?page_id=1065"},"modified":"2026-02-22T09:56:22","modified_gmt":"2026-02-22T08:56:22","slug":"terminos-condiciones","status":"publish","type":"page","link":"https:\/\/www.arrompsicologia.com\/ca\/terminos-condiciones\/","title":{"rendered":"Termes &amp; Condicions"},"content":{"rendered":"<div data-elementor-type=\"wp-page\" data-elementor-id=\"1065\" class=\"elementor elementor-1065\" data-elementor-post-type=\"page\">\n\t\t\t\t<div class=\"elementor-element elementor-element-3939a99 e-flex e-con-boxed e-con e-parent\" data-id=\"3939a99\" data-element_type=\"container\" data-e-type=\"container\">\n\t\t\t\t\t<div class=\"e-con-inner\">\n\t\t\t\t<div class=\"elementor-element elementor-element-b484326 elementor-widget elementor-widget-heading\" data-id=\"b484326\" data-element_type=\"widget\" data-e-type=\"widget\" data-widget_type=\"heading.default\">\n\t\t\t\t<div class=\"elementor-widget-container\">\n\t\t\t\t\t<h2 class=\"elementor-heading-title elementor-size-default\">T\u00c9RMINOS  &amp; CONDICIONES<\/h2>\t\t\t\t<\/div>\n\t\t\t\t<\/div>\n\t\t\t\t\t<\/div>\n\t\t\t\t<\/div>\n\t\t<div class=\"elementor-element elementor-element-3e92c9c e-flex e-con-boxed e-con e-parent\" data-id=\"3e92c9c\" data-element_type=\"container\" data-e-type=\"container\">\n\t\t\t\t\t<div class=\"e-con-inner\">\n\t\t\t\t<div class=\"elementor-element elementor-element-4d60c85 elementor-widget__width-initial elementor-widget elementor-widget-text-editor\" data-id=\"4d60c85\" data-element_type=\"widget\" data-e-type=\"widget\" data-widget_type=\"text-editor.default\">\n\t\t\t\t<div class=\"elementor-widget-container\">\n\t\t\t\t\t\t\t\t\t<p data-start=\"216\" data-end=\"441\">Bienvenido\/a al sitio web <strong data-start=\"242\" data-end=\"261\">Psicologia<\/strong> (<a class=\"decorated-link\" href=\"http:\/\/www.arrompsicologia.com\/ca\/\" target=\"_new\" rel=\"noopener\" data-start=\"263\" data-end=\"286\">www.arrompsicologia.com<\/a>), cuyo titular es <strong data-start=\"305\" data-end=\"329\">Margalida Arrom Coll<\/strong>\u00a0y domicilio profesional en <strong data-start=\"381\" data-end=\"440\">Calle Comer\u00e7 4, 1\u00ba, 07300, Inca, Illes Balears (Espa\u00f1a)<\/strong>.\u00a0El acceso, navegaci\u00f3n y uso del sitio web implican la aceptaci\u00f3n plena y sin reservas de los presentes T\u00e9rminos y Condiciones. Si no est\u00e1 de acuerdo, se solicita no utilizar la p\u00e1gina ni sus servicios.<\/p>\t\t\t\t\t\t\t\t<\/div>\n\t\t\t\t<\/div>\n\t\t\t\t<div class=\"elementor-element elementor-element-8ca289f elementor-widget elementor-widget-heading\" data-id=\"8ca289f\" data-element_type=\"widget\" data-e-type=\"widget\" data-widget_type=\"heading.default\">\n\t\t\t\t<div class=\"elementor-widget-container\">\n\t\t\t\t\t<h2 class=\"elementor-heading-title elementor-size-default\">1. Objeto del sitio web<\/h2>\t\t\t\t<\/div>\n\t\t\t\t<\/div>\n\t\t\t\t<div class=\"elementor-element elementor-element-cef73c1 elementor-widget__width-initial elementor-widget elementor-widget-text-editor\" data-id=\"cef73c1\" data-element_type=\"widget\" data-e-type=\"widget\" data-widget_type=\"text-editor.default\">\n\t\t\t\t<div class=\"elementor-widget-container\">\n\t\t\t\t\t\t\t\t\t<p data-start=\"184\" data-end=\"504\">La finalidad de esta web es ofrecer informaci\u00f3n sobre los servicios de psicolog\u00eda proporcionados por <strong data-start=\"781\" data-end=\"800\">Psicologia<\/strong>, as\u00ed como facilitar el contacto, la reserva de citas y la difusi\u00f3n de contenido psicoeducativo.\u00a0La informaci\u00f3n compartida no sustituye una evaluaci\u00f3n profesional personalizada.<\/p>\t\t\t\t\t\t\t\t<\/div>\n\t\t\t\t<\/div>\n\t\t\t\t<div class=\"elementor-element elementor-element-b412e1e elementor-widget elementor-widget-heading\" data-id=\"b412e1e\" data-element_type=\"widget\" data-e-type=\"widget\" data-widget_type=\"heading.default\">\n\t\t\t\t<div class=\"elementor-widget-container\">\n\t\t\t\t\t<h2 class=\"elementor-heading-title elementor-size-default\">2. Condiciones de uso<\/h2>\t\t\t\t<\/div>\n\t\t\t\t<\/div>\n\t\t\t\t<div class=\"elementor-element elementor-element-a5ab3fb elementor-widget__width-initial elementor-widget elementor-widget-text-editor\" data-id=\"a5ab3fb\" data-element_type=\"widget\" data-e-type=\"widget\" data-widget_type=\"text-editor.default\">\n\t\t\t\t<div class=\"elementor-widget-container\">\n\t\t\t\t\t\t\t\t\t<p data-start=\"1013\" data-end=\"1156\">El\/la usuario\/a se compromete a hacer un uso adecuado de la web, respetando la legislaci\u00f3n vigente y los derechos de terceros. Queda prohibido:<\/p><ul><li data-start=\"1160\" data-end=\"1227\">Utilizar la web con fines il\u00edcitos, fraudulentos o perjudiciales.<\/li><li data-start=\"1230\" data-end=\"1331\">Difundir contenido ofensivo, discriminatorio o contrario a la salud p\u00fablica y la \u00e9tica profesional.<\/li><li data-start=\"1230\" data-end=\"1331\">Causar da\u00f1os, sobrecargas o alteraciones en el funcionamiento del sitio.<\/li><\/ul><p><!-- \/wp:paragraph --><!-- wp:heading --><!-- \/wp:heading --><!-- wp:paragraph --><\/p><p id=\"viewer-bzmcs132\">El uso indebido podr\u00e1 conllevar restricci\u00f3n o bloqueo de acceso sin previo aviso.<\/p>\t\t\t\t\t\t\t\t<\/div>\n\t\t\t\t<\/div>\n\t\t\t\t<div class=\"elementor-element elementor-element-489fb2b elementor-widget elementor-widget-heading\" data-id=\"489fb2b\" data-element_type=\"widget\" data-e-type=\"widget\" data-widget_type=\"heading.default\">\n\t\t\t\t<div class=\"elementor-widget-container\">\n\t\t\t\t\t<h2 class=\"elementor-heading-title elementor-size-default\">3. Servicios profesionales<\/h2>\t\t\t\t<\/div>\n\t\t\t\t<\/div>\n\t\t\t\t<div class=\"elementor-element elementor-element-161757f elementor-widget__width-initial elementor-widget elementor-widget-text-editor\" data-id=\"161757f\" data-element_type=\"widget\" data-e-type=\"widget\" data-widget_type=\"text-editor.default\">\n\t\t\t\t<div class=\"elementor-widget-container\">\n\t\t\t\t\t\t\t\t\t<p data-start=\"1530\" data-end=\"1732\">Los servicios psicol\u00f3gicos ofrecidos son prestados por <strong data-start=\"1585\" data-end=\"1609\">Margalida Arrom Coll<\/strong>, profesional titulada y habilitada conforme a la normativa vigente en Espa\u00f1a.<\/p><p data-start=\"1530\" data-end=\"1732\">Los servicios pueden incluir, entre otros:<\/p><ul><li data-start=\"1736\" data-end=\"1815\">Atenci\u00f3n psicol\u00f3gica y psicoterapia individual (adultos, infantil o juvenil).<\/li><li data-start=\"1818\" data-end=\"1857\">Evaluaci\u00f3n y orientaci\u00f3n psicol\u00f3gica.<\/li><li data-start=\"1860\" data-end=\"1898\">Terapias y acompa\u00f1amiento emocional.<\/li><li data-start=\"1901\" data-end=\"1969\">Asesoramiento en dificultades personales, educativas y familiares.<\/li><li data-start=\"1972\" data-end=\"2007\">Sesiones presenciales y\/o online.<\/li><\/ul>\t\t\t\t\t\t\t\t<\/div>\n\t\t\t\t<\/div>\n\t\t\t\t<div class=\"elementor-element elementor-element-adf8e9e elementor-widget elementor-widget-heading\" data-id=\"adf8e9e\" data-element_type=\"widget\" data-e-type=\"widget\" data-widget_type=\"heading.default\">\n\t\t\t\t<div class=\"elementor-widget-container\">\n\t\t\t\t\t<h2 class=\"elementor-heading-title elementor-size-default\">4. Reserva, modificaci\u00f3n y cancelaci\u00f3n de citas<\/h2>\t\t\t\t<\/div>\n\t\t\t\t<\/div>\n\t\t\t\t<div class=\"elementor-element elementor-element-8e6e426 elementor-widget__width-initial elementor-widget elementor-widget-text-editor\" data-id=\"8e6e426\" data-element_type=\"widget\" data-e-type=\"widget\" data-widget_type=\"text-editor.default\">\n\t\t\t\t<div class=\"elementor-widget-container\">\n\t\t\t\t\t\t\t\t\t<p>Las citas pueden gestionarse mediante tel\u00e9fono o WhatsApp. La cancelaci\u00f3n o modificaci\u00f3n deber\u00e1 realizarse con m\u00ednimo 24 horas de antelaci\u00f3n. La ausencia a la sesi\u00f3n sin previo aviso podr\u00e1 implicar el cobro \u00edntegro de la sesi\u00f3n reservada.\u00a0<\/p><p>Los precios pueden ser actualizados en cualquier momento. Se mantendr\u00e1n los vigentes en el momento de la contrataci\u00f3n.<\/p>\t\t\t\t\t\t\t\t<\/div>\n\t\t\t\t<\/div>\n\t\t\t\t<div class=\"elementor-element elementor-element-1211ec5 elementor-widget elementor-widget-heading\" data-id=\"1211ec5\" data-element_type=\"widget\" data-e-type=\"widget\" data-widget_type=\"heading.default\">\n\t\t\t\t<div class=\"elementor-widget-container\">\n\t\t\t\t\t<h2 class=\"elementor-heading-title elementor-size-default\">5. Propiedad intelectual<\/h2>\t\t\t\t<\/div>\n\t\t\t\t<\/div>\n\t\t\t\t<div class=\"elementor-element elementor-element-dc7503f elementor-widget__width-initial elementor-widget elementor-widget-text-editor\" data-id=\"dc7503f\" data-element_type=\"widget\" data-e-type=\"widget\" data-widget_type=\"text-editor.default\">\n\t\t\t\t<div class=\"elementor-widget-container\">\n\t\t\t\t\t\t\t\t\t<p data-start=\"1530\" data-end=\"1732\">Todos los contenidos del sitio web (textos, im\u00e1genes, marca, documentos, logotipos, publicaciones, etc.) son propiedad de <strong data-start=\"2790\" data-end=\"2809\">Psicologia<\/strong> o de terceros con autorizaci\u00f3n.\u00a0Queda prohibida su copia, reproducci\u00f3n, distribuci\u00f3n o modificaci\u00f3n sin consentimiento expreso.<\/p>\t\t\t\t\t\t\t\t<\/div>\n\t\t\t\t<\/div>\n\t\t\t\t<div class=\"elementor-element elementor-element-1f63ef1 elementor-widget elementor-widget-heading\" data-id=\"1f63ef1\" data-element_type=\"widget\" data-e-type=\"widget\" data-widget_type=\"heading.default\">\n\t\t\t\t<div class=\"elementor-widget-container\">\n\t\t\t\t\t<h2 class=\"elementor-heading-title elementor-size-default\">6. Protecci\u00f3n de datos personales<\/h2>\t\t\t\t<\/div>\n\t\t\t\t<\/div>\n\t\t\t\t<div class=\"elementor-element elementor-element-7c4f73d elementor-widget__width-initial elementor-widget elementor-widget-text-editor\" data-id=\"7c4f73d\" data-element_type=\"widget\" data-e-type=\"widget\" data-widget_type=\"text-editor.default\">\n\t\t\t\t<div class=\"elementor-widget-container\">\n\t\t\t\t\t\t\t\t\t<p data-start=\"2985\" data-end=\"3290\">El tratamiento de datos se realiza conforme al <strong data-start=\"3032\" data-end=\"3093\">Reglamento General de Protecci\u00f3n de Datos (RGPD 2016\/679)<\/strong> y normativa espa\u00f1ola vigente. Los datos proporcionados mediante formularios, correo o tel\u00e9fono se utilizar\u00e1n \u00fanicamente para finalidades asistenciales, administrativas y de contacto profesional.\u00a0El\/la usuario\/a puede ejercer sus derechos de acceso, rectificaci\u00f3n, cancelaci\u00f3n, oposici\u00f3n y portabilidad escribiendo a: <em data-start=\"3419\" data-end=\"3447\"><a class=\"decorated-link cursor-pointer\" rel=\"noopener\" data-start=\"3420\" data-end=\"3446\">arrom.psicologia@gmail.com<\/a><\/em><\/p>\t\t\t\t\t\t\t\t<\/div>\n\t\t\t\t<\/div>\n\t\t\t\t<div class=\"elementor-element elementor-element-ad7e8a7 elementor-widget elementor-widget-heading\" data-id=\"ad7e8a7\" data-element_type=\"widget\" data-e-type=\"widget\" data-widget_type=\"heading.default\">\n\t\t\t\t<div class=\"elementor-widget-container\">\n\t\t\t\t\t<h2 class=\"elementor-heading-title elementor-size-default\">7. Limitaci\u00f3n de responsabilidad<\/h2>\t\t\t\t<\/div>\n\t\t\t\t<\/div>\n\t\t\t\t<div class=\"elementor-element elementor-element-f81ca18 elementor-widget__width-initial elementor-widget elementor-widget-text-editor\" data-id=\"f81ca18\" data-element_type=\"widget\" data-e-type=\"widget\" data-widget_type=\"text-editor.default\">\n\t\t\t\t<div class=\"elementor-widget-container\">\n\t\t\t\t\t\t\t\t\t<p>Limitaciones:<\/p><ul><li data-start=\"3599\" data-end=\"3691\">La web no garantiza disponibilidad permanente, pudiendo presentar interrupciones t\u00e9cnicas.<\/li><li data-start=\"3694\" data-end=\"3806\">Los art\u00edculos, publicaciones o materiales informativos no sustituyen una intervenci\u00f3n psicol\u00f3gica profesional.<\/li><li data-start=\"3809\" data-end=\"3926\">Ante situaciones de emergencia o riesgo vital se recomienda acudir a <strong data-start=\"3878\" data-end=\"3925\">servicios sanitarios u urgencias inmediatas<\/strong>.<\/li><\/ul>\t\t\t\t\t\t\t\t<\/div>\n\t\t\t\t<\/div>\n\t\t\t\t<div class=\"elementor-element elementor-element-c0a72b3 elementor-widget elementor-widget-heading\" data-id=\"c0a72b3\" data-element_type=\"widget\" data-e-type=\"widget\" data-widget_type=\"heading.default\">\n\t\t\t\t<div class=\"elementor-widget-container\">\n\t\t\t\t\t<h2 class=\"elementor-heading-title elementor-size-default\">8. Enlaces externos<\/h2>\t\t\t\t<\/div>\n\t\t\t\t<\/div>\n\t\t\t\t<div class=\"elementor-element elementor-element-a902d16 elementor-widget__width-initial elementor-widget elementor-widget-text-editor\" data-id=\"a902d16\" data-element_type=\"widget\" data-e-type=\"widget\" data-widget_type=\"text-editor.default\">\n\t\t\t\t<div class=\"elementor-widget-container\">\n\t\t\t\t\t\t\t\t\t<p data-start=\"3958\" data-end=\"4114\">El sitio puede incluir enlaces a sitios de terceros con fines informativos. arromPSICOLOGIA no se hace responsable de sus contenidos, pol\u00edticas o seguridad.<\/p>\t\t\t\t\t\t\t\t<\/div>\n\t\t\t\t<\/div>\n\t\t\t\t<div class=\"elementor-element elementor-element-e23d01d elementor-widget elementor-widget-heading\" data-id=\"e23d01d\" data-element_type=\"widget\" data-e-type=\"widget\" data-widget_type=\"heading.default\">\n\t\t\t\t<div class=\"elementor-widget-container\">\n\t\t\t\t\t<h2 class=\"elementor-heading-title elementor-size-default\">9. Modificaciones<\/h2>\t\t\t\t<\/div>\n\t\t\t\t<\/div>\n\t\t\t\t<div class=\"elementor-element elementor-element-4b333bd elementor-widget__width-initial elementor-widget elementor-widget-text-editor\" data-id=\"4b333bd\" data-element_type=\"widget\" data-e-type=\"widget\" data-widget_type=\"text-editor.default\">\n\t\t\t\t<div class=\"elementor-widget-container\">\n\t\t\t\t\t\t\t\t\t<p data-start=\"4144\" data-end=\"4357\">arromPSICOLOGIA podr\u00e1 actualizar o modificar los presentes T\u00e9rminos y Condiciones en cualquier momento. Las modificaciones ser\u00e1n publicadas aqu\u00ed mismo, siendo responsabilidad del usuario revisarlas peri\u00f3dicamente.<\/p>\t\t\t\t\t\t\t\t<\/div>\n\t\t\t\t<\/div>\n\t\t\t\t<div class=\"elementor-element elementor-element-7a14fda elementor-widget elementor-widget-heading\" data-id=\"7a14fda\" data-element_type=\"widget\" data-e-type=\"widget\" data-widget_type=\"heading.default\">\n\t\t\t\t<div class=\"elementor-widget-container\">\n\t\t\t\t\t<h2 class=\"elementor-heading-title elementor-size-default\">10. Legislaci\u00f3n aplicable y jurisdicci\u00f3n<\/h2>\t\t\t\t<\/div>\n\t\t\t\t<\/div>\n\t\t\t\t<div class=\"elementor-element elementor-element-4269100 elementor-widget__width-initial elementor-widget elementor-widget-text-editor\" data-id=\"4269100\" data-element_type=\"widget\" data-e-type=\"widget\" data-widget_type=\"text-editor.default\">\n\t\t\t\t<div class=\"elementor-widget-container\">\n\t\t\t\t\t\t\t\t\t<p data-start=\"4410\" data-end=\"4616\">Los presentes T\u00e9rminos se rigen por la legislaci\u00f3n espa\u00f1ola.\u00a0En caso de disputa, ambas partes se someter\u00e1n a los tribunales de <strong data-start=\"4539\" data-end=\"4563\">Inca (Illes Balears)<\/strong>, salvo normativa de consumo u otra obligaci\u00f3n legal.<\/p>\t\t\t\t\t\t\t\t<\/div>\n\t\t\t\t<\/div>\n\t\t\t\t\t<\/div>\n\t\t\t\t<\/div>\n\t\t\t\t<\/div>","protected":false},"excerpt":{"rendered":"<p>T\u00c9RMINOS &amp; CONDICIONES Bienvenido\/a al sitio web arromPSICOLOGIA (www.arrompsicologia.com), cuyo titular es Margalida Arrom Coll\u00a0y domicilio profesional en Calle Comer\u00e7 4, 1\u00ba, 07300, Inca, Illes Balears (Espa\u00f1a).\u00a0El acceso, navegaci\u00f3n y uso del sitio web implican la aceptaci\u00f3n plena y sin reservas de los presentes T\u00e9rminos y Condiciones. Si no est\u00e1 de acuerdo, se solicita no [&hellip;]<\/p>\n","protected":false},"author":2,"featured_media":0,"parent":0,"menu_order":0,"comment_status":"closed","ping_status":"closed","template":"","meta":{"footnotes":""},"class_list":["post-1065","page","type-page","status-publish","hentry"],"yoast_head":"<!-- This site is optimized with the Yoast SEO plugin v27.4 - https:\/\/yoast.com\/product\/yoast-seo-wordpress\/ -->\n<title>T\u00e9rminos &amp; Condiciones | arromPSICOLOGIA<\/title>\n<meta name=\"robots\" content=\"noindex, nofollow\" \/>\n<meta property=\"og:locale\" content=\"ca_ES\" \/>\n<meta property=\"og:type\" content=\"article\" \/>\n<meta property=\"og:title\" content=\"T\u00e9rminos &amp; Condiciones | arromPSICOLOGIA\" \/>\n<meta property=\"og:description\" content=\"T\u00c9RMINOS &amp; CONDICIONES Bienvenido\/a al sitio web arromPSICOLOGIA (www.arrompsicologia.com), cuyo titular es Margalida Arrom Coll\u00a0y domicilio profesional en Calle Comer\u00e7 4, 1\u00ba, 07300, Inca, Illes Balears (Espa\u00f1a).\u00a0El acceso, navegaci\u00f3n y uso del sitio web implican la aceptaci\u00f3n plena y sin reservas de los presentes T\u00e9rminos y Condiciones. Si no est\u00e1 de acuerdo, se solicita no [&hellip;]\" \/>\n<meta property=\"og:url\" content=\"https:\/\/www.arrompsicologia.com\/ca\/terminos-condiciones\/\" \/>\n<meta property=\"og:site_name\" content=\"arromPSICOLOGIA\" \/>\n<meta property=\"article:publisher\" content=\"https:\/\/www.facebook.com\/arromPSICOLOGIA\/?locale=es_ES\" \/>\n<meta property=\"article:modified_time\" content=\"2026-02-22T08:56:22+00:00\" \/>\n<meta name=\"twitter:card\" content=\"summary_large_image\" \/>\n<meta name=\"twitter:label1\" content=\"Temps estimat de lectura\" \/>\n\t<meta name=\"twitter:data1\" content=\"3 minuts\" \/>\n<script type=\"application\/ld+json\" class=\"yoast-schema-graph\">{\"@context\":\"https:\\\/\\\/schema.org\",\"@graph\":[{\"@type\":\"WebPage\",\"@id\":\"https:\\\/\\\/www.arrompsicologia.com\\\/terminos-condiciones\\\/\",\"url\":\"https:\\\/\\\/www.arrompsicologia.com\\\/terminos-condiciones\\\/\",\"name\":\"T\u00e9rminos &amp; Condiciones | arromPSICOLOGIA\",\"isPartOf\":{\"@id\":\"https:\\\/\\\/www.arrompsicologia.com\\\/#website\"},\"datePublished\":\"2025-12-06T16:18:44+00:00\",\"dateModified\":\"2026-02-22T08:56:22+00:00\",\"breadcrumb\":{\"@id\":\"https:\\\/\\\/www.arrompsicologia.com\\\/terminos-condiciones\\\/#breadcrumb\"},\"inLanguage\":\"ca\",\"potentialAction\":[{\"@type\":\"ReadAction\",\"target\":[\"https:\\\/\\\/www.arrompsicologia.com\\\/terminos-condiciones\\\/\"]}]},{\"@type\":\"BreadcrumbList\",\"@id\":\"https:\\\/\\\/www.arrompsicologia.com\\\/terminos-condiciones\\\/#breadcrumb\",\"itemListElement\":[{\"@type\":\"ListItem\",\"position\":1,\"name\":\"Portada\",\"item\":\"https:\\\/\\\/www.arrompsicologia.com\\\/\"},{\"@type\":\"ListItem\",\"position\":2,\"name\":\"T\u00e9rminos &amp; Condiciones\"}]},{\"@type\":\"WebSite\",\"@id\":\"https:\\\/\\\/www.arrompsicologia.com\\\/#website\",\"url\":\"https:\\\/\\\/www.arrompsicologia.com\\\/\",\"name\":\"arromPSICOLOGIA\",\"description\":\"ArromPSICOLOGIA ofrece servicios en Inca de evaluaci\u00f3n, diagn\u00f3stico y tratamiento para ayudar a las personas a superar dificultades emocionales y mentales. Contamos con un equipo de profesionales dedicados a brindar terapia infantojuvenil, adultos, de pareja y familiar, as\u00ed como talleres de crecimiento personal. Nuestro objetivo es acompa\u00f1arte en tu camino hacia el bienestar emocional y la salud mental.\",\"publisher\":{\"@id\":\"https:\\\/\\\/www.arrompsicologia.com\\\/#organization\"},\"potentialAction\":[{\"@type\":\"SearchAction\",\"target\":{\"@type\":\"EntryPoint\",\"urlTemplate\":\"https:\\\/\\\/www.arrompsicologia.com\\\/?s={search_term_string}\"},\"query-input\":{\"@type\":\"PropertyValueSpecification\",\"valueRequired\":true,\"valueName\":\"search_term_string\"}}],\"inLanguage\":\"ca\"},{\"@type\":\"Organization\",\"@id\":\"https:\\\/\\\/www.arrompsicologia.com\\\/#organization\",\"name\":\"arromPSICOLOGIA\",\"url\":\"https:\\\/\\\/www.arrompsicologia.com\\\/\",\"logo\":{\"@type\":\"ImageObject\",\"inLanguage\":\"ca\",\"@id\":\"https:\\\/\\\/www.arrompsicologia.com\\\/#\\\/schema\\\/logo\\\/image\\\/\",\"url\":\"https:\\\/\\\/www.arrompsicologia.com\\\/wp-content\\\/uploads\\\/2025\\\/02\\\/arromPSICOLOGIA-logo-2-1.svg\",\"contentUrl\":\"https:\\\/\\\/www.arrompsicologia.com\\\/wp-content\\\/uploads\\\/2025\\\/02\\\/arromPSICOLOGIA-logo-2-1.svg\",\"width\":283,\"height\":76,\"caption\":\"arromPSICOLOGIA\"},\"image\":{\"@id\":\"https:\\\/\\\/www.arrompsicologia.com\\\/#\\\/schema\\\/logo\\\/image\\\/\"},\"sameAs\":[\"https:\\\/\\\/www.facebook.com\\\/arromPSICOLOGIA\\\/?locale=es_ES\",\"https:\\\/\\\/www.instagram.com\\\/arrompsicologia\\\/?hl=es\"]}]}<\/script>\n<!-- \/ Yoast SEO plugin. -->","yoast_head_json":{"title":"T\u00e9rminos &amp; Condiciones | arromPSICOLOGIA","robots":{"index":"noindex","follow":"nofollow"},"og_locale":"ca_ES","og_type":"article","og_title":"T\u00e9rminos &amp; Condiciones | arromPSICOLOGIA","og_description":"T\u00c9RMINOS &amp; CONDICIONES Bienvenido\/a al sitio web arromPSICOLOGIA (www.arrompsicologia.com), cuyo titular es Margalida Arrom Coll\u00a0y domicilio profesional en Calle Comer\u00e7 4, 1\u00ba, 07300, Inca, Illes Balears (Espa\u00f1a).\u00a0El acceso, navegaci\u00f3n y uso del sitio web implican la aceptaci\u00f3n plena y sin reservas de los presentes T\u00e9rminos y Condiciones. Si no est\u00e1 de acuerdo, se solicita no [&hellip;]","og_url":"https:\/\/www.arrompsicologia.com\/ca\/terminos-condiciones\/","og_site_name":"arromPSICOLOGIA","article_publisher":"https:\/\/www.facebook.com\/arromPSICOLOGIA\/?locale=es_ES","article_modified_time":"2026-02-22T08:56:22+00:00","twitter_card":"summary_large_image","twitter_misc":{"Temps estimat de lectura":"3 minuts"},"schema":{"@context":"https:\/\/schema.org","@graph":[{"@type":"WebPage","@id":"https:\/\/www.arrompsicologia.com\/terminos-condiciones\/","url":"https:\/\/www.arrompsicologia.com\/terminos-condiciones\/","name":"T\u00e9rminos &amp; Condiciones | arromPSICOLOGIA","isPartOf":{"@id":"https:\/\/www.arrompsicologia.com\/#website"},"datePublished":"2025-12-06T16:18:44+00:00","dateModified":"2026-02-22T08:56:22+00:00","breadcrumb":{"@id":"https:\/\/www.arrompsicologia.com\/terminos-condiciones\/#breadcrumb"},"inLanguage":"ca","potentialAction":[{"@type":"ReadAction","target":["https:\/\/www.arrompsicologia.com\/terminos-condiciones\/"]}]},{"@type":"BreadcrumbList","@id":"https:\/\/www.arrompsicologia.com\/terminos-condiciones\/#breadcrumb","itemListElement":[{"@type":"ListItem","position":1,"name":"Portada","item":"https:\/\/www.arrompsicologia.com\/"},{"@type":"ListItem","position":2,"name":"T\u00e9rminos &amp; Condiciones"}]},{"@type":"WebSite","@id":"https:\/\/www.arrompsicologia.com\/#website","url":"https:\/\/www.arrompsicologia.com\/","name":"Psicologia","description":"ArromPSICOLOGIA ofrece servicios en Inca de evaluaci\u00f3n, diagn\u00f3stico y tratamiento para ayudar a las personas a superar dificultades emocionales y mentales. Contamos con un equipo de profesionales dedicados a brindar terapia infantojuvenil, adultos, de pareja y familiar, as\u00ed como talleres de crecimiento personal. Nuestro objetivo es acompa\u00f1arte en tu camino hacia el bienestar emocional y la salud mental.","publisher":{"@id":"https:\/\/www.arrompsicologia.com\/#organization"},"potentialAction":[{"@type":"SearchAction","target":{"@type":"EntryPoint","urlTemplate":"https:\/\/www.arrompsicologia.com\/?s={search_term_string}"},"query-input":{"@type":"PropertyValueSpecification","valueRequired":true,"valueName":"search_term_string"}}],"inLanguage":"ca"},{"@type":"Organization","@id":"https:\/\/www.arrompsicologia.com\/#organization","name":"Psicologia","url":"https:\/\/www.arrompsicologia.com\/","logo":{"@type":"ImageObject","inLanguage":"ca","@id":"https:\/\/www.arrompsicologia.com\/#\/schema\/logo\/image\/","url":"https:\/\/www.arrompsicologia.com\/wp-content\/uploads\/2025\/02\/arromPSICOLOGIA-logo-2-1.svg","contentUrl":"https:\/\/www.arrompsicologia.com\/wp-content\/uploads\/2025\/02\/arromPSICOLOGIA-logo-2-1.svg","width":283,"height":76,"caption":"arromPSICOLOGIA"},"image":{"@id":"https:\/\/www.arrompsicologia.com\/#\/schema\/logo\/image\/"},"sameAs":["https:\/\/www.facebook.com\/arromPSICOLOGIA\/?locale=es_ES","https:\/\/www.instagram.com\/arrompsicologia\/?hl=es"]}]}},"_links":{"self":[{"href":"https:\/\/www.arrompsicologia.com\/ca\/wp-json\/wp\/v2\/pages\/1065","targetHints":{"allow":["GET"]}}],"collection":[{"href":"https:\/\/www.arrompsicologia.com\/ca\/wp-json\/wp\/v2\/pages"}],"about":[{"href":"https:\/\/www.arrompsicologia.com\/ca\/wp-json\/wp\/v2\/types\/page"}],"author":[{"embeddable":true,"href":"https:\/\/www.arrompsicologia.com\/ca\/wp-json\/wp\/v2\/users\/2"}],"replies":[{"embeddable":true,"href":"https:\/\/www.arrompsicologia.com\/ca\/wp-json\/wp\/v2\/comments?post=1065"}],"version-history":[{"count":28,"href":"https:\/\/www.arrompsicologia.com\/ca\/wp-json\/wp\/v2\/pages\/1065\/revisions"}],"predecessor-version":[{"id":1711,"href":"https:\/\/www.arrompsicologia.com\/ca\/wp-json\/wp\/v2\/pages\/1065\/revisions\/1711"}],"wp:attachment":[{"href":"https:\/\/www.arrompsicologia.com\/ca\/wp-json\/wp\/v2\/media?parent=1065"}],"curies":[{"name":"wp","href":"https:\/\/api.w.org\/{rel}","templated":true}]}}