{"id":124,"date":"2025-02-16T12:46:57","date_gmt":"2025-02-16T11:46:57","guid":{"rendered":"http:\/\/localhost:8080\/?page_id=124"},"modified":"2026-02-22T09:53:45","modified_gmt":"2026-02-22T08:53:45","slug":"sobre-mi","status":"publish","type":"page","link":"https:\/\/www.arrompsicologia.com\/ca\/sobre-mi\/","title":{"rendered":"Sobre mi"},"content":{"rendered":"<div data-elementor-type=\"wp-page\" data-elementor-id=\"124\" class=\"elementor elementor-124\" data-elementor-post-type=\"page\">\n\t\t\t\t<div class=\"elementor-element elementor-element-7706cab e-flex e-con-boxed e-con e-parent\" data-id=\"7706cab\" data-element_type=\"container\" data-e-type=\"container\">\n\t\t\t\t\t<div class=\"e-con-inner\">\n\t\t<div class=\"elementor-element elementor-element-8ba37d1 e-con-full e-flex e-con e-child\" data-id=\"8ba37d1\" data-element_type=\"container\" data-e-type=\"container\">\n\t\t\t\t<div class=\"elementor-element elementor-element-5b32291 elementor-widget elementor-widget-image\" data-id=\"5b32291\" data-element_type=\"widget\" data-e-type=\"widget\" data-widget_type=\"image.default\">\n\t\t\t\t<div class=\"elementor-widget-container\">\n\t\t\t\t\t\t\t\t\t\t\t\t\t\t\t<img fetchpriority=\"high\" decoding=\"async\" width=\"768\" height=\"1024\" src=\"https:\/\/www.arrompsicologia.com\/wp-content\/uploads\/2025\/11\/7be7b0cc-2653-4d74-aa87-7f5d02a9563a-1-768x1024.jpg\" class=\"attachment-large size-large wp-image-380\" alt=\"Margalida Arrom psicologa en arromPSICOLOGIA gabinete de psicolog\u00eda Inca\" srcset=\"https:\/\/www.arrompsicologia.com\/wp-content\/uploads\/2025\/11\/7be7b0cc-2653-4d74-aa87-7f5d02a9563a-1-768x1024.jpg 768w, https:\/\/www.arrompsicologia.com\/wp-content\/uploads\/2025\/11\/7be7b0cc-2653-4d74-aa87-7f5d02a9563a-1-225x300.jpg 225w, https:\/\/www.arrompsicologia.com\/wp-content\/uploads\/2025\/11\/7be7b0cc-2653-4d74-aa87-7f5d02a9563a-1-1152x1536.jpg 1152w, https:\/\/www.arrompsicologia.com\/wp-content\/uploads\/2025\/11\/7be7b0cc-2653-4d74-aa87-7f5d02a9563a-1.jpg 1500w\" sizes=\"(max-width: 768px) 100vw, 768px\" \/>\t\t\t\t\t\t\t\t\t\t\t\t\t\t\t<\/div>\n\t\t\t\t<\/div>\n\t\t\t\t<\/div>\n\t\t<div class=\"elementor-element elementor-element-9ca03ec e-con-full e-flex e-con e-child\" data-id=\"9ca03ec\" data-element_type=\"container\" data-e-type=\"container\">\n\t\t\t\t<div class=\"elementor-element elementor-element-1797999 elementor-widget elementor-widget-heading\" data-id=\"1797999\" data-element_type=\"widget\" data-e-type=\"widget\" data-widget_type=\"heading.default\">\n\t\t\t\t<div class=\"elementor-widget-container\">\n\t\t\t\t\t<h2 class=\"elementor-heading-title elementor-size-default\">SOBRE MI<\/h2>\t\t\t\t<\/div>\n\t\t\t\t<\/div>\n\t\t\t\t<div class=\"elementor-element elementor-element-ee1ef22 elementor-widget elementor-widget-heading\" data-id=\"ee1ef22\" data-element_type=\"widget\" data-e-type=\"widget\" data-widget_type=\"heading.default\">\n\t\t\t\t<div class=\"elementor-widget-container\">\n\t\t\t\t\t<h2 class=\"elementor-heading-title elementor-size-default\">FORMACI\u00d3 ACAD\u00c8MICA<\/h2>\t\t\t\t<\/div>\n\t\t\t\t<\/div>\n\t\t\t\t<div class=\"elementor-element elementor-element-a771e8b elementor-widget elementor-widget-text-editor\" data-id=\"a771e8b\" data-element_type=\"widget\" data-e-type=\"widget\" data-widget_type=\"text-editor.default\">\n\t\t\t\t<div class=\"elementor-widget-container\">\n\t\t\t\t\t\t\t\t\t<ul><li><p class=\"font_8\">Graduada en Psicologia<\/p><\/li><li><p class=\"font_8\">M\u00e0ster Universitari Psic\u00f2loga General Sanit\u00e0ria.<\/p><\/li><li><p class=\"font_8\">M\u00e0ster Universitari en Neuropsicologia.<\/p><\/li><li><p class=\"font_8\">M\u00e0ster Universitari en Criminologia: Delinq\u00fc\u00e8ncia i Victimologia.<\/p><\/li><li><p class=\"font_8\">M\u00e0ster Universitari en Formaci\u00f3 del Professorat d'Educaci\u00f3 Secund\u00e0ria Obligat\u00f2ria i Batxillerat, Formaci\u00f3 Professional, Ensenyaments d'Idiomes i Ensenyaments Esportius<\/p><\/li><\/ul>\t\t\t\t\t\t\t\t<\/div>\n\t\t\t\t<\/div>\n\t\t\t\t<div class=\"elementor-element elementor-element-cf70050 elementor-widget elementor-widget-heading\" data-id=\"cf70050\" data-element_type=\"widget\" data-e-type=\"widget\" data-widget_type=\"heading.default\">\n\t\t\t\t<div class=\"elementor-widget-container\">\n\t\t\t\t\t<h2 class=\"elementor-heading-title elementor-size-default\">EXPERI\u00c8NCIA PROFESSIONAL\n<\/h2>\t\t\t\t<\/div>\n\t\t\t\t<\/div>\n\t\t\t\t<div class=\"elementor-element elementor-element-dc30fd6 elementor-widget elementor-widget-text-editor\" data-id=\"dc30fd6\" data-element_type=\"widget\" data-e-type=\"widget\" data-widget_type=\"text-editor.default\">\n\t\t\t\t<div class=\"elementor-widget-container\">\n\t\t\t\t\t\t\t\t\t<ul class=\"font_8\"><li><p class=\"font_8\">Col\u00b7laboradora al Departament de Psicologia de la Universitat de les Illes Balears, per a l'avaluaci\u00f3 del TDAH.\u00a0<\/p><\/li><li><p class=\"font_8\">Psic\u00f2loga a Resid\u00e8ncia Santanyi.<\/p><\/li><li><p class=\"font_8\">Psic\u00f2loga infantil i adolescent a Mesalut Integral (Manacor).<\/p><\/li><li><p class=\"font_8\">Psic\u00f2loga Infanto-Juvenil a Emocionalment Psicologia (Palma de Mallorca).<\/p><\/li><\/ul>\t\t\t\t\t\t\t\t<\/div>\n\t\t\t\t<\/div>\n\t\t\t\t<div class=\"elementor-element elementor-element-aee18d7 elementor-widget elementor-widget-heading\" data-id=\"aee18d7\" data-element_type=\"widget\" data-e-type=\"widget\" data-widget_type=\"heading.default\">\n\t\t\t\t<div class=\"elementor-widget-container\">\n\t\t\t\t\t<h2 class=\"elementor-heading-title elementor-size-default\">CURSOS I SEMINARIS<\/h2>\t\t\t\t<\/div>\n\t\t\t\t<\/div>\n\t\t\t\t<div class=\"elementor-element elementor-element-3b8fb49 elementor-widget elementor-widget-text-editor\" data-id=\"3b8fb49\" data-element_type=\"widget\" data-e-type=\"widget\" data-widget_type=\"text-editor.default\">\n\t\t\t\t<div class=\"elementor-widget-container\">\n\t\t\t\t\t\t\t\t\t<ul><li><p class=\"font_8\">Curs Professional en T\u00e8cniques de Neurofeedback, M\u00f2dul I i M\u00f2dul II, 2018.<\/p><\/li><li><p class=\"font_8\">Congres Attachment and Trauma, Personality Development and Psychotherapy, Londres 2018.<\/p><\/li><li><p class=\"font_8\">Trauma, Regulaci\u00f3 Emocional i Dissociaci\u00f3, Mallorca 2018.<\/p><\/li><li><p class=\"font_8\">4th International Congress Of Clinical And Health Psychology On Children And Adolescents, Mallorca 2018.<\/p><\/li><li><p class=\"font_8\">La caja de arena como herramienta terap\u00e9utica, Mallorca 2019.<\/p><\/li><li><p class=\"font_8\">Coherencia Card\u00edaca y Biofeedback HRV en Psicoterapia y Trauma, Mallorca 2019.<\/p><\/li><li><p class=\"font_8\">Formaci\u00f3 en EMDR, Mallorca 2020.<\/p><\/li><\/ul>\t\t\t\t\t\t\t\t<\/div>\n\t\t\t\t<\/div>\n\t\t\t\t<\/div>\n\t\t\t\t\t<\/div>\n\t\t\t\t<\/div>\n\t\t\t\t<\/div>","protected":false},"excerpt":{"rendered":"<p>SOBRE MI FORMACI\u00d3N ACAD\u00c9MICA Graduada en Psicolog\u00eda M\u00e1ster Universitario Psic\u00f3loga General Sanitaria. M\u00e1ster Universitario en Neuropsicolog\u00eda. M\u00e1ster Universitario en Criminolog\u00eda: Delincuencia y Victimolog\u00eda. M\u00e1ster Universitario en Formaci\u00f3n del Profesorado de Educaci\u00f3n Secundaria Obligatoria y Bachillerato, Formaci\u00f3n Profesional, Ense\u00f1anzas de Idiomas y Ense\u00f1anzas Deportivas EXPERIENCIA PROFESIONAL\u200b Colaboradora en el Departamento de Psicolog\u00eda de la Universidad de [&hellip;]<\/p>\n","protected":false},"author":2,"featured_media":0,"parent":0,"menu_order":0,"comment_status":"closed","ping_status":"closed","template":"","meta":{"footnotes":""},"class_list":["post-124","page","type-page","status-publish","hentry"],"yoast_head":"<!-- This site is optimized with the Yoast SEO plugin v27.4 - https:\/\/yoast.com\/product\/yoast-seo-wordpress\/ -->\n<title>Margalida Arrom Coll | Psic\u00f3loga en Inca | arromPSICOLOGIA<\/title>\n<meta name=\"description\" content=\"Margarida Arrom Coll, psic\u00f3loga en Inca, ofrece atenci\u00f3n psicol\u00f3gica para ni\u00f1os, adolescentes y adultos con dificultades emocionales, problemas de ansiedad o autoestima.\" \/>\n<meta name=\"robots\" content=\"index, follow, max-snippet:-1, max-image-preview:large, max-video-preview:-1\" \/>\n<link rel=\"canonical\" href=\"https:\/\/www.arrompsicologia.com\/ca\/sobre-mi\/\" \/>\n<meta property=\"og:locale\" content=\"ca_ES\" \/>\n<meta property=\"og:type\" content=\"article\" \/>\n<meta property=\"og:title\" content=\"Margalida Arrom Coll | Psic\u00f3loga en Inca | arromPSICOLOGIA\" \/>\n<meta property=\"og:description\" content=\"Margarida Arrom Coll, psic\u00f3loga en Inca, ofrece atenci\u00f3n psicol\u00f3gica para ni\u00f1os, adolescentes y adultos con dificultades emocionales, problemas de ansiedad o autoestima.\" \/>\n<meta property=\"og:url\" content=\"https:\/\/www.arrompsicologia.com\/ca\/sobre-mi\/\" \/>\n<meta property=\"og:site_name\" content=\"arromPSICOLOGIA\" \/>\n<meta property=\"article:publisher\" content=\"https:\/\/www.facebook.com\/arromPSICOLOGIA\/?locale=es_ES\" \/>\n<meta property=\"article:modified_time\" content=\"2026-02-22T08:53:45+00:00\" \/>\n<meta property=\"og:image\" content=\"https:\/\/www.arrompsicologia.com\/wp-content\/uploads\/2025\/11\/7be7b0cc-2653-4d74-aa87-7f5d02a9563a-1.jpg\" \/>\n\t<meta property=\"og:image:width\" content=\"1500\" \/>\n\t<meta property=\"og:image:height\" content=\"2000\" \/>\n\t<meta property=\"og:image:type\" content=\"image\/jpeg\" \/>\n<meta name=\"twitter:card\" content=\"summary_large_image\" \/>\n<meta name=\"twitter:label1\" content=\"Temps estimat de lectura\" \/>\n\t<meta name=\"twitter:data1\" content=\"1 minut\" \/>\n<script type=\"application\/ld+json\" class=\"yoast-schema-graph\">{\"@context\":\"https:\\\/\\\/schema.org\",\"@graph\":[{\"@type\":[\"WebPage\",\"MedicalWebPage\"],\"@id\":\"https:\\\/\\\/www.arrompsicologia.com\\\/sobre-mi\\\/\",\"url\":\"https:\\\/\\\/www.arrompsicologia.com\\\/sobre-mi\\\/\",\"name\":\"Margalida Arrom Coll | Psic\u00f3loga en Inca | arromPSICOLOGIA\",\"isPartOf\":{\"@id\":\"https:\\\/\\\/www.arrompsicologia.com\\\/#website\"},\"primaryImageOfPage\":{\"@id\":\"https:\\\/\\\/www.arrompsicologia.com\\\/sobre-mi\\\/#primaryimage\"},\"image\":{\"@id\":\"https:\\\/\\\/www.arrompsicologia.com\\\/sobre-mi\\\/#primaryimage\"},\"thumbnailUrl\":\"https:\\\/\\\/www.arrompsicologia.com\\\/wp-content\\\/uploads\\\/2025\\\/11\\\/7be7b0cc-2653-4d74-aa87-7f5d02a9563a-1-768x1024.jpg\",\"datePublished\":\"2025-02-16T11:46:57+00:00\",\"dateModified\":\"2026-02-22T08:53:45+00:00\",\"description\":\"Margarida Arrom Coll, psic\u00f3loga en Inca, ofrece atenci\u00f3n psicol\u00f3gica para ni\u00f1os, adolescentes y adultos con dificultades emocionales, problemas de ansiedad o autoestima.\",\"breadcrumb\":{\"@id\":\"https:\\\/\\\/www.arrompsicologia.com\\\/sobre-mi\\\/#breadcrumb\"},\"inLanguage\":\"ca\",\"potentialAction\":[{\"@type\":\"ReadAction\",\"target\":[\"https:\\\/\\\/www.arrompsicologia.com\\\/sobre-mi\\\/\"]}]},{\"@type\":\"ImageObject\",\"inLanguage\":\"ca\",\"@id\":\"https:\\\/\\\/www.arrompsicologia.com\\\/sobre-mi\\\/#primaryimage\",\"url\":\"https:\\\/\\\/www.arrompsicologia.com\\\/wp-content\\\/uploads\\\/2025\\\/11\\\/7be7b0cc-2653-4d74-aa87-7f5d02a9563a-1-768x1024.jpg\",\"contentUrl\":\"https:\\\/\\\/www.arrompsicologia.com\\\/wp-content\\\/uploads\\\/2025\\\/11\\\/7be7b0cc-2653-4d74-aa87-7f5d02a9563a-1-768x1024.jpg\"},{\"@type\":\"BreadcrumbList\",\"@id\":\"https:\\\/\\\/www.arrompsicologia.com\\\/sobre-mi\\\/#breadcrumb\",\"itemListElement\":[{\"@type\":\"ListItem\",\"position\":1,\"name\":\"Portada\",\"item\":\"https:\\\/\\\/www.arrompsicologia.com\\\/\"},{\"@type\":\"ListItem\",\"position\":2,\"name\":\"Sobre mi\"}]},{\"@type\":\"WebSite\",\"@id\":\"https:\\\/\\\/www.arrompsicologia.com\\\/#website\",\"url\":\"https:\\\/\\\/www.arrompsicologia.com\\\/\",\"name\":\"arromPSICOLOGIA\",\"description\":\"ArromPSICOLOGIA ofrece servicios en Inca de evaluaci\u00f3n, diagn\u00f3stico y tratamiento para ayudar a las personas a superar dificultades emocionales y mentales. Contamos con un equipo de profesionales dedicados a brindar terapia infantojuvenil, adultos, de pareja y familiar, as\u00ed como talleres de crecimiento personal. Nuestro objetivo es acompa\u00f1arte en tu camino hacia el bienestar emocional y la salud mental.\",\"publisher\":{\"@id\":\"https:\\\/\\\/www.arrompsicologia.com\\\/#organization\"},\"potentialAction\":[{\"@type\":\"SearchAction\",\"target\":{\"@type\":\"EntryPoint\",\"urlTemplate\":\"https:\\\/\\\/www.arrompsicologia.com\\\/?s={search_term_string}\"},\"query-input\":{\"@type\":\"PropertyValueSpecification\",\"valueRequired\":true,\"valueName\":\"search_term_string\"}}],\"inLanguage\":\"ca\"},{\"@type\":\"Organization\",\"@id\":\"https:\\\/\\\/www.arrompsicologia.com\\\/#organization\",\"name\":\"arromPSICOLOGIA\",\"url\":\"https:\\\/\\\/www.arrompsicologia.com\\\/\",\"logo\":{\"@type\":\"ImageObject\",\"inLanguage\":\"ca\",\"@id\":\"https:\\\/\\\/www.arrompsicologia.com\\\/#\\\/schema\\\/logo\\\/image\\\/\",\"url\":\"https:\\\/\\\/www.arrompsicologia.com\\\/wp-content\\\/uploads\\\/2025\\\/02\\\/arromPSICOLOGIA-logo-2-1.svg\",\"contentUrl\":\"https:\\\/\\\/www.arrompsicologia.com\\\/wp-content\\\/uploads\\\/2025\\\/02\\\/arromPSICOLOGIA-logo-2-1.svg\",\"width\":283,\"height\":76,\"caption\":\"arromPSICOLOGIA\"},\"image\":{\"@id\":\"https:\\\/\\\/www.arrompsicologia.com\\\/#\\\/schema\\\/logo\\\/image\\\/\"},\"sameAs\":[\"https:\\\/\\\/www.facebook.com\\\/arromPSICOLOGIA\\\/?locale=es_ES\",\"https:\\\/\\\/www.instagram.com\\\/arrompsicologia\\\/?hl=es\"]}]}<\/script>\n<!-- \/ Yoast SEO plugin. -->","yoast_head_json":{"title":"Margalida Arrom Coll | Psic\u00f3loga en Inca | arromPSICOLOGIA","description":"Margarida Arrom Coll, psic\u00f3loga en Inca, ofrece atenci\u00f3n psicol\u00f3gica para ni\u00f1os, adolescentes y adultos con dificultades emocionales, problemas de ansiedad o autoestima.","robots":{"index":"index","follow":"follow","max-snippet":"max-snippet:-1","max-image-preview":"max-image-preview:large","max-video-preview":"max-video-preview:-1"},"canonical":"https:\/\/www.arrompsicologia.com\/ca\/sobre-mi\/","og_locale":"ca_ES","og_type":"article","og_title":"Margalida Arrom Coll | Psic\u00f3loga en Inca | arromPSICOLOGIA","og_description":"Margarida Arrom Coll, psic\u00f3loga en Inca, ofrece atenci\u00f3n psicol\u00f3gica para ni\u00f1os, adolescentes y adultos con dificultades emocionales, problemas de ansiedad o autoestima.","og_url":"https:\/\/www.arrompsicologia.com\/ca\/sobre-mi\/","og_site_name":"arromPSICOLOGIA","article_publisher":"https:\/\/www.facebook.com\/arromPSICOLOGIA\/?locale=es_ES","article_modified_time":"2026-02-22T08:53:45+00:00","og_image":[{"width":1500,"height":2000,"url":"https:\/\/www.arrompsicologia.com\/wp-content\/uploads\/2025\/11\/7be7b0cc-2653-4d74-aa87-7f5d02a9563a-1.jpg","type":"image\/jpeg"}],"twitter_card":"summary_large_image","twitter_misc":{"Temps estimat de lectura":"1 minut"},"schema":{"@context":"https:\/\/schema.org","@graph":[{"@type":["WebPage","MedicalWebPage"],"@id":"https:\/\/www.arrompsicologia.com\/sobre-mi\/","url":"https:\/\/www.arrompsicologia.com\/sobre-mi\/","name":"Margalida Arrom Coll | Psic\u00f3loga en Inca | arromPSICOLOGIA","isPartOf":{"@id":"https:\/\/www.arrompsicologia.com\/#website"},"primaryImageOfPage":{"@id":"https:\/\/www.arrompsicologia.com\/sobre-mi\/#primaryimage"},"image":{"@id":"https:\/\/www.arrompsicologia.com\/sobre-mi\/#primaryimage"},"thumbnailUrl":"https:\/\/www.arrompsicologia.com\/wp-content\/uploads\/2025\/11\/7be7b0cc-2653-4d74-aa87-7f5d02a9563a-1-768x1024.jpg","datePublished":"2025-02-16T11:46:57+00:00","dateModified":"2026-02-22T08:53:45+00:00","description":"Margarida Arrom Coll, psic\u00f3loga en Inca, ofrece atenci\u00f3n psicol\u00f3gica para ni\u00f1os, adolescentes y adultos con dificultades emocionales, problemas de ansiedad o autoestima.","breadcrumb":{"@id":"https:\/\/www.arrompsicologia.com\/sobre-mi\/#breadcrumb"},"inLanguage":"ca","potentialAction":[{"@type":"ReadAction","target":["https:\/\/www.arrompsicologia.com\/sobre-mi\/"]}]},{"@type":"ImageObject","inLanguage":"ca","@id":"https:\/\/www.arrompsicologia.com\/sobre-mi\/#primaryimage","url":"https:\/\/www.arrompsicologia.com\/wp-content\/uploads\/2025\/11\/7be7b0cc-2653-4d74-aa87-7f5d02a9563a-1-768x1024.jpg","contentUrl":"https:\/\/www.arrompsicologia.com\/wp-content\/uploads\/2025\/11\/7be7b0cc-2653-4d74-aa87-7f5d02a9563a-1-768x1024.jpg"},{"@type":"BreadcrumbList","@id":"https:\/\/www.arrompsicologia.com\/sobre-mi\/#breadcrumb","itemListElement":[{"@type":"ListItem","position":1,"name":"Portada","item":"https:\/\/www.arrompsicologia.com\/"},{"@type":"ListItem","position":2,"name":"Sobre mi"}]},{"@type":"WebSite","@id":"https:\/\/www.arrompsicologia.com\/#website","url":"https:\/\/www.arrompsicologia.com\/","name":"Psicologia","description":"ArromPSICOLOGIA ofrece servicios en Inca de evaluaci\u00f3n, diagn\u00f3stico y tratamiento para ayudar a las personas a superar dificultades emocionales y mentales. Contamos con un equipo de profesionales dedicados a brindar terapia infantojuvenil, adultos, de pareja y familiar, as\u00ed como talleres de crecimiento personal. Nuestro objetivo es acompa\u00f1arte en tu camino hacia el bienestar emocional y la salud mental.","publisher":{"@id":"https:\/\/www.arrompsicologia.com\/#organization"},"potentialAction":[{"@type":"SearchAction","target":{"@type":"EntryPoint","urlTemplate":"https:\/\/www.arrompsicologia.com\/?s={search_term_string}"},"query-input":{"@type":"PropertyValueSpecification","valueRequired":true,"valueName":"search_term_string"}}],"inLanguage":"ca"},{"@type":"Organization","@id":"https:\/\/www.arrompsicologia.com\/#organization","name":"Psicologia","url":"https:\/\/www.arrompsicologia.com\/","logo":{"@type":"ImageObject","inLanguage":"ca","@id":"https:\/\/www.arrompsicologia.com\/#\/schema\/logo\/image\/","url":"https:\/\/www.arrompsicologia.com\/wp-content\/uploads\/2025\/02\/arromPSICOLOGIA-logo-2-1.svg","contentUrl":"https:\/\/www.arrompsicologia.com\/wp-content\/uploads\/2025\/02\/arromPSICOLOGIA-logo-2-1.svg","width":283,"height":76,"caption":"arromPSICOLOGIA"},"image":{"@id":"https:\/\/www.arrompsicologia.com\/#\/schema\/logo\/image\/"},"sameAs":["https:\/\/www.facebook.com\/arromPSICOLOGIA\/?locale=es_ES","https:\/\/www.instagram.com\/arrompsicologia\/?hl=es"]}]}},"_links":{"self":[{"href":"https:\/\/www.arrompsicologia.com\/ca\/wp-json\/wp\/v2\/pages\/124","targetHints":{"allow":["GET"]}}],"collection":[{"href":"https:\/\/www.arrompsicologia.com\/ca\/wp-json\/wp\/v2\/pages"}],"about":[{"href":"https:\/\/www.arrompsicologia.com\/ca\/wp-json\/wp\/v2\/types\/page"}],"author":[{"embeddable":true,"href":"https:\/\/www.arrompsicologia.com\/ca\/wp-json\/wp\/v2\/users\/2"}],"replies":[{"embeddable":true,"href":"https:\/\/www.arrompsicologia.com\/ca\/wp-json\/wp\/v2\/comments?post=124"}],"version-history":[{"count":74,"href":"https:\/\/www.arrompsicologia.com\/ca\/wp-json\/wp\/v2\/pages\/124\/revisions"}],"predecessor-version":[{"id":1705,"href":"https:\/\/www.arrompsicologia.com\/ca\/wp-json\/wp\/v2\/pages\/124\/revisions\/1705"}],"wp:attachment":[{"href":"https:\/\/www.arrompsicologia.com\/ca\/wp-json\/wp\/v2\/media?parent=124"}],"curies":[{"name":"wp","href":"https:\/\/api.w.org\/{rel}","templated":true}]}}