{"id":129,"date":"2025-02-16T12:48:11","date_gmt":"2025-02-16T11:48:11","guid":{"rendered":"http:\/\/localhost:8080\/?page_id=129"},"modified":"2026-02-22T09:52:56","modified_gmt":"2026-02-22T08:52:56","slug":"servicios-y-precios","status":"publish","type":"page","link":"https:\/\/www.arrompsicologia.com\/ca\/servicios-y-precios\/","title":{"rendered":"Serveis i preus"},"content":{"rendered":"<div data-elementor-type=\"wp-page\" data-elementor-id=\"129\" class=\"elementor elementor-129\" data-elementor-post-type=\"page\">\n\t\t\t\t<div class=\"elementor-element elementor-element-0d059b5 e-flex e-con-boxed e-con e-parent\" data-id=\"0d059b5\" data-element_type=\"container\" data-e-type=\"container\">\n\t\t\t\t\t<div class=\"e-con-inner\">\n\t\t\t\t<div class=\"elementor-element elementor-element-a8062da elementor-widget elementor-widget-heading\" data-id=\"a8062da\" data-element_type=\"widget\" data-e-type=\"widget\" data-widget_type=\"heading.default\">\n\t\t\t\t<div class=\"elementor-widget-container\">\n\t\t\t\t\t<h2 class=\"elementor-heading-title elementor-size-default\">SERVEIS I PREUS<\/h2>\t\t\t\t<\/div>\n\t\t\t\t<\/div>\n\t\t\t\t\t<\/div>\n\t\t\t\t<\/div>\n\t\t<div class=\"elementor-element elementor-element-53dbc50 e-grid e-con-boxed e-con e-parent\" data-id=\"53dbc50\" data-element_type=\"container\" data-e-type=\"container\">\n\t\t\t\t\t<div class=\"e-con-inner\">\n\t\t<div class=\"elementor-element elementor-element-abed544 e-con-full e-flex e-con e-child\" data-id=\"abed544\" data-element_type=\"container\" data-e-type=\"container\" data-settings=\"{&quot;background_background&quot;:&quot;classic&quot;}\">\n\t\t\t\t<div class=\"elementor-element elementor-element-0b2b845 elementor-widget elementor-widget-heading\" data-id=\"0b2b845\" data-element_type=\"widget\" data-e-type=\"widget\" data-widget_type=\"heading.default\">\n\t\t\t\t<div class=\"elementor-widget-container\">\n\t\t\t\t\t<h2 class=\"elementor-heading-title elementor-size-default\">TER\u00c0PIA INDIVIDUAL<\/h2>\t\t\t\t<\/div>\n\t\t\t\t<\/div>\n\t\t\t\t<div class=\"elementor-element elementor-element-61df1bd elementor-widget elementor-widget-text-editor\" data-id=\"61df1bd\" data-element_type=\"widget\" data-e-type=\"widget\" data-widget_type=\"text-editor.default\">\n\t\t\t\t<div class=\"elementor-widget-container\">\n\t\t\t\t\t\t\t\t\t<p><span class=\"wixui-rich-text__text\">Sessi\u00f3 presencial on es brinda un espai per treballar de manera personalitzada la salut mental de la persona.<\/span><\/p><p><span class=\"wixui-rich-text__text\">Durada de la sessi\u00f3: 60 minuts<\/span><\/p>\t\t\t\t\t\t\t\t<\/div>\n\t\t\t\t<\/div>\n\t\t\t\t<div class=\"elementor-element elementor-element-510c760 elementor-widget elementor-widget-heading\" data-id=\"510c760\" data-element_type=\"widget\" data-e-type=\"widget\" data-widget_type=\"heading.default\">\n\t\t\t\t<div class=\"elementor-widget-container\">\n\t\t\t\t\t<h2 class=\"elementor-heading-title elementor-size-default\">50\u20ac\/sessi\u00f3<\/h2>\t\t\t\t<\/div>\n\t\t\t\t<\/div>\n\t\t\t\t<\/div>\n\t\t<div class=\"elementor-element elementor-element-68f86a7 e-con-full e-flex e-con e-child\" data-id=\"68f86a7\" data-element_type=\"container\" data-e-type=\"container\" data-settings=\"{&quot;background_background&quot;:&quot;classic&quot;}\">\n\t\t\t\t<div class=\"elementor-element elementor-element-130f1b7 elementor-widget elementor-widget-heading\" data-id=\"130f1b7\" data-element_type=\"widget\" data-e-type=\"widget\" data-widget_type=\"heading.default\">\n\t\t\t\t<div class=\"elementor-widget-container\">\n\t\t\t\t\t<h2 class=\"elementor-heading-title elementor-size-default\">TER\u00c0PIA EMDR<\/h2>\t\t\t\t<\/div>\n\t\t\t\t<\/div>\n\t\t\t\t<div class=\"elementor-element elementor-element-8e6985b elementor-widget elementor-widget-text-editor\" data-id=\"8e6985b\" data-element_type=\"widget\" data-e-type=\"widget\" data-widget_type=\"text-editor.default\">\n\t\t\t\t<div class=\"elementor-widget-container\">\n\t\t\t\t\t\t\t\t\t<p>Un abordatge efica\u00e7 per al tractament dexperi\u00e8ncies traum\u00e0tiques, ansietat i bloqueig.<\/p><p><span class=\"wixui-rich-text__text\">Durada de la sessi\u00f3: 60 minuts<\/span><\/p>\t\t\t\t\t\t\t\t<\/div>\n\t\t\t\t<\/div>\n\t\t\t\t<div class=\"elementor-element elementor-element-4faed82 elementor-widget elementor-widget-heading\" data-id=\"4faed82\" data-element_type=\"widget\" data-e-type=\"widget\" data-widget_type=\"heading.default\">\n\t\t\t\t<div class=\"elementor-widget-container\">\n\t\t\t\t\t<h2 class=\"elementor-heading-title elementor-size-default\">50\u20ac\/sessi\u00f3<\/h2>\t\t\t\t<\/div>\n\t\t\t\t<\/div>\n\t\t\t\t<\/div>\n\t\t<div class=\"elementor-element elementor-element-9e2cc38 e-con-full e-flex e-con e-child\" data-id=\"9e2cc38\" data-element_type=\"container\" data-e-type=\"container\" data-settings=\"{&quot;background_background&quot;:&quot;classic&quot;}\">\n\t\t\t\t<div class=\"elementor-element elementor-element-7d140bf elementor-widget elementor-widget-heading\" data-id=\"7d140bf\" data-element_type=\"widget\" data-e-type=\"widget\" data-widget_type=\"heading.default\">\n\t\t\t\t<div class=\"elementor-widget-container\">\n\t\t\t\t\t<h2 class=\"elementor-heading-title elementor-size-default\">TER\u00c0PIA DE PARELLA<\/h2>\t\t\t\t<\/div>\n\t\t\t\t<\/div>\n\t\t\t\t<div class=\"elementor-element elementor-element-90e1e52 elementor-widget elementor-widget-text-editor\" data-id=\"90e1e52\" data-element_type=\"widget\" data-e-type=\"widget\" data-widget_type=\"text-editor.default\">\n\t\t\t\t<div class=\"elementor-widget-container\">\n\t\t\t\t\t\t\t\t\t<p>Sessi\u00f3 on s'ofereix un espai per abordar les preocupacions i millorar la relaci\u00f3 de parella des d'una perspectiva integradora.<\/p><p><span class=\"wixui-rich-text__text\">Durada de la sessi\u00f3: 90 minuts<\/span><\/p>\t\t\t\t\t\t\t\t<\/div>\n\t\t\t\t<\/div>\n\t\t\t\t<div class=\"elementor-element elementor-element-0b91e9c elementor-widget elementor-widget-heading\" data-id=\"0b91e9c\" data-element_type=\"widget\" data-e-type=\"widget\" data-widget_type=\"heading.default\">\n\t\t\t\t<div class=\"elementor-widget-container\">\n\t\t\t\t\t<h2 class=\"elementor-heading-title elementor-size-default\">75\u20ac\/sessi\u00f3<\/h2>\t\t\t\t<\/div>\n\t\t\t\t<\/div>\n\t\t\t\t<\/div>\n\t\t<div class=\"elementor-element elementor-element-de88114 e-con-full e-flex e-con e-child\" data-id=\"de88114\" data-element_type=\"container\" data-e-type=\"container\" data-settings=\"{&quot;background_background&quot;:&quot;classic&quot;}\">\n\t\t\t\t<div class=\"elementor-element elementor-element-109d833 elementor-widget elementor-widget-heading\" data-id=\"109d833\" data-element_type=\"widget\" data-e-type=\"widget\" data-widget_type=\"heading.default\">\n\t\t\t\t<div class=\"elementor-widget-container\">\n\t\t\t\t\t<h2 class=\"elementor-heading-title elementor-size-default\">TER\u00c0PIA FAMILIAR<\/h2>\t\t\t\t<\/div>\n\t\t\t\t<\/div>\n\t\t\t\t<div class=\"elementor-element elementor-element-c61f484 elementor-widget elementor-widget-text-editor\" data-id=\"c61f484\" data-element_type=\"widget\" data-e-type=\"widget\" data-widget_type=\"text-editor.default\">\n\t\t\t\t<div class=\"elementor-widget-container\">\n\t\t\t\t\t\t\t\t\t<p class=\"font_8 wixui-rich-text__text\"><span class=\"wixui-rich-text__text\">Sessi\u00f3 on s'aborda la intervenci\u00f3 i el tractament de la fam\u00edlia en conjunt at\u00e8s que el seu objectiu \u00e9s modificar les din\u00e0miques relacionals interfamiliars per millorar-les i aportar benestar.<\/span><\/p><p><span class=\"wixui-rich-text__text\">Durada de la sessi\u00f3: 90 minuts<\/span><\/p>\t\t\t\t\t\t\t\t<\/div>\n\t\t\t\t<\/div>\n\t\t\t\t<div class=\"elementor-element elementor-element-477f8ae elementor-widget elementor-widget-heading\" data-id=\"477f8ae\" data-element_type=\"widget\" data-e-type=\"widget\" data-widget_type=\"heading.default\">\n\t\t\t\t<div class=\"elementor-widget-container\">\n\t\t\t\t\t<h2 class=\"elementor-heading-title elementor-size-default\">75\u20ac\/sessi\u00f3<\/h2>\t\t\t\t<\/div>\n\t\t\t\t<\/div>\n\t\t\t\t<\/div>\n\t\t<div class=\"elementor-element elementor-element-2016a4a e-con-full e-flex e-con e-child\" data-id=\"2016a4a\" data-element_type=\"container\" data-e-type=\"container\" data-settings=\"{&quot;background_background&quot;:&quot;classic&quot;}\">\n\t\t\t\t<div class=\"elementor-element elementor-element-d1eda44 elementor-widget elementor-widget-heading\" data-id=\"d1eda44\" data-element_type=\"widget\" data-e-type=\"widget\" data-widget_type=\"heading.default\">\n\t\t\t\t<div class=\"elementor-widget-container\">\n\t\t\t\t\t<h2 class=\"elementor-heading-title elementor-size-default\">INTERVENCI\u00d3 <br>NEUROPSICOL\u00d2GICA<\/h2>\t\t\t\t<\/div>\n\t\t\t\t<\/div>\n\t\t\t\t<div class=\"elementor-element elementor-element-af90f5c elementor-widget elementor-widget-text-editor\" data-id=\"af90f5c\" data-element_type=\"widget\" data-e-type=\"widget\" data-widget_type=\"text-editor.default\">\n\t\t\t\t<div class=\"elementor-widget-container\">\n\t\t\t\t\t\t\t\t\t<p class=\"font_8 wixui-rich-text__text\"><span class=\"wixui-rich-text__text\">Avaluar i rehabilitar les alteracions cognitives i funcionals produ\u00efdes en un individu per una lesi\u00f3 o una malaltia cerebral.<\/span><\/p><p><span class=\"wixui-rich-text__text\">Durada de la sessi\u00f3: 60 minuts<\/span><\/p>\t\t\t\t\t\t\t\t<\/div>\n\t\t\t\t<\/div>\n\t\t\t\t<div class=\"elementor-element elementor-element-0eb1d87 elementor-widget elementor-widget-heading\" data-id=\"0eb1d87\" data-element_type=\"widget\" data-e-type=\"widget\" data-widget_type=\"heading.default\">\n\t\t\t\t<div class=\"elementor-widget-container\">\n\t\t\t\t\t<h2 class=\"elementor-heading-title elementor-size-default\">50\u20ac\/sessi\u00f3<\/h2>\t\t\t\t<\/div>\n\t\t\t\t<\/div>\n\t\t\t\t<\/div>\n\t\t<div class=\"elementor-element elementor-element-123a5a3 e-con-full e-flex e-con e-child\" data-id=\"123a5a3\" data-element_type=\"container\" data-e-type=\"container\" data-settings=\"{&quot;background_background&quot;:&quot;classic&quot;}\">\n\t\t\t\t<div class=\"elementor-element elementor-element-c4f1e87 elementor-widget elementor-widget-heading\" data-id=\"c4f1e87\" data-element_type=\"widget\" data-e-type=\"widget\" data-widget_type=\"heading.default\">\n\t\t\t\t<div class=\"elementor-widget-container\">\n\t\t\t\t\t<h2 class=\"elementor-heading-title elementor-size-default\">T\u00c8CNIQUES D'ESTUDI<\/h2>\t\t\t\t<\/div>\n\t\t\t\t<\/div>\n\t\t\t\t<div class=\"elementor-element elementor-element-c582b40 elementor-widget elementor-widget-text-editor\" data-id=\"c582b40\" data-element_type=\"widget\" data-e-type=\"widget\" data-widget_type=\"text-editor.default\">\n\t\t\t\t<div class=\"elementor-widget-container\">\n\t\t\t\t\t\t\t\t\t<p data-start=\"215\" data-end=\"474\">Sessi\u00f3 on es proporcionen eines i estrat\u00e8gies personalitzades per millorar els h\u00e0bits destudi, lorganitzaci\u00f3, la concentraci\u00f3 i el rendiment acad\u00e8mic.<\/p><p><span class=\"wixui-rich-text__text\">Durada de la sessi\u00f3: 60 minuts<\/span><\/p>\t\t\t\t\t\t\t\t<\/div>\n\t\t\t\t<\/div>\n\t\t\t\t<div class=\"elementor-element elementor-element-17df33a elementor-widget elementor-widget-heading\" data-id=\"17df33a\" data-element_type=\"widget\" data-e-type=\"widget\" data-widget_type=\"heading.default\">\n\t\t\t\t<div class=\"elementor-widget-container\">\n\t\t\t\t\t<h2 class=\"elementor-heading-title elementor-size-default\">25\u20ac\/sessi\u00f3<\/h2>\t\t\t\t<\/div>\n\t\t\t\t<\/div>\n\t\t\t\t<\/div>\n\t\t<div class=\"elementor-element elementor-element-0ead4c8 e-con-full e-flex e-con e-child\" data-id=\"0ead4c8\" data-element_type=\"container\" data-e-type=\"container\" data-settings=\"{&quot;background_background&quot;:&quot;classic&quot;}\">\n\t\t\t\t<div class=\"elementor-element elementor-element-8ad06a1 elementor-widget elementor-widget-heading\" data-id=\"8ad06a1\" data-element_type=\"widget\" data-e-type=\"widget\" data-widget_type=\"heading.default\">\n\t\t\t\t<div class=\"elementor-widget-container\">\n\t\t\t\t\t<h2 class=\"elementor-heading-title elementor-size-default\">TER\u00c0PIA ONLINE<\/h2>\t\t\t\t<\/div>\n\t\t\t\t<\/div>\n\t\t\t\t<div class=\"elementor-element elementor-element-0521822 elementor-widget elementor-widget-text-editor\" data-id=\"0521822\" data-element_type=\"widget\" data-e-type=\"widget\" data-widget_type=\"text-editor.default\">\n\t\t\t\t<div class=\"elementor-widget-container\">\n\t\t\t\t\t\t\t\t\t<p>Sessi\u00f3 en l\u00ednia on es brinda un espai per treballar de forma personalitzada la salut mental de la persona.<\/p><p><span class=\"wixui-rich-text__text\">Durada de la sessi\u00f3: 60 minuts<\/span><\/p>\t\t\t\t\t\t\t\t<\/div>\n\t\t\t\t<\/div>\n\t\t\t\t<div class=\"elementor-element elementor-element-45f0dfb elementor-widget elementor-widget-heading\" data-id=\"45f0dfb\" data-element_type=\"widget\" data-e-type=\"widget\" data-widget_type=\"heading.default\">\n\t\t\t\t<div class=\"elementor-widget-container\">\n\t\t\t\t\t<h2 class=\"elementor-heading-title elementor-size-default\">50\u20ac\/sessi\u00f3<\/h2>\t\t\t\t<\/div>\n\t\t\t\t<\/div>\n\t\t\t\t<\/div>\n\t\t<div class=\"elementor-element elementor-element-ea9e8f4 e-con-full e-flex e-con e-child\" data-id=\"ea9e8f4\" data-element_type=\"container\" data-e-type=\"container\" data-settings=\"{&quot;background_background&quot;:&quot;classic&quot;}\">\n\t\t\t\t<div class=\"elementor-element elementor-element-0152570 elementor-widget elementor-widget-heading\" data-id=\"0152570\" data-element_type=\"widget\" data-e-type=\"widget\" data-widget_type=\"heading.default\">\n\t\t\t\t<div class=\"elementor-widget-container\">\n\t\t\t\t\t<h2 class=\"elementor-heading-title elementor-size-default\">INFORME PERICIAL<br>DE FAM\u00cdLIA<\/h2>\t\t\t\t<\/div>\n\t\t\t\t<\/div>\n\t\t\t\t<div class=\"elementor-element elementor-element-ce3a02f elementor-widget elementor-widget-text-editor\" data-id=\"ce3a02f\" data-element_type=\"widget\" data-e-type=\"widget\" data-widget_type=\"text-editor.default\">\n\t\t\t\t<div class=\"elementor-widget-container\">\n\t\t\t\t\t\t\t\t\t<ul><li>Entrevistes cl\u00edniques.<\/li><li>Proves de psicodiagn\u00f2stic<\/li><li>Estudi de autos<\/li><li>Assessorament cient\u00edfic a lletrats<\/li><li>Informe pericial.<\/li><\/ul>\t\t\t\t\t\t\t\t<\/div>\n\t\t\t\t<\/div>\n\t\t\t\t<div class=\"elementor-element elementor-element-a9cfc3a elementor-widget elementor-widget-heading\" data-id=\"a9cfc3a\" data-element_type=\"widget\" data-e-type=\"widget\" data-widget_type=\"heading.default\">\n\t\t\t\t<div class=\"elementor-widget-container\">\n\t\t\t\t\t<h2 class=\"elementor-heading-title elementor-size-default\">1500\u20ac<\/h2>\t\t\t\t<\/div>\n\t\t\t\t<\/div>\n\t\t\t\t<div class=\"elementor-element elementor-element-ab79599 elementor-widget elementor-widget-text-editor\" data-id=\"ab79599\" data-element_type=\"widget\" data-e-type=\"widget\" data-widget_type=\"text-editor.default\">\n\t\t\t\t<div class=\"elementor-widget-container\">\n\t\t\t\t\t\t\t\t\t<p>Quan per a l'elaboraci\u00f3 de l'informe calgu\u00e9s valorar m\u00e9s persones:\u00a0<\/p><p style=\"text-align: center;\"><span style=\"color: #6798c0;\"><strong>300\u20ac\/persona<\/strong><\/span><\/p><p style=\"text-align: right;\">* IVA no incl\u00f2s<\/p>\t\t\t\t\t\t\t\t<\/div>\n\t\t\t\t<\/div>\n\t\t\t\t<\/div>\n\t\t\t\t\t<\/div>\n\t\t\t\t<\/div>\n\t\t\t\t<\/div>","protected":false},"excerpt":{"rendered":"<p>SERVICIOS Y PRECIOS TERAPIA INDIVIDUAL Sesi\u00f3n presencial donde se brinda un espacio para trabajar de forma personalizada la salud mental de la persona. Duraci\u00f3n de la sesi\u00f3n: 60 minutos 50\u20ac\/sesi\u00f3n TERAPIA EMDR Un abordaje eficaz para el tratamiento de experiencias traum\u00e1ticas, ansiedad y bloqueo. Duraci\u00f3n de la sesi\u00f3n: 60 minutos 50\u20ac\/sesi\u00f3n TERAPIA DE PAREJA Sesi\u00f3n [&hellip;]<\/p>\n","protected":false},"author":2,"featured_media":0,"parent":0,"menu_order":0,"comment_status":"closed","ping_status":"closed","template":"","meta":{"footnotes":""},"class_list":["post-129","page","type-page","status-publish","hentry"],"yoast_head":"<!-- This site is optimized with the Yoast SEO plugin v27.4 - https:\/\/yoast.com\/product\/yoast-seo-wordpress\/ -->\n<title>Servicios y precios | arromPSICOLOGIA<\/title>\n<meta name=\"description\" content=\"Consulta nuestros servicios de psicolog\u00eda: terapia individual, EMDR, pareja, familiar, intervenci\u00f3n neuropsicol\u00f3gica, t\u00e9cnicas de estudio e informes psicol\u00f3gicos periciales.\" \/>\n<meta name=\"robots\" content=\"index, follow, max-snippet:-1, max-image-preview:large, max-video-preview:-1\" \/>\n<link rel=\"canonical\" href=\"https:\/\/www.arrompsicologia.com\/ca\/servicios-y-precios\/\" \/>\n<meta property=\"og:locale\" content=\"ca_ES\" \/>\n<meta property=\"og:type\" content=\"article\" \/>\n<meta property=\"og:title\" content=\"Servicios y precios | arromPSICOLOGIA\" \/>\n<meta property=\"og:description\" content=\"Consulta nuestros servicios de psicolog\u00eda: terapia individual, EMDR, pareja, familiar, intervenci\u00f3n neuropsicol\u00f3gica, t\u00e9cnicas de estudio e informes psicol\u00f3gicos periciales.\" \/>\n<meta property=\"og:url\" content=\"https:\/\/www.arrompsicologia.com\/ca\/servicios-y-precios\/\" \/>\n<meta property=\"og:site_name\" content=\"arromPSICOLOGIA\" \/>\n<meta property=\"article:publisher\" content=\"https:\/\/www.facebook.com\/arromPSICOLOGIA\/?locale=es_ES\" \/>\n<meta property=\"article:modified_time\" content=\"2026-02-22T08:52:56+00:00\" \/>\n<meta name=\"twitter:card\" content=\"summary_large_image\" \/>\n<meta name=\"twitter:label1\" content=\"Temps estimat de lectura\" \/>\n\t<meta name=\"twitter:data1\" content=\"2 minuts\" \/>\n<script type=\"application\/ld+json\" class=\"yoast-schema-graph\">{\"@context\":\"https:\\\/\\\/schema.org\",\"@graph\":[{\"@type\":[\"WebPage\",\"MedicalWebPage\"],\"@id\":\"https:\\\/\\\/www.arrompsicologia.com\\\/servicios-y-precios\\\/\",\"url\":\"https:\\\/\\\/www.arrompsicologia.com\\\/servicios-y-precios\\\/\",\"name\":\"Servicios y precios | arromPSICOLOGIA\",\"isPartOf\":{\"@id\":\"https:\\\/\\\/www.arrompsicologia.com\\\/#website\"},\"datePublished\":\"2025-02-16T11:48:11+00:00\",\"dateModified\":\"2026-02-22T08:52:56+00:00\",\"description\":\"Consulta nuestros servicios de psicolog\u00eda: terapia individual, EMDR, pareja, familiar, intervenci\u00f3n neuropsicol\u00f3gica, t\u00e9cnicas de estudio e informes psicol\u00f3gicos periciales.\",\"breadcrumb\":{\"@id\":\"https:\\\/\\\/www.arrompsicologia.com\\\/servicios-y-precios\\\/#breadcrumb\"},\"inLanguage\":\"ca\",\"potentialAction\":[{\"@type\":\"ReadAction\",\"target\":[\"https:\\\/\\\/www.arrompsicologia.com\\\/servicios-y-precios\\\/\"]}]},{\"@type\":\"BreadcrumbList\",\"@id\":\"https:\\\/\\\/www.arrompsicologia.com\\\/servicios-y-precios\\\/#breadcrumb\",\"itemListElement\":[{\"@type\":\"ListItem\",\"position\":1,\"name\":\"Portada\",\"item\":\"https:\\\/\\\/www.arrompsicologia.com\\\/\"},{\"@type\":\"ListItem\",\"position\":2,\"name\":\"Servicios y precios\"}]},{\"@type\":\"WebSite\",\"@id\":\"https:\\\/\\\/www.arrompsicologia.com\\\/#website\",\"url\":\"https:\\\/\\\/www.arrompsicologia.com\\\/\",\"name\":\"arromPSICOLOGIA\",\"description\":\"ArromPSICOLOGIA ofrece servicios en Inca de evaluaci\u00f3n, diagn\u00f3stico y tratamiento para ayudar a las personas a superar dificultades emocionales y mentales. Contamos con un equipo de profesionales dedicados a brindar terapia infantojuvenil, adultos, de pareja y familiar, as\u00ed como talleres de crecimiento personal. Nuestro objetivo es acompa\u00f1arte en tu camino hacia el bienestar emocional y la salud mental.\",\"publisher\":{\"@id\":\"https:\\\/\\\/www.arrompsicologia.com\\\/#organization\"},\"potentialAction\":[{\"@type\":\"SearchAction\",\"target\":{\"@type\":\"EntryPoint\",\"urlTemplate\":\"https:\\\/\\\/www.arrompsicologia.com\\\/?s={search_term_string}\"},\"query-input\":{\"@type\":\"PropertyValueSpecification\",\"valueRequired\":true,\"valueName\":\"search_term_string\"}}],\"inLanguage\":\"ca\"},{\"@type\":\"Organization\",\"@id\":\"https:\\\/\\\/www.arrompsicologia.com\\\/#organization\",\"name\":\"arromPSICOLOGIA\",\"url\":\"https:\\\/\\\/www.arrompsicologia.com\\\/\",\"logo\":{\"@type\":\"ImageObject\",\"inLanguage\":\"ca\",\"@id\":\"https:\\\/\\\/www.arrompsicologia.com\\\/#\\\/schema\\\/logo\\\/image\\\/\",\"url\":\"https:\\\/\\\/www.arrompsicologia.com\\\/wp-content\\\/uploads\\\/2025\\\/02\\\/arromPSICOLOGIA-logo-2-1.svg\",\"contentUrl\":\"https:\\\/\\\/www.arrompsicologia.com\\\/wp-content\\\/uploads\\\/2025\\\/02\\\/arromPSICOLOGIA-logo-2-1.svg\",\"width\":283,\"height\":76,\"caption\":\"arromPSICOLOGIA\"},\"image\":{\"@id\":\"https:\\\/\\\/www.arrompsicologia.com\\\/#\\\/schema\\\/logo\\\/image\\\/\"},\"sameAs\":[\"https:\\\/\\\/www.facebook.com\\\/arromPSICOLOGIA\\\/?locale=es_ES\",\"https:\\\/\\\/www.instagram.com\\\/arrompsicologia\\\/?hl=es\"]}]}<\/script>\n<!-- \/ Yoast SEO plugin. -->","yoast_head_json":{"title":"Servicios y precios | arromPSICOLOGIA","description":"Consulta nuestros servicios de psicolog\u00eda: terapia individual, EMDR, pareja, familiar, intervenci\u00f3n neuropsicol\u00f3gica, t\u00e9cnicas de estudio e informes psicol\u00f3gicos periciales.","robots":{"index":"index","follow":"follow","max-snippet":"max-snippet:-1","max-image-preview":"max-image-preview:large","max-video-preview":"max-video-preview:-1"},"canonical":"https:\/\/www.arrompsicologia.com\/ca\/servicios-y-precios\/","og_locale":"ca_ES","og_type":"article","og_title":"Servicios y precios | arromPSICOLOGIA","og_description":"Consulta nuestros servicios de psicolog\u00eda: terapia individual, EMDR, pareja, familiar, intervenci\u00f3n neuropsicol\u00f3gica, t\u00e9cnicas de estudio e informes psicol\u00f3gicos periciales.","og_url":"https:\/\/www.arrompsicologia.com\/ca\/servicios-y-precios\/","og_site_name":"arromPSICOLOGIA","article_publisher":"https:\/\/www.facebook.com\/arromPSICOLOGIA\/?locale=es_ES","article_modified_time":"2026-02-22T08:52:56+00:00","twitter_card":"summary_large_image","twitter_misc":{"Temps estimat de lectura":"2 minuts"},"schema":{"@context":"https:\/\/schema.org","@graph":[{"@type":["WebPage","MedicalWebPage"],"@id":"https:\/\/www.arrompsicologia.com\/servicios-y-precios\/","url":"https:\/\/www.arrompsicologia.com\/servicios-y-precios\/","name":"Servicios y precios | arromPSICOLOGIA","isPartOf":{"@id":"https:\/\/www.arrompsicologia.com\/#website"},"datePublished":"2025-02-16T11:48:11+00:00","dateModified":"2026-02-22T08:52:56+00:00","description":"Consulta nuestros servicios de psicolog\u00eda: terapia individual, EMDR, pareja, familiar, intervenci\u00f3n neuropsicol\u00f3gica, t\u00e9cnicas de estudio e informes psicol\u00f3gicos periciales.","breadcrumb":{"@id":"https:\/\/www.arrompsicologia.com\/servicios-y-precios\/#breadcrumb"},"inLanguage":"ca","potentialAction":[{"@type":"ReadAction","target":["https:\/\/www.arrompsicologia.com\/servicios-y-precios\/"]}]},{"@type":"BreadcrumbList","@id":"https:\/\/www.arrompsicologia.com\/servicios-y-precios\/#breadcrumb","itemListElement":[{"@type":"ListItem","position":1,"name":"Portada","item":"https:\/\/www.arrompsicologia.com\/"},{"@type":"ListItem","position":2,"name":"Servicios y precios"}]},{"@type":"WebSite","@id":"https:\/\/www.arrompsicologia.com\/#website","url":"https:\/\/www.arrompsicologia.com\/","name":"Psicologia","description":"ArromPSICOLOGIA ofrece servicios en Inca de evaluaci\u00f3n, diagn\u00f3stico y tratamiento para ayudar a las personas a superar dificultades emocionales y mentales. Contamos con un equipo de profesionales dedicados a brindar terapia infantojuvenil, adultos, de pareja y familiar, as\u00ed como talleres de crecimiento personal. Nuestro objetivo es acompa\u00f1arte en tu camino hacia el bienestar emocional y la salud mental.","publisher":{"@id":"https:\/\/www.arrompsicologia.com\/#organization"},"potentialAction":[{"@type":"SearchAction","target":{"@type":"EntryPoint","urlTemplate":"https:\/\/www.arrompsicologia.com\/?s={search_term_string}"},"query-input":{"@type":"PropertyValueSpecification","valueRequired":true,"valueName":"search_term_string"}}],"inLanguage":"ca"},{"@type":"Organization","@id":"https:\/\/www.arrompsicologia.com\/#organization","name":"Psicologia","url":"https:\/\/www.arrompsicologia.com\/","logo":{"@type":"ImageObject","inLanguage":"ca","@id":"https:\/\/www.arrompsicologia.com\/#\/schema\/logo\/image\/","url":"https:\/\/www.arrompsicologia.com\/wp-content\/uploads\/2025\/02\/arromPSICOLOGIA-logo-2-1.svg","contentUrl":"https:\/\/www.arrompsicologia.com\/wp-content\/uploads\/2025\/02\/arromPSICOLOGIA-logo-2-1.svg","width":283,"height":76,"caption":"arromPSICOLOGIA"},"image":{"@id":"https:\/\/www.arrompsicologia.com\/#\/schema\/logo\/image\/"},"sameAs":["https:\/\/www.facebook.com\/arromPSICOLOGIA\/?locale=es_ES","https:\/\/www.instagram.com\/arrompsicologia\/?hl=es"]}]}},"_links":{"self":[{"href":"https:\/\/www.arrompsicologia.com\/ca\/wp-json\/wp\/v2\/pages\/129","targetHints":{"allow":["GET"]}}],"collection":[{"href":"https:\/\/www.arrompsicologia.com\/ca\/wp-json\/wp\/v2\/pages"}],"about":[{"href":"https:\/\/www.arrompsicologia.com\/ca\/wp-json\/wp\/v2\/types\/page"}],"author":[{"embeddable":true,"href":"https:\/\/www.arrompsicologia.com\/ca\/wp-json\/wp\/v2\/users\/2"}],"replies":[{"embeddable":true,"href":"https:\/\/www.arrompsicologia.com\/ca\/wp-json\/wp\/v2\/comments?post=129"}],"version-history":[{"count":67,"href":"https:\/\/www.arrompsicologia.com\/ca\/wp-json\/wp\/v2\/pages\/129\/revisions"}],"predecessor-version":[{"id":1702,"href":"https:\/\/www.arrompsicologia.com\/ca\/wp-json\/wp\/v2\/pages\/129\/revisions\/1702"}],"wp:attachment":[{"href":"https:\/\/www.arrompsicologia.com\/ca\/wp-json\/wp\/v2\/media?parent=129"}],"curies":[{"name":"wp","href":"https:\/\/api.w.org\/{rel}","templated":true}]}}