{"id":134,"date":"2025-02-16T12:49:19","date_gmt":"2025-02-16T11:49:19","guid":{"rendered":"http:\/\/localhost:8080\/?page_id=134"},"modified":"2026-02-22T09:51:46","modified_gmt":"2026-02-22T08:51:46","slug":"infantojuvenil","status":"publish","type":"page","link":"https:\/\/www.arrompsicologia.com\/ca\/infantojuvenil\/","title":{"rendered":"Infantojuvenil"},"content":{"rendered":"<div data-elementor-type=\"wp-page\" data-elementor-id=\"134\" class=\"elementor elementor-134\" data-elementor-post-type=\"page\">\n\t\t\t\t<div class=\"elementor-element elementor-element-26a2efd e-flex e-con-boxed e-con e-parent\" data-id=\"26a2efd\" data-element_type=\"container\" data-e-type=\"container\">\n\t\t\t\t\t<div class=\"e-con-inner\">\n\t\t<div class=\"elementor-element elementor-element-7d71fbb e-con-full e-flex e-con e-child\" data-id=\"7d71fbb\" data-element_type=\"container\" data-e-type=\"container\">\n\t\t\t\t<div class=\"elementor-element elementor-element-f76e96e elementor-widget elementor-widget-image\" data-id=\"f76e96e\" data-element_type=\"widget\" data-e-type=\"widget\" data-widget_type=\"image.default\">\n\t\t\t\t<div class=\"elementor-widget-container\">\n\t\t\t\t\t\t\t\t\t\t\t\t\t\t\t<img fetchpriority=\"high\" decoding=\"async\" width=\"560\" height=\"840\" src=\"https:\/\/www.arrompsicologia.com\/wp-content\/uploads\/2025\/11\/image-e1764529644830.png\" class=\"attachment-large size-large wp-image-577\" alt=\"terapia infantojuvenil en arromPSICOLOGIA gabinete de psicolog\u00eda Inca\" srcset=\"https:\/\/www.arrompsicologia.com\/wp-content\/uploads\/2025\/11\/image-e1764529644830.png 560w, https:\/\/www.arrompsicologia.com\/wp-content\/uploads\/2025\/11\/image-e1764529644830-200x300.png 200w\" sizes=\"(max-width: 560px) 100vw, 560px\" \/>\t\t\t\t\t\t\t\t\t\t\t\t\t\t\t<\/div>\n\t\t\t\t<\/div>\n\t\t\t\t<div class=\"elementor-element elementor-element-60ad6ce elementor-widget elementor-widget-heading\" data-id=\"60ad6ce\" data-element_type=\"widget\" data-e-type=\"widget\" data-widget_type=\"heading.default\">\n\t\t\t\t<div class=\"elementor-widget-container\">\n\t\t\t\t\t<h2 class=\"elementor-heading-title elementor-size-default\"><i>\u201cQuan un nen apr\u00e8n a comprendre all\u00f2 que sent, descobreix la for\u00e7a per transformar el seu m\u00f3n\u201d<\/i><\/h2>\t\t\t\t<\/div>\n\t\t\t\t<\/div>\n\t\t\t\t<\/div>\n\t\t<div class=\"elementor-element elementor-element-54ae2cb e-con-full e-flex e-con e-child\" data-id=\"54ae2cb\" data-element_type=\"container\" data-e-type=\"container\">\n\t\t\t\t<div class=\"elementor-element elementor-element-4951cb9 elementor-widget elementor-widget-heading\" data-id=\"4951cb9\" data-element_type=\"widget\" data-e-type=\"widget\" data-widget_type=\"heading.default\">\n\t\t\t\t<div class=\"elementor-widget-container\">\n\t\t\t\t\t<h2 class=\"elementor-heading-title elementor-size-default\">INFANTOJUVENIL<\/h2>\t\t\t\t<\/div>\n\t\t\t\t<\/div>\n\t\t\t\t<div class=\"elementor-element elementor-element-11d8691 elementor-widget elementor-widget-text-editor\" data-id=\"11d8691\" data-element_type=\"widget\" data-e-type=\"widget\" data-widget_type=\"text-editor.default\">\n\t\t\t\t<div class=\"elementor-widget-container\">\n\t\t\t\t\t\t\t\t\t<p data-start=\"159\" data-end=\"522\">La inf\u00e0ncia i l'adolesc\u00e8ncia s\u00f3n etapes plenes de canvis, descobertes i reptes. De vegades, aquests desafiaments poden resultar dif\u00edcils de gestionar i afectar el benestar emocional, el comportament o el rendiment escolar. Quan un nen o jove travessa una situaci\u00f3 que el desborda, comptar amb un suport professional pot marcar una gran difer\u00e8ncia.<\/p>\n<p data-start=\"524\" data-end=\"930\">La ter\u00e0pia infantojuvenil ofereix un espai segur i respectu\u00f3s on comprendre all\u00f2 que li passa al menor, ajudar-lo a expressar les seves emocions i dotar-lo d'eines per afrontar all\u00f2 que el preocupa. A trav\u00e9s del joc, la conversa, la creativitat o t\u00e8cniques espec\u00edfiques segons l'edat, es facilita que el nen o adolescent trobi noves maneres de relacionar-se amb ell mateix i amb el seu entorn.<\/p>\n<p data-start=\"932\" data-end=\"1166\">L'acompanyament terap\u00e8utic tamb\u00e9 s'est\u00e9n a la fam\u00edlia. Orientar mares, pares o tutors \u00e9s fonamental perqu\u00e8 el progr\u00e9s sigui s\u00f2lid i continu, creant un clima emocional que afavoreixi el desenvolupament saludable del menor.<\/p>\n<p data-start=\"1168\" data-end=\"1430\">La intervenci\u00f3 \u00e9s personalitzada i s'adapta al moment evolutiu, a les capacitats ia les necessitats de cada infant. De vegades, petits canvis i estrat\u00e8gies concretes poden produir millores significatives en el benestar emocional i la conviv\u00e8ncia<\/p>\n<p data-start=\"1432\" data-end=\"1561\">El nostre objectiu \u00e9s ajudar que cada menor recuperi la confian\u00e7a, la seguretat i la calma necess\u00e0ries per cr\u00e9ixer de manera plena.<\/p>\t\t\t\t\t\t\t\t<\/div>\n\t\t\t\t<\/div>\n\t\t\t\t<div class=\"elementor-element elementor-element-c60c263 elementor-widget elementor-widget-heading\" data-id=\"c60c263\" data-element_type=\"widget\" data-e-type=\"widget\" data-widget_type=\"heading.default\">\n\t\t\t\t<div class=\"elementor-widget-container\">\n\t\t\t\t\t<h2 class=\"elementor-heading-title elementor-size-default\">Quins problemes tractem?<\/h2>\t\t\t\t<\/div>\n\t\t\t\t<\/div>\n\t\t\t\t<div class=\"elementor-element elementor-element-f8ec62b elementor-icon-list--layout-traditional elementor-list-item-link-full_width elementor-widget elementor-widget-icon-list\" data-id=\"f8ec62b\" data-element_type=\"widget\" data-e-type=\"widget\" data-widget_type=\"icon-list.default\">\n\t\t\t\t<div class=\"elementor-widget-container\">\n\t\t\t\t\t\t\t<ul class=\"elementor-icon-list-items\">\n\t\t\t\t\t\t\t<li class=\"elementor-icon-list-item\">\n\t\t\t\t\t\t\t\t\t\t\t<span class=\"elementor-icon-list-icon\">\n\t\t\t\t\t\t\t<svg aria-hidden=\"true\" class=\"e-font-icon-svg e-fas-chevron-circle-right\" viewbox=\"0 0 512 512\" xmlns=\"http:\/\/www.w3.org\/2000\/svg\"><path d=\"M256 8c137 0 248 111 248 248S393 504 256 504 8 393 8 256 119 8 256 8zm113.9 231L234.4 103.5c-9.4-9.4-24.6-9.4-33.9 0l-17 17c-9.4 9.4-9.4 24.6 0 33.9L285.1 256 183.5 357.6c-9.4 9.4-9.4 24.6 0 33.9l17 17c9.4 9.4 24.6 9.4 33.9 0L369.9 273c9.4-9.4 9.4-24.6 0-34z\"><\/path><\/svg>\t\t\t\t\t\t<\/span>\n\t\t\t\t\t\t\t\t\t\t<span class=\"elementor-icon-list-text\">Desenvolupament autoestima<\/span>\n\t\t\t\t\t\t\t\t\t<\/li>\n\t\t\t\t\t\t\t\t<li class=\"elementor-icon-list-item\">\n\t\t\t\t\t\t\t\t\t\t\t<span class=\"elementor-icon-list-icon\">\n\t\t\t\t\t\t\t<svg aria-hidden=\"true\" class=\"e-font-icon-svg e-fas-chevron-circle-right\" viewbox=\"0 0 512 512\" xmlns=\"http:\/\/www.w3.org\/2000\/svg\"><path d=\"M256 8c137 0 248 111 248 248S393 504 256 504 8 393 8 256 119 8 256 8zm113.9 231L234.4 103.5c-9.4-9.4-24.6-9.4-33.9 0l-17 17c-9.4 9.4-9.4 24.6 0 33.9L285.1 256 183.5 357.6c-9.4 9.4-9.4 24.6 0 33.9l17 17c9.4 9.4 24.6 9.4 33.9 0L369.9 273c9.4-9.4 9.4-24.6 0-34z\"><\/path><\/svg>\t\t\t\t\t\t<\/span>\n\t\t\t\t\t\t\t\t\t\t<span class=\"elementor-icon-list-text\">Depend\u00e8ncia emocional<\/span>\n\t\t\t\t\t\t\t\t\t<\/li>\n\t\t\t\t\t\t\t\t<li class=\"elementor-icon-list-item\">\n\t\t\t\t\t\t\t\t\t\t\t<span class=\"elementor-icon-list-icon\">\n\t\t\t\t\t\t\t<svg aria-hidden=\"true\" class=\"e-font-icon-svg e-fas-chevron-circle-right\" viewbox=\"0 0 512 512\" xmlns=\"http:\/\/www.w3.org\/2000\/svg\"><path d=\"M256 8c137 0 248 111 248 248S393 504 256 504 8 393 8 256 119 8 256 8zm113.9 231L234.4 103.5c-9.4-9.4-24.6-9.4-33.9 0l-17 17c-9.4 9.4-9.4 24.6 0 33.9L285.1 256 183.5 357.6c-9.4 9.4-9.4 24.6 0 33.9l17 17c9.4 9.4 24.6 9.4 33.9 0L369.9 273c9.4-9.4 9.4-24.6 0-34z\"><\/path><\/svg>\t\t\t\t\t\t<\/span>\n\t\t\t\t\t\t\t\t\t\t<span class=\"elementor-icon-list-text\">Ansietat<\/span>\n\t\t\t\t\t\t\t\t\t<\/li>\n\t\t\t\t\t\t\t\t<li class=\"elementor-icon-list-item\">\n\t\t\t\t\t\t\t\t\t\t\t<span class=\"elementor-icon-list-icon\">\n\t\t\t\t\t\t\t<svg aria-hidden=\"true\" class=\"e-font-icon-svg e-fas-chevron-circle-right\" viewbox=\"0 0 512 512\" xmlns=\"http:\/\/www.w3.org\/2000\/svg\"><path d=\"M256 8c137 0 248 111 248 248S393 504 256 504 8 393 8 256 119 8 256 8zm113.9 231L234.4 103.5c-9.4-9.4-24.6-9.4-33.9 0l-17 17c-9.4 9.4-9.4 24.6 0 33.9L285.1 256 183.5 357.6c-9.4 9.4-9.4 24.6 0 33.9l17 17c9.4 9.4 24.6 9.4 33.9 0L369.9 273c9.4-9.4 9.4-24.6 0-34z\"><\/path><\/svg>\t\t\t\t\t\t<\/span>\n\t\t\t\t\t\t\t\t\t\t<span class=\"elementor-icon-list-text\">Depressi\u00f3<\/span>\n\t\t\t\t\t\t\t\t\t<\/li>\n\t\t\t\t\t\t\t\t<li class=\"elementor-icon-list-item\">\n\t\t\t\t\t\t\t\t\t\t\t<span class=\"elementor-icon-list-icon\">\n\t\t\t\t\t\t\t<svg aria-hidden=\"true\" class=\"e-font-icon-svg e-fas-chevron-circle-right\" viewbox=\"0 0 512 512\" xmlns=\"http:\/\/www.w3.org\/2000\/svg\"><path d=\"M256 8c137 0 248 111 248 248S393 504 256 504 8 393 8 256 119 8 256 8zm113.9 231L234.4 103.5c-9.4-9.4-24.6-9.4-33.9 0l-17 17c-9.4 9.4-9.4 24.6 0 33.9L285.1 256 183.5 357.6c-9.4 9.4-9.4 24.6 0 33.9l17 17c9.4 9.4 24.6 9.4 33.9 0L369.9 273c9.4-9.4 9.4-24.6 0-34z\"><\/path><\/svg>\t\t\t\t\t\t<\/span>\n\t\t\t\t\t\t\t\t\t\t<span class=\"elementor-icon-list-text\">Control d'esf\u00ednters<\/span>\n\t\t\t\t\t\t\t\t\t<\/li>\n\t\t\t\t\t\t\t\t<li class=\"elementor-icon-list-item\">\n\t\t\t\t\t\t\t\t\t\t\t<span class=\"elementor-icon-list-icon\">\n\t\t\t\t\t\t\t<svg aria-hidden=\"true\" class=\"e-font-icon-svg e-fas-chevron-circle-right\" viewbox=\"0 0 512 512\" xmlns=\"http:\/\/www.w3.org\/2000\/svg\"><path d=\"M256 8c137 0 248 111 248 248S393 504 256 504 8 393 8 256 119 8 256 8zm113.9 231L234.4 103.5c-9.4-9.4-24.6-9.4-33.9 0l-17 17c-9.4 9.4-9.4 24.6 0 33.9L285.1 256 183.5 357.6c-9.4 9.4-9.4 24.6 0 33.9l17 17c9.4 9.4 24.6 9.4 33.9 0L369.9 273c9.4-9.4 9.4-24.6 0-34z\"><\/path><\/svg>\t\t\t\t\t\t<\/span>\n\t\t\t\t\t\t\t\t\t\t<span class=\"elementor-icon-list-text\">Desenvolupament Social i Emocional<\/span>\n\t\t\t\t\t\t\t\t\t<\/li>\n\t\t\t\t\t\t\t\t<li class=\"elementor-icon-list-item\">\n\t\t\t\t\t\t\t\t\t\t\t<span class=\"elementor-icon-list-icon\">\n\t\t\t\t\t\t\t<svg aria-hidden=\"true\" class=\"e-font-icon-svg e-fas-chevron-circle-right\" viewbox=\"0 0 512 512\" xmlns=\"http:\/\/www.w3.org\/2000\/svg\"><path d=\"M256 8c137 0 248 111 248 248S393 504 256 504 8 393 8 256 119 8 256 8zm113.9 231L234.4 103.5c-9.4-9.4-24.6-9.4-33.9 0l-17 17c-9.4 9.4-9.4 24.6 0 33.9L285.1 256 183.5 357.6c-9.4 9.4-9.4 24.6 0 33.9l17 17c9.4 9.4 24.6 9.4 33.9 0L369.9 273c9.4-9.4 9.4-24.6 0-34z\"><\/path><\/svg>\t\t\t\t\t\t<\/span>\n\t\t\t\t\t\t\t\t\t\t<span class=\"elementor-icon-list-text\">Problemes del desenvolupament<\/span>\n\t\t\t\t\t\t\t\t\t<\/li>\n\t\t\t\t\t\t\t\t<li class=\"elementor-icon-list-item\">\n\t\t\t\t\t\t\t\t\t\t\t<span class=\"elementor-icon-list-icon\">\n\t\t\t\t\t\t\t<svg aria-hidden=\"true\" class=\"e-font-icon-svg e-fas-chevron-circle-right\" viewbox=\"0 0 512 512\" xmlns=\"http:\/\/www.w3.org\/2000\/svg\"><path d=\"M256 8c137 0 248 111 248 248S393 504 256 504 8 393 8 256 119 8 256 8zm113.9 231L234.4 103.5c-9.4-9.4-24.6-9.4-33.9 0l-17 17c-9.4 9.4-9.4 24.6 0 33.9L285.1 256 183.5 357.6c-9.4 9.4-9.4 24.6 0 33.9l17 17c9.4 9.4 24.6 9.4 33.9 0L369.9 273c9.4-9.4 9.4-24.6 0-34z\"><\/path><\/svg>\t\t\t\t\t\t<\/span>\n\t\t\t\t\t\t\t\t\t\t<span class=\"elementor-icon-list-text\">Problemes de conducta<\/span>\n\t\t\t\t\t\t\t\t\t<\/li>\n\t\t\t\t\t\t\t\t<li class=\"elementor-icon-list-item\">\n\t\t\t\t\t\t\t\t\t\t\t<span class=\"elementor-icon-list-icon\">\n\t\t\t\t\t\t\t<svg aria-hidden=\"true\" class=\"e-font-icon-svg e-fas-chevron-circle-right\" viewbox=\"0 0 512 512\" xmlns=\"http:\/\/www.w3.org\/2000\/svg\"><path d=\"M256 8c137 0 248 111 248 248S393 504 256 504 8 393 8 256 119 8 256 8zm113.9 231L234.4 103.5c-9.4-9.4-24.6-9.4-33.9 0l-17 17c-9.4 9.4-9.4 24.6 0 33.9L285.1 256 183.5 357.6c-9.4 9.4-9.4 24.6 0 33.9l17 17c9.4 9.4 24.6 9.4 33.9 0L369.9 273c9.4-9.4 9.4-24.6 0-34z\"><\/path><\/svg>\t\t\t\t\t\t<\/span>\n\t\t\t\t\t\t\t\t\t\t<span class=\"elementor-icon-list-text\">Trastorn per D\u00e8ficit d'Atenci\u00f3 amb Hiperactivitat o sense (TDAH) <\/span>\n\t\t\t\t\t\t\t\t\t<\/li>\n\t\t\t\t\t\t\t\t<li class=\"elementor-icon-list-item\">\n\t\t\t\t\t\t\t\t\t\t<span class=\"elementor-icon-list-text\"><\/span>\n\t\t\t\t\t\t\t\t\t<\/li>\n\t\t\t\t\t\t<\/ul>\n\t\t\t\t\t\t<\/div>\n\t\t\t\t<\/div>\n\t\t\t\t<\/div>\n\t\t\t\t\t<\/div>\n\t\t\t\t<\/div>\n\t\t\t\t<\/div>","protected":false},"excerpt":{"rendered":"<p>\u201cCuando un ni\u00f1o aprende a comprender lo que siente, descubre la fuerza para transformar su mundo\u201d INFANTOJUVENIL La infancia y la adolescencia son etapas llenas de cambios, descubrimientos y retos. En ocasiones, estos desaf\u00edos pueden resultar dif\u00edciles de gestionar y afectar al bienestar emocional, al comportamiento o al rendimiento escolar. Cuando un ni\u00f1o o un [&hellip;]<\/p>\n","protected":false},"author":2,"featured_media":0,"parent":0,"menu_order":0,"comment_status":"closed","ping_status":"closed","template":"","meta":{"footnotes":""},"class_list":["post-134","page","type-page","status-publish","hentry"],"yoast_head":"<!-- This site is optimized with the Yoast SEO plugin v27.4 - https:\/\/yoast.com\/product\/yoast-seo-wordpress\/ -->\n<title>Terapia psicol\u00f3gica para ni\u00f1os y adolescentes | arromPSICOLOGIA<\/title>\n<meta name=\"description\" content=\"Terapia psicol\u00f3gica para ni\u00f1os y adolescentes en Inca para tratar autoestima, TDAH, problemas de conducta y depresi\u00f3n, entre otras. Atenci\u00f3n psicol\u00f3gica personalizada en arromPSICOLOGIA.\" \/>\n<meta name=\"robots\" content=\"index, follow, max-snippet:-1, max-image-preview:large, max-video-preview:-1\" \/>\n<link rel=\"canonical\" href=\"https:\/\/www.arrompsicologia.com\/ca\/infantojuvenil\/\" \/>\n<meta property=\"og:locale\" content=\"ca_ES\" \/>\n<meta property=\"og:type\" content=\"article\" \/>\n<meta property=\"og:title\" content=\"Terapia psicol\u00f3gica para ni\u00f1os y adolescentes | arromPSICOLOGIA\" \/>\n<meta property=\"og:description\" content=\"Terapia psicol\u00f3gica para ni\u00f1os y adolescentes en Inca para tratar autoestima, TDAH, problemas de conducta y depresi\u00f3n, entre otras. Atenci\u00f3n psicol\u00f3gica personalizada en arromPSICOLOGIA.\" \/>\n<meta property=\"og:url\" content=\"https:\/\/www.arrompsicologia.com\/ca\/infantojuvenil\/\" \/>\n<meta property=\"og:site_name\" content=\"arromPSICOLOGIA\" \/>\n<meta property=\"article:publisher\" content=\"https:\/\/www.facebook.com\/arromPSICOLOGIA\/?locale=es_ES\" \/>\n<meta property=\"article:modified_time\" content=\"2026-02-22T08:51:46+00:00\" \/>\n<meta property=\"og:image\" content=\"https:\/\/www.arrompsicologia.com\/wp-content\/uploads\/2025\/11\/image-e1764529644830.png\" \/>\n\t<meta property=\"og:image:width\" content=\"560\" \/>\n\t<meta property=\"og:image:height\" content=\"840\" \/>\n\t<meta property=\"og:image:type\" content=\"image\/png\" \/>\n<meta name=\"twitter:card\" content=\"summary_large_image\" \/>\n<meta name=\"twitter:label1\" content=\"Temps estimat de lectura\" \/>\n\t<meta name=\"twitter:data1\" content=\"2 minuts\" \/>\n<script type=\"application\/ld+json\" class=\"yoast-schema-graph\">{\"@context\":\"https:\\\/\\\/schema.org\",\"@graph\":[{\"@type\":[\"WebPage\",\"MedicalWebPage\"],\"@id\":\"https:\\\/\\\/www.arrompsicologia.com\\\/infantojuvenil\\\/\",\"url\":\"https:\\\/\\\/www.arrompsicologia.com\\\/infantojuvenil\\\/\",\"name\":\"Terapia psicol\u00f3gica para ni\u00f1os y adolescentes | arromPSICOLOGIA\",\"isPartOf\":{\"@id\":\"https:\\\/\\\/www.arrompsicologia.com\\\/#website\"},\"primaryImageOfPage\":{\"@id\":\"https:\\\/\\\/www.arrompsicologia.com\\\/infantojuvenil\\\/#primaryimage\"},\"image\":{\"@id\":\"https:\\\/\\\/www.arrompsicologia.com\\\/infantojuvenil\\\/#primaryimage\"},\"thumbnailUrl\":\"https:\\\/\\\/www.arrompsicologia.com\\\/wp-content\\\/uploads\\\/2025\\\/11\\\/image-e1764529644830.png\",\"datePublished\":\"2025-02-16T11:49:19+00:00\",\"dateModified\":\"2026-02-22T08:51:46+00:00\",\"description\":\"Terapia psicol\u00f3gica para ni\u00f1os y adolescentes en Inca para tratar autoestima, TDAH, problemas de conducta y depresi\u00f3n, entre otras. Atenci\u00f3n psicol\u00f3gica personalizada en arromPSICOLOGIA.\",\"breadcrumb\":{\"@id\":\"https:\\\/\\\/www.arrompsicologia.com\\\/infantojuvenil\\\/#breadcrumb\"},\"inLanguage\":\"ca\",\"potentialAction\":[{\"@type\":\"ReadAction\",\"target\":[\"https:\\\/\\\/www.arrompsicologia.com\\\/infantojuvenil\\\/\"]}]},{\"@type\":\"ImageObject\",\"inLanguage\":\"ca\",\"@id\":\"https:\\\/\\\/www.arrompsicologia.com\\\/infantojuvenil\\\/#primaryimage\",\"url\":\"https:\\\/\\\/www.arrompsicologia.com\\\/wp-content\\\/uploads\\\/2025\\\/11\\\/image-e1764529644830.png\",\"contentUrl\":\"https:\\\/\\\/www.arrompsicologia.com\\\/wp-content\\\/uploads\\\/2025\\\/11\\\/image-e1764529644830.png\"},{\"@type\":\"BreadcrumbList\",\"@id\":\"https:\\\/\\\/www.arrompsicologia.com\\\/infantojuvenil\\\/#breadcrumb\",\"itemListElement\":[{\"@type\":\"ListItem\",\"position\":1,\"name\":\"Portada\",\"item\":\"https:\\\/\\\/www.arrompsicologia.com\\\/\"},{\"@type\":\"ListItem\",\"position\":2,\"name\":\"Infantojuvenil\"}]},{\"@type\":\"WebSite\",\"@id\":\"https:\\\/\\\/www.arrompsicologia.com\\\/#website\",\"url\":\"https:\\\/\\\/www.arrompsicologia.com\\\/\",\"name\":\"arromPSICOLOGIA\",\"description\":\"ArromPSICOLOGIA ofrece servicios en Inca de evaluaci\u00f3n, diagn\u00f3stico y tratamiento para ayudar a las personas a superar dificultades emocionales y mentales. Contamos con un equipo de profesionales dedicados a brindar terapia infantojuvenil, adultos, de pareja y familiar, as\u00ed como talleres de crecimiento personal. Nuestro objetivo es acompa\u00f1arte en tu camino hacia el bienestar emocional y la salud mental.\",\"publisher\":{\"@id\":\"https:\\\/\\\/www.arrompsicologia.com\\\/#organization\"},\"potentialAction\":[{\"@type\":\"SearchAction\",\"target\":{\"@type\":\"EntryPoint\",\"urlTemplate\":\"https:\\\/\\\/www.arrompsicologia.com\\\/?s={search_term_string}\"},\"query-input\":{\"@type\":\"PropertyValueSpecification\",\"valueRequired\":true,\"valueName\":\"search_term_string\"}}],\"inLanguage\":\"ca\"},{\"@type\":\"Organization\",\"@id\":\"https:\\\/\\\/www.arrompsicologia.com\\\/#organization\",\"name\":\"arromPSICOLOGIA\",\"url\":\"https:\\\/\\\/www.arrompsicologia.com\\\/\",\"logo\":{\"@type\":\"ImageObject\",\"inLanguage\":\"ca\",\"@id\":\"https:\\\/\\\/www.arrompsicologia.com\\\/#\\\/schema\\\/logo\\\/image\\\/\",\"url\":\"https:\\\/\\\/www.arrompsicologia.com\\\/wp-content\\\/uploads\\\/2025\\\/02\\\/arromPSICOLOGIA-logo-2-1.svg\",\"contentUrl\":\"https:\\\/\\\/www.arrompsicologia.com\\\/wp-content\\\/uploads\\\/2025\\\/02\\\/arromPSICOLOGIA-logo-2-1.svg\",\"width\":283,\"height\":76,\"caption\":\"arromPSICOLOGIA\"},\"image\":{\"@id\":\"https:\\\/\\\/www.arrompsicologia.com\\\/#\\\/schema\\\/logo\\\/image\\\/\"},\"sameAs\":[\"https:\\\/\\\/www.facebook.com\\\/arromPSICOLOGIA\\\/?locale=es_ES\",\"https:\\\/\\\/www.instagram.com\\\/arrompsicologia\\\/?hl=es\"]}]}<\/script>\n<!-- \/ Yoast SEO plugin. -->","yoast_head_json":{"title":"Terapia psicol\u00f3gica para ni\u00f1os y adolescentes | arromPSICOLOGIA","description":"Terapia psicol\u00f3gica para ni\u00f1os y adolescentes en Inca para tratar autoestima, TDAH, problemas de conducta y depresi\u00f3n, entre otras. Atenci\u00f3n psicol\u00f3gica personalizada en arromPSICOLOGIA.","robots":{"index":"index","follow":"follow","max-snippet":"max-snippet:-1","max-image-preview":"max-image-preview:large","max-video-preview":"max-video-preview:-1"},"canonical":"https:\/\/www.arrompsicologia.com\/ca\/infantojuvenil\/","og_locale":"ca_ES","og_type":"article","og_title":"Terapia psicol\u00f3gica para ni\u00f1os y adolescentes | arromPSICOLOGIA","og_description":"Terapia psicol\u00f3gica para ni\u00f1os y adolescentes en Inca para tratar autoestima, TDAH, problemas de conducta y depresi\u00f3n, entre otras. Atenci\u00f3n psicol\u00f3gica personalizada en arromPSICOLOGIA.","og_url":"https:\/\/www.arrompsicologia.com\/ca\/infantojuvenil\/","og_site_name":"arromPSICOLOGIA","article_publisher":"https:\/\/www.facebook.com\/arromPSICOLOGIA\/?locale=es_ES","article_modified_time":"2026-02-22T08:51:46+00:00","og_image":[{"width":560,"height":840,"url":"https:\/\/www.arrompsicologia.com\/wp-content\/uploads\/2025\/11\/image-e1764529644830.png","type":"image\/png"}],"twitter_card":"summary_large_image","twitter_misc":{"Temps estimat de lectura":"2 minuts"},"schema":{"@context":"https:\/\/schema.org","@graph":[{"@type":["WebPage","MedicalWebPage"],"@id":"https:\/\/www.arrompsicologia.com\/infantojuvenil\/","url":"https:\/\/www.arrompsicologia.com\/infantojuvenil\/","name":"Terapia psicol\u00f3gica para ni\u00f1os y adolescentes | arromPSICOLOGIA","isPartOf":{"@id":"https:\/\/www.arrompsicologia.com\/#website"},"primaryImageOfPage":{"@id":"https:\/\/www.arrompsicologia.com\/infantojuvenil\/#primaryimage"},"image":{"@id":"https:\/\/www.arrompsicologia.com\/infantojuvenil\/#primaryimage"},"thumbnailUrl":"https:\/\/www.arrompsicologia.com\/wp-content\/uploads\/2025\/11\/image-e1764529644830.png","datePublished":"2025-02-16T11:49:19+00:00","dateModified":"2026-02-22T08:51:46+00:00","description":"Terapia psicol\u00f3gica para ni\u00f1os y adolescentes en Inca para tratar autoestima, TDAH, problemas de conducta y depresi\u00f3n, entre otras. Atenci\u00f3n psicol\u00f3gica personalizada en arromPSICOLOGIA.","breadcrumb":{"@id":"https:\/\/www.arrompsicologia.com\/infantojuvenil\/#breadcrumb"},"inLanguage":"ca","potentialAction":[{"@type":"ReadAction","target":["https:\/\/www.arrompsicologia.com\/infantojuvenil\/"]}]},{"@type":"ImageObject","inLanguage":"ca","@id":"https:\/\/www.arrompsicologia.com\/infantojuvenil\/#primaryimage","url":"https:\/\/www.arrompsicologia.com\/wp-content\/uploads\/2025\/11\/image-e1764529644830.png","contentUrl":"https:\/\/www.arrompsicologia.com\/wp-content\/uploads\/2025\/11\/image-e1764529644830.png"},{"@type":"BreadcrumbList","@id":"https:\/\/www.arrompsicologia.com\/infantojuvenil\/#breadcrumb","itemListElement":[{"@type":"ListItem","position":1,"name":"Portada","item":"https:\/\/www.arrompsicologia.com\/"},{"@type":"ListItem","position":2,"name":"Infantojuvenil"}]},{"@type":"WebSite","@id":"https:\/\/www.arrompsicologia.com\/#website","url":"https:\/\/www.arrompsicologia.com\/","name":"Psicologia","description":"ArromPSICOLOGIA ofrece servicios en Inca de evaluaci\u00f3n, diagn\u00f3stico y tratamiento para ayudar a las personas a superar dificultades emocionales y mentales. Contamos con un equipo de profesionales dedicados a brindar terapia infantojuvenil, adultos, de pareja y familiar, as\u00ed como talleres de crecimiento personal. Nuestro objetivo es acompa\u00f1arte en tu camino hacia el bienestar emocional y la salud mental.","publisher":{"@id":"https:\/\/www.arrompsicologia.com\/#organization"},"potentialAction":[{"@type":"SearchAction","target":{"@type":"EntryPoint","urlTemplate":"https:\/\/www.arrompsicologia.com\/?s={search_term_string}"},"query-input":{"@type":"PropertyValueSpecification","valueRequired":true,"valueName":"search_term_string"}}],"inLanguage":"ca"},{"@type":"Organization","@id":"https:\/\/www.arrompsicologia.com\/#organization","name":"Psicologia","url":"https:\/\/www.arrompsicologia.com\/","logo":{"@type":"ImageObject","inLanguage":"ca","@id":"https:\/\/www.arrompsicologia.com\/#\/schema\/logo\/image\/","url":"https:\/\/www.arrompsicologia.com\/wp-content\/uploads\/2025\/02\/arromPSICOLOGIA-logo-2-1.svg","contentUrl":"https:\/\/www.arrompsicologia.com\/wp-content\/uploads\/2025\/02\/arromPSICOLOGIA-logo-2-1.svg","width":283,"height":76,"caption":"arromPSICOLOGIA"},"image":{"@id":"https:\/\/www.arrompsicologia.com\/#\/schema\/logo\/image\/"},"sameAs":["https:\/\/www.facebook.com\/arromPSICOLOGIA\/?locale=es_ES","https:\/\/www.instagram.com\/arrompsicologia\/?hl=es"]}]}},"_links":{"self":[{"href":"https:\/\/www.arrompsicologia.com\/ca\/wp-json\/wp\/v2\/pages\/134","targetHints":{"allow":["GET"]}}],"collection":[{"href":"https:\/\/www.arrompsicologia.com\/ca\/wp-json\/wp\/v2\/pages"}],"about":[{"href":"https:\/\/www.arrompsicologia.com\/ca\/wp-json\/wp\/v2\/types\/page"}],"author":[{"embeddable":true,"href":"https:\/\/www.arrompsicologia.com\/ca\/wp-json\/wp\/v2\/users\/2"}],"replies":[{"embeddable":true,"href":"https:\/\/www.arrompsicologia.com\/ca\/wp-json\/wp\/v2\/comments?post=134"}],"version-history":[{"count":49,"href":"https:\/\/www.arrompsicologia.com\/ca\/wp-json\/wp\/v2\/pages\/134\/revisions"}],"predecessor-version":[{"id":1696,"href":"https:\/\/www.arrompsicologia.com\/ca\/wp-json\/wp\/v2\/pages\/134\/revisions\/1696"}],"wp:attachment":[{"href":"https:\/\/www.arrompsicologia.com\/ca\/wp-json\/wp\/v2\/media?parent=134"}],"curies":[{"name":"wp","href":"https:\/\/api.w.org\/{rel}","templated":true}]}}