{"id":489,"date":"2025-11-30T18:46:28","date_gmt":"2025-11-30T17:46:28","guid":{"rendered":"http:\/\/localhost:8080\/?page_id=489"},"modified":"2026-02-22T09:51:44","modified_gmt":"2026-02-22T08:51:44","slug":"familiar","status":"publish","type":"page","link":"https:\/\/www.arrompsicologia.com\/ca\/familiar\/","title":{"rendered":"Familiar"},"content":{"rendered":"<div data-elementor-type=\"wp-page\" data-elementor-id=\"489\" class=\"elementor elementor-489\" data-elementor-post-type=\"page\">\n\t\t\t\t<div class=\"elementor-element elementor-element-ae5ad6f e-flex e-con-boxed e-con e-parent\" data-id=\"ae5ad6f\" data-element_type=\"container\" data-e-type=\"container\">\n\t\t\t\t\t<div class=\"e-con-inner\">\n\t\t<div class=\"elementor-element elementor-element-6435bd0 e-con-full e-flex e-con e-child\" data-id=\"6435bd0\" data-element_type=\"container\" data-e-type=\"container\">\n\t\t\t\t<div class=\"elementor-element elementor-element-c111901 elementor-widget elementor-widget-image\" data-id=\"c111901\" data-element_type=\"widget\" data-e-type=\"widget\" data-widget_type=\"image.default\">\n\t\t\t\t<div class=\"elementor-widget-container\">\n\t\t\t\t\t\t\t\t\t\t\t\t\t\t\t<img fetchpriority=\"high\" decoding=\"async\" width=\"800\" height=\"671\" src=\"https:\/\/www.arrompsicologia.com\/wp-content\/uploads\/2025\/11\/terapeuta-y-familia-sonriente-de-cerca-scaled-e1764434897352-1024x859.jpg\" class=\"attachment-large size-large wp-image-232\" alt=\"terapia familiar en arromPSICOLOGIA gabinete de psicolog\u00eda Inca\" srcset=\"https:\/\/www.arrompsicologia.com\/wp-content\/uploads\/2025\/11\/terapeuta-y-familia-sonriente-de-cerca-scaled-e1764434897352-1024x859.jpg 1024w, https:\/\/www.arrompsicologia.com\/wp-content\/uploads\/2025\/11\/terapeuta-y-familia-sonriente-de-cerca-scaled-e1764434897352-300x252.jpg 300w, https:\/\/www.arrompsicologia.com\/wp-content\/uploads\/2025\/11\/terapeuta-y-familia-sonriente-de-cerca-scaled-e1764434897352-768x645.jpg 768w, https:\/\/www.arrompsicologia.com\/wp-content\/uploads\/2025\/11\/terapeuta-y-familia-sonriente-de-cerca-scaled-e1764434897352-1536x1289.jpg 1536w, https:\/\/www.arrompsicologia.com\/wp-content\/uploads\/2025\/11\/terapeuta-y-familia-sonriente-de-cerca-scaled-e1764434897352.jpg 2028w\" sizes=\"(max-width: 800px) 100vw, 800px\" \/>\t\t\t\t\t\t\t\t\t\t\t\t\t\t\t<\/div>\n\t\t\t\t<\/div>\n\t\t\t\t<div class=\"elementor-element elementor-element-6222198 elementor-widget elementor-widget-heading\" data-id=\"6222198\" data-element_type=\"widget\" data-e-type=\"widget\" data-widget_type=\"heading.default\">\n\t\t\t\t<div class=\"elementor-widget-container\">\n\t\t\t\t\t<h2 class=\"elementor-heading-title elementor-size-default\"><i>\u201cUna fam\u00edlia no \u00e9s la que mai no t\u00e9 conflictes, sin\u00f3 la que apr\u00e8n a retrobar-se des de l'afecte i la comprensi\u00f3\u201d<\/i><\/h2>\t\t\t\t<\/div>\n\t\t\t\t<\/div>\n\t\t\t\t<\/div>\n\t\t<div class=\"elementor-element elementor-element-7eb425b e-con-full e-flex e-con e-child\" data-id=\"7eb425b\" data-element_type=\"container\" data-e-type=\"container\">\n\t\t\t\t<div class=\"elementor-element elementor-element-8eb9752 elementor-widget elementor-widget-heading\" data-id=\"8eb9752\" data-element_type=\"widget\" data-e-type=\"widget\" data-widget_type=\"heading.default\">\n\t\t\t\t<div class=\"elementor-widget-container\">\n\t\t\t\t\t<h2 class=\"elementor-heading-title elementor-size-default\">FAMILIAR<\/h2>\t\t\t\t<\/div>\n\t\t\t\t<\/div>\n\t\t\t\t<div class=\"elementor-element elementor-element-c1aa526 elementor-widget elementor-widget-text-editor\" data-id=\"c1aa526\" data-element_type=\"widget\" data-e-type=\"widget\" data-widget_type=\"text-editor.default\">\n\t\t\t\t<div class=\"elementor-widget-container\">\n\t\t\t\t\t\t\t\t\t<p data-start=\"136\" data-end=\"411\">La fam\u00edlia \u00e9s el primer espai on aprenem a comunicar-nos, gestionar emocions i relacionar-nos amb el m\u00f3n. Quan sorgeixen tensions, desacords o dificultats entre els seus membres, el clima familiar es pot veure afectat i generar malestar emocional en el dia a dia.<\/p><p data-start=\"413\" data-end=\"718\">La ter\u00e0pia familiar ofereix un lloc segur perqu\u00e8 cadasc\u00fa pugui expressar-se, sentir-se escoltada i comprendre millor les din\u00e0miques que influeixen en la conviv\u00e8ncia. L'objectiu no \u00e9s cercar culpables, sin\u00f3 identificar patrons que es repeteixen, millorar la comunicaci\u00f3 i enfortir els vincles afectius.<\/p><p data-start=\"720\" data-end=\"1030\">A trav\u00e9s de sessions estructurades, s'ajuda la fam\u00edlia a trobar noves maneres d'entendre's, resoldre conflictes i recolzar-se m\u00fatuament, promovent un ambient m\u00e9s equilibrat i saludable. Es treballa amb tots els membres implicats perqu\u00e8 cadasc\u00fa tingui un paper actiu en la construcci\u00f3 del canvi.<\/p><p data-start=\"1032\" data-end=\"1265\">La intervenci\u00f3 s'adapta a les necessitats de cada fam\u00edlia, ja sigui en situacions de crisi, etapes de transici\u00f3, problemes de conducta, dificultats comunicatives o qualsevol circumst\u00e0ncia que afecti l'harmonia familiar.<\/p><p data-start=\"1267\" data-end=\"1431\">L\u00b4objectiu final \u00e9s recuperar la sensaci\u00f3 d\u00b4unitat, refor\u00e7ar la confian\u00e7a i construir un entorn emocional on cada membre pugui cr\u00e9ixer i sentir-se acompanyat.<\/p>\t\t\t\t\t\t\t\t<\/div>\n\t\t\t\t<\/div>\n\t\t\t\t<div class=\"elementor-element elementor-element-076e889 elementor-widget elementor-widget-heading\" data-id=\"076e889\" data-element_type=\"widget\" data-e-type=\"widget\" data-widget_type=\"heading.default\">\n\t\t\t\t<div class=\"elementor-widget-container\">\n\t\t\t\t\t<h2 class=\"elementor-heading-title elementor-size-default\">Quins problemes tractem?<\/h2>\t\t\t\t<\/div>\n\t\t\t\t<\/div>\n\t\t\t\t<div class=\"elementor-element elementor-element-9bd466e elementor-icon-list--layout-traditional elementor-list-item-link-full_width elementor-widget elementor-widget-icon-list\" data-id=\"9bd466e\" data-element_type=\"widget\" data-e-type=\"widget\" data-widget_type=\"icon-list.default\">\n\t\t\t\t<div class=\"elementor-widget-container\">\n\t\t\t\t\t\t\t<ul class=\"elementor-icon-list-items\">\n\t\t\t\t\t\t\t<li class=\"elementor-icon-list-item\">\n\t\t\t\t\t\t\t\t\t\t\t<span class=\"elementor-icon-list-icon\">\n\t\t\t\t\t\t\t<svg aria-hidden=\"true\" class=\"e-font-icon-svg e-fas-chevron-circle-right\" viewbox=\"0 0 512 512\" xmlns=\"http:\/\/www.w3.org\/2000\/svg\"><path d=\"M256 8c137 0 248 111 248 248S393 504 256 504 8 393 8 256 119 8 256 8zm113.9 231L234.4 103.5c-9.4-9.4-24.6-9.4-33.9 0l-17 17c-9.4 9.4-9.4 24.6 0 33.9L285.1 256 183.5 357.6c-9.4 9.4-9.4 24.6 0 33.9l17 17c9.4 9.4 24.6 9.4 33.9 0L369.9 273c9.4-9.4 9.4-24.6 0-34z\"><\/path><\/svg>\t\t\t\t\t\t<\/span>\n\t\t\t\t\t\t\t\t\t\t<span class=\"elementor-icon-list-text\">Adopcions<\/span>\n\t\t\t\t\t\t\t\t\t<\/li>\n\t\t\t\t\t\t\t\t<li class=\"elementor-icon-list-item\">\n\t\t\t\t\t\t\t\t\t\t\t<span class=\"elementor-icon-list-icon\">\n\t\t\t\t\t\t\t<svg aria-hidden=\"true\" class=\"e-font-icon-svg e-fas-chevron-circle-right\" viewbox=\"0 0 512 512\" xmlns=\"http:\/\/www.w3.org\/2000\/svg\"><path d=\"M256 8c137 0 248 111 248 248S393 504 256 504 8 393 8 256 119 8 256 8zm113.9 231L234.4 103.5c-9.4-9.4-24.6-9.4-33.9 0l-17 17c-9.4 9.4-9.4 24.6 0 33.9L285.1 256 183.5 357.6c-9.4 9.4-9.4 24.6 0 33.9l17 17c9.4 9.4 24.6 9.4 33.9 0L369.9 273c9.4-9.4 9.4-24.6 0-34z\"><\/path><\/svg>\t\t\t\t\t\t<\/span>\n\t\t\t\t\t\t\t\t\t\t<span class=\"elementor-icon-list-text\">Mediaci\u00f3 en el divorci<\/span>\n\t\t\t\t\t\t\t\t\t<\/li>\n\t\t\t\t\t\t\t\t<li class=\"elementor-icon-list-item\">\n\t\t\t\t\t\t\t\t\t\t\t<span class=\"elementor-icon-list-icon\">\n\t\t\t\t\t\t\t<svg aria-hidden=\"true\" class=\"e-font-icon-svg e-fas-chevron-circle-right\" viewbox=\"0 0 512 512\" xmlns=\"http:\/\/www.w3.org\/2000\/svg\"><path d=\"M256 8c137 0 248 111 248 248S393 504 256 504 8 393 8 256 119 8 256 8zm113.9 231L234.4 103.5c-9.4-9.4-24.6-9.4-33.9 0l-17 17c-9.4 9.4-9.4 24.6 0 33.9L285.1 256 183.5 357.6c-9.4 9.4-9.4 24.6 0 33.9l17 17c9.4 9.4 24.6 9.4 33.9 0L369.9 273c9.4-9.4 9.4-24.6 0-34z\"><\/path><\/svg>\t\t\t\t\t\t<\/span>\n\t\t\t\t\t\t\t\t\t\t<span class=\"elementor-icon-list-text\">Relaci\u00f3 pare i fill<\/span>\n\t\t\t\t\t\t\t\t\t<\/li>\n\t\t\t\t\t\t\t\t<li class=\"elementor-icon-list-item\">\n\t\t\t\t\t\t\t\t\t\t\t<span class=\"elementor-icon-list-icon\">\n\t\t\t\t\t\t\t<svg aria-hidden=\"true\" class=\"e-font-icon-svg e-fas-chevron-circle-right\" viewbox=\"0 0 512 512\" xmlns=\"http:\/\/www.w3.org\/2000\/svg\"><path d=\"M256 8c137 0 248 111 248 248S393 504 256 504 8 393 8 256 119 8 256 8zm113.9 231L234.4 103.5c-9.4-9.4-24.6-9.4-33.9 0l-17 17c-9.4 9.4-9.4 24.6 0 33.9L285.1 256 183.5 357.6c-9.4 9.4-9.4 24.6 0 33.9l17 17c9.4 9.4 24.6 9.4 33.9 0L369.9 273c9.4-9.4 9.4-24.6 0-34z\"><\/path><\/svg>\t\t\t\t\t\t<\/span>\n\t\t\t\t\t\t\t\t\t\t<span class=\"elementor-icon-list-text\">Rivalitat entre germans<\/span>\n\t\t\t\t\t\t\t\t\t<\/li>\n\t\t\t\t\t\t<\/ul>\n\t\t\t\t\t\t<\/div>\n\t\t\t\t<\/div>\n\t\t\t\t<\/div>\n\t\t\t\t\t<\/div>\n\t\t\t\t<\/div>\n\t\t\t\t<\/div>","protected":false},"excerpt":{"rendered":"<p>\u201cUna familia no es la que nunca tiene conflictos, sino la que aprende a reencontrarse desde el cari\u00f1o y la comprensi\u00f3n\u201d FAMILIAR La familia es el primer espacio donde aprendemos a comunicarnos, a gestionar emociones y a relacionarnos con el mundo. Cuando surgen tensiones, desacuerdos o dificultades entre sus miembros, el clima familiar puede verse [&hellip;]<\/p>\n","protected":false},"author":2,"featured_media":0,"parent":0,"menu_order":0,"comment_status":"closed","ping_status":"closed","template":"","meta":{"footnotes":""},"class_list":["post-489","page","type-page","status-publish","hentry"],"yoast_head":"<!-- This site is optimized with the Yoast SEO plugin v27.4 - https:\/\/yoast.com\/product\/yoast-seo-wordpress\/ -->\n<title>Terapia psicol\u00f3gica para familias | arromPSICOLOGIA<\/title>\n<meta name=\"description\" content=\"Terapia psicol\u00f3gica para familias en Inca para tratar rivalidad entre hermanos, relaci\u00f3n padres e hijos, adopciones y mediaci\u00f3n en el divorcio. Atenci\u00f3n psicol\u00f3gica personalizada en arromPSICOLOGIA.\" \/>\n<meta name=\"robots\" content=\"index, follow, max-snippet:-1, max-image-preview:large, max-video-preview:-1\" \/>\n<link rel=\"canonical\" href=\"https:\/\/www.arrompsicologia.com\/ca\/familiar\/\" \/>\n<meta property=\"og:locale\" content=\"ca_ES\" \/>\n<meta property=\"og:type\" content=\"article\" \/>\n<meta property=\"og:title\" content=\"Terapia psicol\u00f3gica para familias | arromPSICOLOGIA\" \/>\n<meta property=\"og:description\" content=\"Terapia psicol\u00f3gica para familias en Inca para tratar rivalidad entre hermanos, relaci\u00f3n padres e hijos, adopciones y mediaci\u00f3n en el divorcio. Atenci\u00f3n psicol\u00f3gica personalizada en arromPSICOLOGIA.\" \/>\n<meta property=\"og:url\" content=\"https:\/\/www.arrompsicologia.com\/ca\/familiar\/\" \/>\n<meta property=\"og:site_name\" content=\"arromPSICOLOGIA\" \/>\n<meta property=\"article:publisher\" content=\"https:\/\/www.facebook.com\/arromPSICOLOGIA\/?locale=es_ES\" \/>\n<meta property=\"article:modified_time\" content=\"2026-02-22T08:51:44+00:00\" \/>\n<meta property=\"og:image\" content=\"https:\/\/www.arrompsicologia.com\/wp-content\/uploads\/2025\/11\/terapeuta-y-familia-sonriente-de-cerca-scaled-e1764434897352.jpg\" \/>\n\t<meta property=\"og:image:width\" content=\"2028\" \/>\n\t<meta property=\"og:image:height\" content=\"1702\" \/>\n\t<meta property=\"og:image:type\" content=\"image\/jpeg\" \/>\n<meta name=\"twitter:card\" content=\"summary_large_image\" \/>\n<meta name=\"twitter:label1\" content=\"Temps estimat de lectura\" \/>\n\t<meta name=\"twitter:data1\" content=\"2 minuts\" \/>\n<script type=\"application\/ld+json\" class=\"yoast-schema-graph\">{\"@context\":\"https:\\\/\\\/schema.org\",\"@graph\":[{\"@type\":[\"WebPage\",\"MedicalWebPage\"],\"@id\":\"https:\\\/\\\/www.arrompsicologia.com\\\/familiar\\\/\",\"url\":\"https:\\\/\\\/www.arrompsicologia.com\\\/familiar\\\/\",\"name\":\"Terapia psicol\u00f3gica para familias | arromPSICOLOGIA\",\"isPartOf\":{\"@id\":\"https:\\\/\\\/www.arrompsicologia.com\\\/#website\"},\"primaryImageOfPage\":{\"@id\":\"https:\\\/\\\/www.arrompsicologia.com\\\/familiar\\\/#primaryimage\"},\"image\":{\"@id\":\"https:\\\/\\\/www.arrompsicologia.com\\\/familiar\\\/#primaryimage\"},\"thumbnailUrl\":\"https:\\\/\\\/www.arrompsicologia.com\\\/wp-content\\\/uploads\\\/2025\\\/11\\\/terapeuta-y-familia-sonriente-de-cerca-scaled-e1764434897352-1024x859.jpg\",\"datePublished\":\"2025-11-30T17:46:28+00:00\",\"dateModified\":\"2026-02-22T08:51:44+00:00\",\"description\":\"Terapia psicol\u00f3gica para familias en Inca para tratar rivalidad entre hermanos, relaci\u00f3n padres e hijos, adopciones y mediaci\u00f3n en el divorcio. Atenci\u00f3n psicol\u00f3gica personalizada en arromPSICOLOGIA.\",\"breadcrumb\":{\"@id\":\"https:\\\/\\\/www.arrompsicologia.com\\\/familiar\\\/#breadcrumb\"},\"inLanguage\":\"ca\",\"potentialAction\":[{\"@type\":\"ReadAction\",\"target\":[\"https:\\\/\\\/www.arrompsicologia.com\\\/familiar\\\/\"]}]},{\"@type\":\"ImageObject\",\"inLanguage\":\"ca\",\"@id\":\"https:\\\/\\\/www.arrompsicologia.com\\\/familiar\\\/#primaryimage\",\"url\":\"https:\\\/\\\/www.arrompsicologia.com\\\/wp-content\\\/uploads\\\/2025\\\/11\\\/terapeuta-y-familia-sonriente-de-cerca-scaled-e1764434897352-1024x859.jpg\",\"contentUrl\":\"https:\\\/\\\/www.arrompsicologia.com\\\/wp-content\\\/uploads\\\/2025\\\/11\\\/terapeuta-y-familia-sonriente-de-cerca-scaled-e1764434897352-1024x859.jpg\"},{\"@type\":\"BreadcrumbList\",\"@id\":\"https:\\\/\\\/www.arrompsicologia.com\\\/familiar\\\/#breadcrumb\",\"itemListElement\":[{\"@type\":\"ListItem\",\"position\":1,\"name\":\"Portada\",\"item\":\"https:\\\/\\\/www.arrompsicologia.com\\\/\"},{\"@type\":\"ListItem\",\"position\":2,\"name\":\"Familiar\"}]},{\"@type\":\"WebSite\",\"@id\":\"https:\\\/\\\/www.arrompsicologia.com\\\/#website\",\"url\":\"https:\\\/\\\/www.arrompsicologia.com\\\/\",\"name\":\"arromPSICOLOGIA\",\"description\":\"ArromPSICOLOGIA ofrece servicios en Inca de evaluaci\u00f3n, diagn\u00f3stico y tratamiento para ayudar a las personas a superar dificultades emocionales y mentales. Contamos con un equipo de profesionales dedicados a brindar terapia infantojuvenil, adultos, de pareja y familiar, as\u00ed como talleres de crecimiento personal. Nuestro objetivo es acompa\u00f1arte en tu camino hacia el bienestar emocional y la salud mental.\",\"publisher\":{\"@id\":\"https:\\\/\\\/www.arrompsicologia.com\\\/#organization\"},\"potentialAction\":[{\"@type\":\"SearchAction\",\"target\":{\"@type\":\"EntryPoint\",\"urlTemplate\":\"https:\\\/\\\/www.arrompsicologia.com\\\/?s={search_term_string}\"},\"query-input\":{\"@type\":\"PropertyValueSpecification\",\"valueRequired\":true,\"valueName\":\"search_term_string\"}}],\"inLanguage\":\"ca\"},{\"@type\":\"Organization\",\"@id\":\"https:\\\/\\\/www.arrompsicologia.com\\\/#organization\",\"name\":\"arromPSICOLOGIA\",\"url\":\"https:\\\/\\\/www.arrompsicologia.com\\\/\",\"logo\":{\"@type\":\"ImageObject\",\"inLanguage\":\"ca\",\"@id\":\"https:\\\/\\\/www.arrompsicologia.com\\\/#\\\/schema\\\/logo\\\/image\\\/\",\"url\":\"https:\\\/\\\/www.arrompsicologia.com\\\/wp-content\\\/uploads\\\/2025\\\/02\\\/arromPSICOLOGIA-logo-2-1.svg\",\"contentUrl\":\"https:\\\/\\\/www.arrompsicologia.com\\\/wp-content\\\/uploads\\\/2025\\\/02\\\/arromPSICOLOGIA-logo-2-1.svg\",\"width\":283,\"height\":76,\"caption\":\"arromPSICOLOGIA\"},\"image\":{\"@id\":\"https:\\\/\\\/www.arrompsicologia.com\\\/#\\\/schema\\\/logo\\\/image\\\/\"},\"sameAs\":[\"https:\\\/\\\/www.facebook.com\\\/arromPSICOLOGIA\\\/?locale=es_ES\",\"https:\\\/\\\/www.instagram.com\\\/arrompsicologia\\\/?hl=es\"]}]}<\/script>\n<!-- \/ Yoast SEO plugin. -->","yoast_head_json":{"title":"Terapia psicol\u00f3gica para familias | arromPSICOLOGIA","description":"Terapia psicol\u00f3gica para familias en Inca para tratar rivalidad entre hermanos, relaci\u00f3n padres e hijos, adopciones y mediaci\u00f3n en el divorcio. Atenci\u00f3n psicol\u00f3gica personalizada en arromPSICOLOGIA.","robots":{"index":"index","follow":"follow","max-snippet":"max-snippet:-1","max-image-preview":"max-image-preview:large","max-video-preview":"max-video-preview:-1"},"canonical":"https:\/\/www.arrompsicologia.com\/ca\/familiar\/","og_locale":"ca_ES","og_type":"article","og_title":"Terapia psicol\u00f3gica para familias | arromPSICOLOGIA","og_description":"Terapia psicol\u00f3gica para familias en Inca para tratar rivalidad entre hermanos, relaci\u00f3n padres e hijos, adopciones y mediaci\u00f3n en el divorcio. Atenci\u00f3n psicol\u00f3gica personalizada en arromPSICOLOGIA.","og_url":"https:\/\/www.arrompsicologia.com\/ca\/familiar\/","og_site_name":"arromPSICOLOGIA","article_publisher":"https:\/\/www.facebook.com\/arromPSICOLOGIA\/?locale=es_ES","article_modified_time":"2026-02-22T08:51:44+00:00","og_image":[{"width":2028,"height":1702,"url":"https:\/\/www.arrompsicologia.com\/wp-content\/uploads\/2025\/11\/terapeuta-y-familia-sonriente-de-cerca-scaled-e1764434897352.jpg","type":"image\/jpeg"}],"twitter_card":"summary_large_image","twitter_misc":{"Temps estimat de lectura":"2 minuts"},"schema":{"@context":"https:\/\/schema.org","@graph":[{"@type":["WebPage","MedicalWebPage"],"@id":"https:\/\/www.arrompsicologia.com\/familiar\/","url":"https:\/\/www.arrompsicologia.com\/familiar\/","name":"Terapia psicol\u00f3gica para familias | arromPSICOLOGIA","isPartOf":{"@id":"https:\/\/www.arrompsicologia.com\/#website"},"primaryImageOfPage":{"@id":"https:\/\/www.arrompsicologia.com\/familiar\/#primaryimage"},"image":{"@id":"https:\/\/www.arrompsicologia.com\/familiar\/#primaryimage"},"thumbnailUrl":"https:\/\/www.arrompsicologia.com\/wp-content\/uploads\/2025\/11\/terapeuta-y-familia-sonriente-de-cerca-scaled-e1764434897352-1024x859.jpg","datePublished":"2025-11-30T17:46:28+00:00","dateModified":"2026-02-22T08:51:44+00:00","description":"Terapia psicol\u00f3gica para familias en Inca para tratar rivalidad entre hermanos, relaci\u00f3n padres e hijos, adopciones y mediaci\u00f3n en el divorcio. Atenci\u00f3n psicol\u00f3gica personalizada en arromPSICOLOGIA.","breadcrumb":{"@id":"https:\/\/www.arrompsicologia.com\/familiar\/#breadcrumb"},"inLanguage":"ca","potentialAction":[{"@type":"ReadAction","target":["https:\/\/www.arrompsicologia.com\/familiar\/"]}]},{"@type":"ImageObject","inLanguage":"ca","@id":"https:\/\/www.arrompsicologia.com\/familiar\/#primaryimage","url":"https:\/\/www.arrompsicologia.com\/wp-content\/uploads\/2025\/11\/terapeuta-y-familia-sonriente-de-cerca-scaled-e1764434897352-1024x859.jpg","contentUrl":"https:\/\/www.arrompsicologia.com\/wp-content\/uploads\/2025\/11\/terapeuta-y-familia-sonriente-de-cerca-scaled-e1764434897352-1024x859.jpg"},{"@type":"BreadcrumbList","@id":"https:\/\/www.arrompsicologia.com\/familiar\/#breadcrumb","itemListElement":[{"@type":"ListItem","position":1,"name":"Portada","item":"https:\/\/www.arrompsicologia.com\/"},{"@type":"ListItem","position":2,"name":"Familiar"}]},{"@type":"WebSite","@id":"https:\/\/www.arrompsicologia.com\/#website","url":"https:\/\/www.arrompsicologia.com\/","name":"Psicologia","description":"ArromPSICOLOGIA ofrece servicios en Inca de evaluaci\u00f3n, diagn\u00f3stico y tratamiento para ayudar a las personas a superar dificultades emocionales y mentales. Contamos con un equipo de profesionales dedicados a brindar terapia infantojuvenil, adultos, de pareja y familiar, as\u00ed como talleres de crecimiento personal. Nuestro objetivo es acompa\u00f1arte en tu camino hacia el bienestar emocional y la salud mental.","publisher":{"@id":"https:\/\/www.arrompsicologia.com\/#organization"},"potentialAction":[{"@type":"SearchAction","target":{"@type":"EntryPoint","urlTemplate":"https:\/\/www.arrompsicologia.com\/?s={search_term_string}"},"query-input":{"@type":"PropertyValueSpecification","valueRequired":true,"valueName":"search_term_string"}}],"inLanguage":"ca"},{"@type":"Organization","@id":"https:\/\/www.arrompsicologia.com\/#organization","name":"Psicologia","url":"https:\/\/www.arrompsicologia.com\/","logo":{"@type":"ImageObject","inLanguage":"ca","@id":"https:\/\/www.arrompsicologia.com\/#\/schema\/logo\/image\/","url":"https:\/\/www.arrompsicologia.com\/wp-content\/uploads\/2025\/02\/arromPSICOLOGIA-logo-2-1.svg","contentUrl":"https:\/\/www.arrompsicologia.com\/wp-content\/uploads\/2025\/02\/arromPSICOLOGIA-logo-2-1.svg","width":283,"height":76,"caption":"arromPSICOLOGIA"},"image":{"@id":"https:\/\/www.arrompsicologia.com\/#\/schema\/logo\/image\/"},"sameAs":["https:\/\/www.facebook.com\/arromPSICOLOGIA\/?locale=es_ES","https:\/\/www.instagram.com\/arrompsicologia\/?hl=es"]}]}},"_links":{"self":[{"href":"https:\/\/www.arrompsicologia.com\/ca\/wp-json\/wp\/v2\/pages\/489","targetHints":{"allow":["GET"]}}],"collection":[{"href":"https:\/\/www.arrompsicologia.com\/ca\/wp-json\/wp\/v2\/pages"}],"about":[{"href":"https:\/\/www.arrompsicologia.com\/ca\/wp-json\/wp\/v2\/types\/page"}],"author":[{"embeddable":true,"href":"https:\/\/www.arrompsicologia.com\/ca\/wp-json\/wp\/v2\/users\/2"}],"replies":[{"embeddable":true,"href":"https:\/\/www.arrompsicologia.com\/ca\/wp-json\/wp\/v2\/comments?post=489"}],"version-history":[{"count":49,"href":"https:\/\/www.arrompsicologia.com\/ca\/wp-json\/wp\/v2\/pages\/489\/revisions"}],"predecessor-version":[{"id":1693,"href":"https:\/\/www.arrompsicologia.com\/ca\/wp-json\/wp\/v2\/pages\/489\/revisions\/1693"}],"wp:attachment":[{"href":"https:\/\/www.arrompsicologia.com\/ca\/wp-json\/wp\/v2\/media?parent=489"}],"curies":[{"name":"wp","href":"https:\/\/api.w.org\/{rel}","templated":true}]}}