{"id":509,"date":"2025-11-30T18:50:39","date_gmt":"2025-11-30T17:50:39","guid":{"rendered":"http:\/\/localhost:8080\/?page_id=509"},"modified":"2026-02-22T09:54:39","modified_gmt":"2026-02-22T08:54:39","slug":"tecnicas-de-estudio","status":"publish","type":"page","link":"https:\/\/www.arrompsicologia.com\/ca\/tecnicas-de-estudio\/","title":{"rendered":"T\u00e8cniques d'estudi"},"content":{"rendered":"<div data-elementor-type=\"wp-page\" data-elementor-id=\"509\" class=\"elementor elementor-509\" data-elementor-post-type=\"page\">\n\t\t\t\t<div class=\"elementor-element elementor-element-f772848 e-flex e-con-boxed e-con e-parent\" data-id=\"f772848\" data-element_type=\"container\" data-e-type=\"container\">\n\t\t\t\t\t<div class=\"e-con-inner\">\n\t\t<div class=\"elementor-element elementor-element-324dbde e-con-full e-flex e-con e-child\" data-id=\"324dbde\" data-element_type=\"container\" data-e-type=\"container\">\n\t\t\t\t<div class=\"elementor-element elementor-element-caf85e1 elementor-widget elementor-widget-image\" data-id=\"caf85e1\" data-element_type=\"widget\" data-e-type=\"widget\" data-widget_type=\"image.default\">\n\t\t\t\t<div class=\"elementor-widget-container\">\n\t\t\t\t\t\t\t\t\t\t\t\t\t\t\t<img fetchpriority=\"high\" decoding=\"async\" width=\"800\" height=\"534\" src=\"https:\/\/www.arrompsicologia.com\/wp-content\/uploads\/2025\/11\/joven-equipo-de-companeros-de-trabajo-trabajando-en-proyecto-1024x683.jpg\" class=\"attachment-large size-large wp-image-233\" alt=\"t\u00e9cnicas de estudio en arromPSICOLOGIA gabinete de psicolog\u00eda Inca\" srcset=\"https:\/\/www.arrompsicologia.com\/wp-content\/uploads\/2025\/11\/joven-equipo-de-companeros-de-trabajo-trabajando-en-proyecto-1024x683.jpg 1024w, https:\/\/www.arrompsicologia.com\/wp-content\/uploads\/2025\/11\/joven-equipo-de-companeros-de-trabajo-trabajando-en-proyecto-300x200.jpg 300w, https:\/\/www.arrompsicologia.com\/wp-content\/uploads\/2025\/11\/joven-equipo-de-companeros-de-trabajo-trabajando-en-proyecto-768x512.jpg 768w, https:\/\/www.arrompsicologia.com\/wp-content\/uploads\/2025\/11\/joven-equipo-de-companeros-de-trabajo-trabajando-en-proyecto-1536x1024.jpg 1536w, https:\/\/www.arrompsicologia.com\/wp-content\/uploads\/2025\/11\/joven-equipo-de-companeros-de-trabajo-trabajando-en-proyecto-2048x1366.jpg 2048w\" sizes=\"(max-width: 800px) 100vw, 800px\" \/>\t\t\t\t\t\t\t\t\t\t\t\t\t\t\t<\/div>\n\t\t\t\t<\/div>\n\t\t\t\t<div class=\"elementor-element elementor-element-b1db729 elementor-widget elementor-widget-heading\" data-id=\"b1db729\" data-element_type=\"widget\" data-e-type=\"widget\" data-widget_type=\"heading.default\">\n\t\t\t\t<div class=\"elementor-widget-container\">\n\t\t\t\t\t<h2 class=\"elementor-heading-title elementor-size-default\"><i>\"Aprendre no \u00e9s q\u00fcesti\u00f3 de talent, sin\u00f3 de trobar l'estrat\u00e8gia que t'impulsa a avan\u00e7ar\"<\/i><\/h2>\t\t\t\t<\/div>\n\t\t\t\t<\/div>\n\t\t\t\t<\/div>\n\t\t<div class=\"elementor-element elementor-element-abdc9ba e-con-full e-flex e-con e-child\" data-id=\"abdc9ba\" data-element_type=\"container\" data-e-type=\"container\">\n\t\t\t\t<div class=\"elementor-element elementor-element-22a7967 elementor-widget elementor-widget-heading\" data-id=\"22a7967\" data-element_type=\"widget\" data-e-type=\"widget\" data-widget_type=\"heading.default\">\n\t\t\t\t<div class=\"elementor-widget-container\">\n\t\t\t\t\t<h2 class=\"elementor-heading-title elementor-size-default\">T\u00c8CNIQUES D'ESTUDI<\/h2>\t\t\t\t<\/div>\n\t\t\t\t<\/div>\n\t\t\t\t<div class=\"elementor-element elementor-element-97f81a3 elementor-widget elementor-widget-text-editor\" data-id=\"97f81a3\" data-element_type=\"widget\" data-e-type=\"widget\" data-widget_type=\"text-editor.default\">\n\t\t\t\t<div class=\"elementor-widget-container\">\n\t\t\t\t\t\t\t\t\t<p data-start=\"149\" data-end=\"553\">Les t\u00e8cniques destudi s\u00f3n eines fonamentals per millorar el rendiment acad\u00e8mic i aprendre de forma m\u00e9s eficient. No \u00e9s nom\u00e9s estudiar m\u00e9s hores, sin\u00f3 aprendre a estudiar millor. Cada estudiant t\u00e9 el seu propi estil daprenentatge, per aix\u00f2 \u00e9s essencial treballar estrat\u00e8gies personalitzades que ajudin a organitzar-se, concentrar-se i comprendre la informaci\u00f3 de manera m\u00e9s profunda.<\/p><p data-start=\"555\" data-end=\"987\">A les sessions de t\u00e8cniques d'estudi s'ensenyen m\u00e8todes pr\u00e0ctics per planificar el temps, seleccionar la informaci\u00f3 rellevant, elaborar resums i esquemes, millorar la mem\u00f2ria, preparar ex\u00e0mens i desenvolupar h\u00e0bits saludables que afavoreixin la const\u00e0ncia. Aquestes habilitats no nom\u00e9s permeten obtenir millors resultats acad\u00e8mics, sin\u00f3 que augmenten la confian\u00e7a de l'estudiant i la capacitat per enfrontar-se a nous reptes.<\/p><p data-start=\"989\" data-end=\"1184\">L'objectiu \u00e9s que cada alumne descobreixi com aprendre de forma aut\u00f2noma, efica\u00e7 i motivadora, desenvolupant recursos que us serviran tant en la seva etapa educativa actual com al llarg de la seva vida.<\/p>\t\t\t\t\t\t\t\t<\/div>\n\t\t\t\t<\/div>\n\t\t\t\t<div class=\"elementor-element elementor-element-262b452 elementor-widget elementor-widget-heading\" data-id=\"262b452\" data-element_type=\"widget\" data-e-type=\"widget\" data-widget_type=\"heading.default\">\n\t\t\t\t<div class=\"elementor-widget-container\">\n\t\t\t\t\t<h2 class=\"elementor-heading-title elementor-size-default\">Quins problemes tractem?<\/h2>\t\t\t\t<\/div>\n\t\t\t\t<\/div>\n\t\t\t\t<div class=\"elementor-element elementor-element-3e9c511 elementor-icon-list--layout-traditional elementor-list-item-link-full_width elementor-widget elementor-widget-icon-list\" data-id=\"3e9c511\" data-element_type=\"widget\" data-e-type=\"widget\" data-widget_type=\"icon-list.default\">\n\t\t\t\t<div class=\"elementor-widget-container\">\n\t\t\t\t\t\t\t<ul class=\"elementor-icon-list-items\">\n\t\t\t\t\t\t\t<li class=\"elementor-icon-list-item\">\n\t\t\t\t\t\t\t\t\t\t\t<span class=\"elementor-icon-list-icon\">\n\t\t\t\t\t\t\t<svg aria-hidden=\"true\" class=\"e-font-icon-svg e-fas-chevron-circle-right\" viewbox=\"0 0 512 512\" xmlns=\"http:\/\/www.w3.org\/2000\/svg\"><path d=\"M256 8c137 0 248 111 248 248S393 504 256 504 8 393 8 256 119 8 256 8zm113.9 231L234.4 103.5c-9.4-9.4-24.6-9.4-33.9 0l-17 17c-9.4 9.4-9.4 24.6 0 33.9L285.1 256 183.5 357.6c-9.4 9.4-9.4 24.6 0 33.9l17 17c9.4 9.4 24.6 9.4 33.9 0L369.9 273c9.4-9.4 9.4-24.6 0-34z\"><\/path><\/svg>\t\t\t\t\t\t<\/span>\n\t\t\t\t\t\t\t\t\t\t<span class=\"elementor-icon-list-text\">Desorganitzaci\u00f3 i mala gesti\u00f3 del temps<\/span>\n\t\t\t\t\t\t\t\t\t<\/li>\n\t\t\t\t\t\t\t\t<li class=\"elementor-icon-list-item\">\n\t\t\t\t\t\t\t\t\t\t\t<span class=\"elementor-icon-list-icon\">\n\t\t\t\t\t\t\t<svg aria-hidden=\"true\" class=\"e-font-icon-svg e-fas-chevron-circle-right\" viewbox=\"0 0 512 512\" xmlns=\"http:\/\/www.w3.org\/2000\/svg\"><path d=\"M256 8c137 0 248 111 248 248S393 504 256 504 8 393 8 256 119 8 256 8zm113.9 231L234.4 103.5c-9.4-9.4-24.6-9.4-33.9 0l-17 17c-9.4 9.4-9.4 24.6 0 33.9L285.1 256 183.5 357.6c-9.4 9.4-9.4 24.6 0 33.9l17 17c9.4 9.4 24.6 9.4 33.9 0L369.9 273c9.4-9.4 9.4-24.6 0-34z\"><\/path><\/svg>\t\t\t\t\t\t<\/span>\n\t\t\t\t\t\t\t\t\t\t<span class=\"elementor-icon-list-text\">Manca de concentraci\u00f3 i distracci\u00f3 freq\u00fcent<\/span>\n\t\t\t\t\t\t\t\t\t<\/li>\n\t\t\t\t\t\t\t\t<li class=\"elementor-icon-list-item\">\n\t\t\t\t\t\t\t\t\t\t\t<span class=\"elementor-icon-list-icon\">\n\t\t\t\t\t\t\t<svg aria-hidden=\"true\" class=\"e-font-icon-svg e-fas-chevron-circle-right\" viewbox=\"0 0 512 512\" xmlns=\"http:\/\/www.w3.org\/2000\/svg\"><path d=\"M256 8c137 0 248 111 248 248S393 504 256 504 8 393 8 256 119 8 256 8zm113.9 231L234.4 103.5c-9.4-9.4-24.6-9.4-33.9 0l-17 17c-9.4 9.4-9.4 24.6 0 33.9L285.1 256 183.5 357.6c-9.4 9.4-9.4 24.6 0 33.9l17 17c9.4 9.4 24.6 9.4 33.9 0L369.9 273c9.4-9.4 9.4-24.6 0-34z\"><\/path><\/svg>\t\t\t\t\t\t<\/span>\n\t\t\t\t\t\t\t\t\t\t<span class=\"elementor-icon-list-text\">M\u00e8todes destudi ineficients<\/span>\n\t\t\t\t\t\t\t\t\t<\/li>\n\t\t\t\t\t\t<\/ul>\n\t\t\t\t\t\t<\/div>\n\t\t\t\t<\/div>\n\t\t\t\t<\/div>\n\t\t\t\t\t<\/div>\n\t\t\t\t<\/div>\n\t\t\t\t<\/div>","protected":false},"excerpt":{"rendered":"<p>\u201cAprender no es cuesti\u00f3n de talento, sino de encontrar la estrategia que te impulsa a avanzar\u201d T\u00c9CNICAS DE ESTUDIO Las t\u00e9cnicas de estudio son herramientas fundamentales para mejorar el rendimiento acad\u00e9mico y aprender de forma m\u00e1s eficiente. No se trata solo de estudiar m\u00e1s horas, sino de aprender a estudiar mejor. Cada estudiante tiene su [&hellip;]<\/p>\n","protected":false},"author":2,"featured_media":0,"parent":0,"menu_order":0,"comment_status":"closed","ping_status":"closed","template":"","meta":{"footnotes":""},"class_list":["post-509","page","type-page","status-publish","hentry"],"yoast_head":"<!-- This site is optimized with the Yoast SEO plugin v27.4 - https:\/\/yoast.com\/product\/yoast-seo-wordpress\/ -->\n<title>T\u00e9cnicas de estudio | arromPSICOLOGIA<\/title>\n<meta name=\"description\" content=\"T\u00e9cnicas de estudio en Inca para mejorar la concentraci\u00f3n, organizaci\u00f3n y rendimiento acad\u00e9mico. Aprende a estudiar de forma eficaz con apoyo psicol\u00f3gico.\" \/>\n<meta name=\"robots\" content=\"index, follow, max-snippet:-1, max-image-preview:large, max-video-preview:-1\" \/>\n<link rel=\"canonical\" href=\"https:\/\/www.arrompsicologia.com\/ca\/tecnicas-de-estudio\/\" \/>\n<meta property=\"og:locale\" content=\"ca_ES\" \/>\n<meta property=\"og:type\" content=\"article\" \/>\n<meta property=\"og:title\" content=\"T\u00e9cnicas de estudio | arromPSICOLOGIA\" \/>\n<meta property=\"og:description\" content=\"T\u00e9cnicas de estudio en Inca para mejorar la concentraci\u00f3n, organizaci\u00f3n y rendimiento acad\u00e9mico. Aprende a estudiar de forma eficaz con apoyo psicol\u00f3gico.\" \/>\n<meta property=\"og:url\" content=\"https:\/\/www.arrompsicologia.com\/ca\/tecnicas-de-estudio\/\" \/>\n<meta property=\"og:site_name\" content=\"arromPSICOLOGIA\" \/>\n<meta property=\"article:publisher\" content=\"https:\/\/www.facebook.com\/arromPSICOLOGIA\/?locale=es_ES\" \/>\n<meta property=\"article:modified_time\" content=\"2026-02-22T08:54:39+00:00\" \/>\n<meta property=\"og:image\" content=\"https:\/\/www.arrompsicologia.com\/wp-content\/uploads\/2025\/11\/joven-equipo-de-companeros-de-trabajo-trabajando-en-proyecto-scaled.jpg\" \/>\n\t<meta property=\"og:image:width\" content=\"2560\" \/>\n\t<meta property=\"og:image:height\" content=\"1707\" \/>\n\t<meta property=\"og:image:type\" content=\"image\/jpeg\" \/>\n<meta name=\"twitter:card\" content=\"summary_large_image\" \/>\n<meta name=\"twitter:label1\" content=\"Temps estimat de lectura\" \/>\n\t<meta name=\"twitter:data1\" content=\"2 minuts\" \/>\n<script type=\"application\/ld+json\" class=\"yoast-schema-graph\">{\"@context\":\"https:\\\/\\\/schema.org\",\"@graph\":[{\"@type\":\"WebPage\",\"@id\":\"https:\\\/\\\/www.arrompsicologia.com\\\/tecnicas-de-estudio\\\/\",\"url\":\"https:\\\/\\\/www.arrompsicologia.com\\\/tecnicas-de-estudio\\\/\",\"name\":\"T\u00e9cnicas de estudio | arromPSICOLOGIA\",\"isPartOf\":{\"@id\":\"https:\\\/\\\/www.arrompsicologia.com\\\/#website\"},\"primaryImageOfPage\":{\"@id\":\"https:\\\/\\\/www.arrompsicologia.com\\\/tecnicas-de-estudio\\\/#primaryimage\"},\"image\":{\"@id\":\"https:\\\/\\\/www.arrompsicologia.com\\\/tecnicas-de-estudio\\\/#primaryimage\"},\"thumbnailUrl\":\"https:\\\/\\\/www.arrompsicologia.com\\\/wp-content\\\/uploads\\\/2025\\\/11\\\/joven-equipo-de-companeros-de-trabajo-trabajando-en-proyecto-1024x683.jpg\",\"datePublished\":\"2025-11-30T17:50:39+00:00\",\"dateModified\":\"2026-02-22T08:54:39+00:00\",\"description\":\"T\u00e9cnicas de estudio en Inca para mejorar la concentraci\u00f3n, organizaci\u00f3n y rendimiento acad\u00e9mico. Aprende a estudiar de forma eficaz con apoyo psicol\u00f3gico.\",\"breadcrumb\":{\"@id\":\"https:\\\/\\\/www.arrompsicologia.com\\\/tecnicas-de-estudio\\\/#breadcrumb\"},\"inLanguage\":\"ca\",\"potentialAction\":[{\"@type\":\"ReadAction\",\"target\":[\"https:\\\/\\\/www.arrompsicologia.com\\\/tecnicas-de-estudio\\\/\"]}]},{\"@type\":\"ImageObject\",\"inLanguage\":\"ca\",\"@id\":\"https:\\\/\\\/www.arrompsicologia.com\\\/tecnicas-de-estudio\\\/#primaryimage\",\"url\":\"https:\\\/\\\/www.arrompsicologia.com\\\/wp-content\\\/uploads\\\/2025\\\/11\\\/joven-equipo-de-companeros-de-trabajo-trabajando-en-proyecto-1024x683.jpg\",\"contentUrl\":\"https:\\\/\\\/www.arrompsicologia.com\\\/wp-content\\\/uploads\\\/2025\\\/11\\\/joven-equipo-de-companeros-de-trabajo-trabajando-en-proyecto-1024x683.jpg\"},{\"@type\":\"BreadcrumbList\",\"@id\":\"https:\\\/\\\/www.arrompsicologia.com\\\/tecnicas-de-estudio\\\/#breadcrumb\",\"itemListElement\":[{\"@type\":\"ListItem\",\"position\":1,\"name\":\"Portada\",\"item\":\"https:\\\/\\\/www.arrompsicologia.com\\\/\"},{\"@type\":\"ListItem\",\"position\":2,\"name\":\"T\u00e9cnicas de estudio\"}]},{\"@type\":\"WebSite\",\"@id\":\"https:\\\/\\\/www.arrompsicologia.com\\\/#website\",\"url\":\"https:\\\/\\\/www.arrompsicologia.com\\\/\",\"name\":\"arromPSICOLOGIA\",\"description\":\"ArromPSICOLOGIA ofrece servicios en Inca de evaluaci\u00f3n, diagn\u00f3stico y tratamiento para ayudar a las personas a superar dificultades emocionales y mentales. Contamos con un equipo de profesionales dedicados a brindar terapia infantojuvenil, adultos, de pareja y familiar, as\u00ed como talleres de crecimiento personal. Nuestro objetivo es acompa\u00f1arte en tu camino hacia el bienestar emocional y la salud mental.\",\"publisher\":{\"@id\":\"https:\\\/\\\/www.arrompsicologia.com\\\/#organization\"},\"potentialAction\":[{\"@type\":\"SearchAction\",\"target\":{\"@type\":\"EntryPoint\",\"urlTemplate\":\"https:\\\/\\\/www.arrompsicologia.com\\\/?s={search_term_string}\"},\"query-input\":{\"@type\":\"PropertyValueSpecification\",\"valueRequired\":true,\"valueName\":\"search_term_string\"}}],\"inLanguage\":\"ca\"},{\"@type\":\"Organization\",\"@id\":\"https:\\\/\\\/www.arrompsicologia.com\\\/#organization\",\"name\":\"arromPSICOLOGIA\",\"url\":\"https:\\\/\\\/www.arrompsicologia.com\\\/\",\"logo\":{\"@type\":\"ImageObject\",\"inLanguage\":\"ca\",\"@id\":\"https:\\\/\\\/www.arrompsicologia.com\\\/#\\\/schema\\\/logo\\\/image\\\/\",\"url\":\"https:\\\/\\\/www.arrompsicologia.com\\\/wp-content\\\/uploads\\\/2025\\\/02\\\/arromPSICOLOGIA-logo-2-1.svg\",\"contentUrl\":\"https:\\\/\\\/www.arrompsicologia.com\\\/wp-content\\\/uploads\\\/2025\\\/02\\\/arromPSICOLOGIA-logo-2-1.svg\",\"width\":283,\"height\":76,\"caption\":\"arromPSICOLOGIA\"},\"image\":{\"@id\":\"https:\\\/\\\/www.arrompsicologia.com\\\/#\\\/schema\\\/logo\\\/image\\\/\"},\"sameAs\":[\"https:\\\/\\\/www.facebook.com\\\/arromPSICOLOGIA\\\/?locale=es_ES\",\"https:\\\/\\\/www.instagram.com\\\/arrompsicologia\\\/?hl=es\"]}]}<\/script>\n<!-- \/ Yoast SEO plugin. -->","yoast_head_json":{"title":"T\u00e9cnicas de estudio | arromPSICOLOGIA","description":"T\u00e9cnicas de estudio en Inca para mejorar la concentraci\u00f3n, organizaci\u00f3n y rendimiento acad\u00e9mico. Aprende a estudiar de forma eficaz con apoyo psicol\u00f3gico.","robots":{"index":"index","follow":"follow","max-snippet":"max-snippet:-1","max-image-preview":"max-image-preview:large","max-video-preview":"max-video-preview:-1"},"canonical":"https:\/\/www.arrompsicologia.com\/ca\/tecnicas-de-estudio\/","og_locale":"ca_ES","og_type":"article","og_title":"T\u00e9cnicas de estudio | arromPSICOLOGIA","og_description":"T\u00e9cnicas de estudio en Inca para mejorar la concentraci\u00f3n, organizaci\u00f3n y rendimiento acad\u00e9mico. Aprende a estudiar de forma eficaz con apoyo psicol\u00f3gico.","og_url":"https:\/\/www.arrompsicologia.com\/ca\/tecnicas-de-estudio\/","og_site_name":"arromPSICOLOGIA","article_publisher":"https:\/\/www.facebook.com\/arromPSICOLOGIA\/?locale=es_ES","article_modified_time":"2026-02-22T08:54:39+00:00","og_image":[{"width":2560,"height":1707,"url":"https:\/\/www.arrompsicologia.com\/wp-content\/uploads\/2025\/11\/joven-equipo-de-companeros-de-trabajo-trabajando-en-proyecto-scaled.jpg","type":"image\/jpeg"}],"twitter_card":"summary_large_image","twitter_misc":{"Temps estimat de lectura":"2 minuts"},"schema":{"@context":"https:\/\/schema.org","@graph":[{"@type":"WebPage","@id":"https:\/\/www.arrompsicologia.com\/tecnicas-de-estudio\/","url":"https:\/\/www.arrompsicologia.com\/tecnicas-de-estudio\/","name":"T\u00e9cnicas de estudio | arromPSICOLOGIA","isPartOf":{"@id":"https:\/\/www.arrompsicologia.com\/#website"},"primaryImageOfPage":{"@id":"https:\/\/www.arrompsicologia.com\/tecnicas-de-estudio\/#primaryimage"},"image":{"@id":"https:\/\/www.arrompsicologia.com\/tecnicas-de-estudio\/#primaryimage"},"thumbnailUrl":"https:\/\/www.arrompsicologia.com\/wp-content\/uploads\/2025\/11\/joven-equipo-de-companeros-de-trabajo-trabajando-en-proyecto-1024x683.jpg","datePublished":"2025-11-30T17:50:39+00:00","dateModified":"2026-02-22T08:54:39+00:00","description":"T\u00e9cnicas de estudio en Inca para mejorar la concentraci\u00f3n, organizaci\u00f3n y rendimiento acad\u00e9mico. Aprende a estudiar de forma eficaz con apoyo psicol\u00f3gico.","breadcrumb":{"@id":"https:\/\/www.arrompsicologia.com\/tecnicas-de-estudio\/#breadcrumb"},"inLanguage":"ca","potentialAction":[{"@type":"ReadAction","target":["https:\/\/www.arrompsicologia.com\/tecnicas-de-estudio\/"]}]},{"@type":"ImageObject","inLanguage":"ca","@id":"https:\/\/www.arrompsicologia.com\/tecnicas-de-estudio\/#primaryimage","url":"https:\/\/www.arrompsicologia.com\/wp-content\/uploads\/2025\/11\/joven-equipo-de-companeros-de-trabajo-trabajando-en-proyecto-1024x683.jpg","contentUrl":"https:\/\/www.arrompsicologia.com\/wp-content\/uploads\/2025\/11\/joven-equipo-de-companeros-de-trabajo-trabajando-en-proyecto-1024x683.jpg"},{"@type":"BreadcrumbList","@id":"https:\/\/www.arrompsicologia.com\/tecnicas-de-estudio\/#breadcrumb","itemListElement":[{"@type":"ListItem","position":1,"name":"Portada","item":"https:\/\/www.arrompsicologia.com\/"},{"@type":"ListItem","position":2,"name":"T\u00e9cnicas de estudio"}]},{"@type":"WebSite","@id":"https:\/\/www.arrompsicologia.com\/#website","url":"https:\/\/www.arrompsicologia.com\/","name":"Psicologia","description":"ArromPSICOLOGIA ofrece servicios en Inca de evaluaci\u00f3n, diagn\u00f3stico y tratamiento para ayudar a las personas a superar dificultades emocionales y mentales. Contamos con un equipo de profesionales dedicados a brindar terapia infantojuvenil, adultos, de pareja y familiar, as\u00ed como talleres de crecimiento personal. Nuestro objetivo es acompa\u00f1arte en tu camino hacia el bienestar emocional y la salud mental.","publisher":{"@id":"https:\/\/www.arrompsicologia.com\/#organization"},"potentialAction":[{"@type":"SearchAction","target":{"@type":"EntryPoint","urlTemplate":"https:\/\/www.arrompsicologia.com\/?s={search_term_string}"},"query-input":{"@type":"PropertyValueSpecification","valueRequired":true,"valueName":"search_term_string"}}],"inLanguage":"ca"},{"@type":"Organization","@id":"https:\/\/www.arrompsicologia.com\/#organization","name":"Psicologia","url":"https:\/\/www.arrompsicologia.com\/","logo":{"@type":"ImageObject","inLanguage":"ca","@id":"https:\/\/www.arrompsicologia.com\/#\/schema\/logo\/image\/","url":"https:\/\/www.arrompsicologia.com\/wp-content\/uploads\/2025\/02\/arromPSICOLOGIA-logo-2-1.svg","contentUrl":"https:\/\/www.arrompsicologia.com\/wp-content\/uploads\/2025\/02\/arromPSICOLOGIA-logo-2-1.svg","width":283,"height":76,"caption":"arromPSICOLOGIA"},"image":{"@id":"https:\/\/www.arrompsicologia.com\/#\/schema\/logo\/image\/"},"sameAs":["https:\/\/www.facebook.com\/arromPSICOLOGIA\/?locale=es_ES","https:\/\/www.instagram.com\/arrompsicologia\/?hl=es"]}]}},"_links":{"self":[{"href":"https:\/\/www.arrompsicologia.com\/ca\/wp-json\/wp\/v2\/pages\/509","targetHints":{"allow":["GET"]}}],"collection":[{"href":"https:\/\/www.arrompsicologia.com\/ca\/wp-json\/wp\/v2\/pages"}],"about":[{"href":"https:\/\/www.arrompsicologia.com\/ca\/wp-json\/wp\/v2\/types\/page"}],"author":[{"embeddable":true,"href":"https:\/\/www.arrompsicologia.com\/ca\/wp-json\/wp\/v2\/users\/2"}],"replies":[{"embeddable":true,"href":"https:\/\/www.arrompsicologia.com\/ca\/wp-json\/wp\/v2\/comments?post=509"}],"version-history":[{"count":37,"href":"https:\/\/www.arrompsicologia.com\/ca\/wp-json\/wp\/v2\/pages\/509\/revisions"}],"predecessor-version":[{"id":1708,"href":"https:\/\/www.arrompsicologia.com\/ca\/wp-json\/wp\/v2\/pages\/509\/revisions\/1708"}],"wp:attachment":[{"href":"https:\/\/www.arrompsicologia.com\/ca\/wp-json\/wp\/v2\/media?parent=509"}],"curies":[{"name":"wp","href":"https:\/\/api.w.org\/{rel}","templated":true}]}}