{"id":557,"date":"2025-11-30T19:28:32","date_gmt":"2025-11-30T18:28:32","guid":{"rendered":"http:\/\/localhost:8080\/?page_id=557"},"modified":"2026-02-22T09:51:47","modified_gmt":"2026-02-22T08:51:47","slug":"neuropsicologia","status":"publish","type":"page","link":"https:\/\/www.arrompsicologia.com\/ca\/neuropsicologia\/","title":{"rendered":"Neuropsicologia"},"content":{"rendered":"<div data-elementor-type=\"wp-page\" data-elementor-id=\"557\" class=\"elementor elementor-557\" data-elementor-post-type=\"page\">\n\t\t\t\t<div class=\"elementor-element elementor-element-6d50d64 e-flex e-con-boxed e-con e-parent\" data-id=\"6d50d64\" data-element_type=\"container\" data-e-type=\"container\">\n\t\t\t\t\t<div class=\"e-con-inner\">\n\t\t<div class=\"elementor-element elementor-element-3de7820 e-con-full e-flex e-con e-child\" data-id=\"3de7820\" data-element_type=\"container\" data-e-type=\"container\">\n\t\t\t\t<div class=\"elementor-element elementor-element-d33dc90 elementor-widget elementor-widget-image\" data-id=\"d33dc90\" data-element_type=\"widget\" data-e-type=\"widget\" data-widget_type=\"image.default\">\n\t\t\t\t<div class=\"elementor-widget-container\">\n\t\t\t\t\t\t\t\t\t\t\t\t\t\t\t<img fetchpriority=\"high\" decoding=\"async\" width=\"681\" height=\"600\" src=\"https:\/\/www.arrompsicologia.com\/wp-content\/uploads\/2025\/02\/image-1-e1764434956428.png\" class=\"attachment-large size-large wp-image-184\" alt=\"neuropsicolog\u00eda en arromPSICOLOGIA gabinete de psicolog\u00eda Inca\" srcset=\"https:\/\/www.arrompsicologia.com\/wp-content\/uploads\/2025\/02\/image-1-e1764434956428.png 681w, https:\/\/www.arrompsicologia.com\/wp-content\/uploads\/2025\/02\/image-1-e1764434956428-300x264.png 300w\" sizes=\"(max-width: 681px) 100vw, 681px\" \/>\t\t\t\t\t\t\t\t\t\t\t\t\t\t\t<\/div>\n\t\t\t\t<\/div>\n\t\t\t\t<div class=\"elementor-element elementor-element-d62e947 elementor-widget elementor-widget-heading\" data-id=\"d62e947\" data-element_type=\"widget\" data-e-type=\"widget\" data-widget_type=\"heading.default\">\n\t\t\t\t<div class=\"elementor-widget-container\">\n\t\t\t\t\t<h2 class=\"elementor-heading-title elementor-size-default\"><i>\u201cLa ment pot trobar nous camins fins i tot quan alguns semblen haver-se esborrat\u201d<\/i><\/h2>\t\t\t\t<\/div>\n\t\t\t\t<\/div>\n\t\t\t\t<\/div>\n\t\t<div class=\"elementor-element elementor-element-61e522c e-con-full e-flex e-con e-child\" data-id=\"61e522c\" data-element_type=\"container\" data-e-type=\"container\">\n\t\t\t\t<div class=\"elementor-element elementor-element-1bcf4d5 elementor-widget elementor-widget-heading\" data-id=\"1bcf4d5\" data-element_type=\"widget\" data-e-type=\"widget\" data-widget_type=\"heading.default\">\n\t\t\t\t<div class=\"elementor-widget-container\">\n\t\t\t\t\t<h2 class=\"elementor-heading-title elementor-size-default\">NEUROPSICOLOGIA<\/h2>\t\t\t\t<\/div>\n\t\t\t\t<\/div>\n\t\t\t\t<div class=\"elementor-element elementor-element-260b86b elementor-widget elementor-widget-text-editor\" data-id=\"260b86b\" data-element_type=\"widget\" data-e-type=\"widget\" data-widget_type=\"text-editor.default\">\n\t\t\t\t<div class=\"elementor-widget-container\">\n\t\t\t\t\t\t\t\t\t<p>La intervenci\u00f3 neuropsicol\u00f2gica \u00e9s fonamental per comprendre i tractar els canvis cognitius i emocionals associats a l'envelliment. Mitjan\u00e7ant una avaluaci\u00f3 completa amb proves estandarditzades, es detecten signes primerencs de deteriorament cognitiu \u2013com dem\u00e8ncia o Alzheimer\u2013 i es dissenyen plans de tractament personalitzats.<\/p><p>La rehabilitaci\u00f3 cognitiva personalitzada \u00e9s una part fonamental del nostre enfocament. Treballem per mantenir i millorar les habilitats cognitives afectades per l'envelliment, aplicant exercicis espec\u00edfics i estrat\u00e8gies adaptades a les necessitats individuals. Aix\u00f2 ajuda a promoure la independ\u00e8ncia i la qualitat de vida di\u00e0ria en enfortir la mem\u00f2ria, latenci\u00f3 i altres funcions executives.<\/p><p>Per a aquells amb trastorns cognitius m\u00e9s complexos, com la dem\u00e8ncia, oferim intervencions especialitzades que manegen els s\u00edmptomes i milloren la funcionalitat general. Creem entorns estimulants i segurs, dissenyem rutines adaptatives i proporcionem t\u00e8cniques per facilitar la comunicaci\u00f3 i l'adaptaci\u00f3 a les limitacions cognitives.<\/p><p>A m\u00e9s del suport cognitiu, brindem atenci\u00f3 psicoemocional per ajudar els adults grans a enfrontar els desafiaments emocionals que poden acompanyar l'envelliment. Oferim educaci\u00f3 i formaci\u00f3 a familiars i cuidadors, assegurant una xarxa de suport efica\u00e7 que millora tant el benestar de l'individu com la din\u00e0mica familiar.<\/p>\t\t\t\t\t\t\t\t<\/div>\n\t\t\t\t<\/div>\n\t\t\t\t<div class=\"elementor-element elementor-element-b43fd31 elementor-widget elementor-widget-heading\" data-id=\"b43fd31\" data-element_type=\"widget\" data-e-type=\"widget\" data-widget_type=\"heading.default\">\n\t\t\t\t<div class=\"elementor-widget-container\">\n\t\t\t\t\t<h2 class=\"elementor-heading-title elementor-size-default\">Quins problemes tractem?<\/h2>\t\t\t\t<\/div>\n\t\t\t\t<\/div>\n\t\t\t\t<div class=\"elementor-element elementor-element-a6b454a elementor-mobile-align-start elementor-icon-list--layout-traditional elementor-list-item-link-full_width elementor-widget elementor-widget-icon-list\" data-id=\"a6b454a\" data-element_type=\"widget\" data-e-type=\"widget\" data-widget_type=\"icon-list.default\">\n\t\t\t\t<div class=\"elementor-widget-container\">\n\t\t\t\t\t\t\t<ul class=\"elementor-icon-list-items\">\n\t\t\t\t\t\t\t<li class=\"elementor-icon-list-item\">\n\t\t\t\t\t\t\t\t\t\t\t<span class=\"elementor-icon-list-icon\">\n\t\t\t\t\t\t\t<svg aria-hidden=\"true\" class=\"e-font-icon-svg e-fas-chevron-circle-right\" viewbox=\"0 0 512 512\" xmlns=\"http:\/\/www.w3.org\/2000\/svg\"><path d=\"M256 8c137 0 248 111 248 248S393 504 256 504 8 393 8 256 119 8 256 8zm113.9 231L234.4 103.5c-9.4-9.4-24.6-9.4-33.9 0l-17 17c-9.4 9.4-9.4 24.6 0 33.9L285.1 256 183.5 357.6c-9.4 9.4-9.4 24.6 0 33.9l17 17c9.4 9.4 24.6 9.4 33.9 0L369.9 273c9.4-9.4 9.4-24.6 0-34z\"><\/path><\/svg>\t\t\t\t\t\t<\/span>\n\t\t\t\t\t\t\t\t\t\t<span class=\"elementor-icon-list-text\">Avaluaci\u00f3 integral<\/span>\n\t\t\t\t\t\t\t\t\t<\/li>\n\t\t\t\t\t\t\t\t<li class=\"elementor-icon-list-item\">\n\t\t\t\t\t\t\t\t\t\t\t<span class=\"elementor-icon-list-icon\">\n\t\t\t\t\t\t\t<svg aria-hidden=\"true\" class=\"e-font-icon-svg e-fas-chevron-circle-right\" viewbox=\"0 0 512 512\" xmlns=\"http:\/\/www.w3.org\/2000\/svg\"><path d=\"M256 8c137 0 248 111 248 248S393 504 256 504 8 393 8 256 119 8 256 8zm113.9 231L234.4 103.5c-9.4-9.4-24.6-9.4-33.9 0l-17 17c-9.4 9.4-9.4 24.6 0 33.9L285.1 256 183.5 357.6c-9.4 9.4-9.4 24.6 0 33.9l17 17c9.4 9.4 24.6 9.4 33.9 0L369.9 273c9.4-9.4 9.4-24.6 0-34z\"><\/path><\/svg>\t\t\t\t\t\t<\/span>\n\t\t\t\t\t\t\t\t\t\t<span class=\"elementor-icon-list-text\">Rehabilitaci\u00f3 cognitiva personalitzada<\/span>\n\t\t\t\t\t\t\t\t\t<\/li>\n\t\t\t\t\t\t\t\t<li class=\"elementor-icon-list-item\">\n\t\t\t\t\t\t\t\t\t\t\t<span class=\"elementor-icon-list-icon\">\n\t\t\t\t\t\t\t<svg aria-hidden=\"true\" class=\"e-font-icon-svg e-fas-chevron-circle-right\" viewbox=\"0 0 512 512\" xmlns=\"http:\/\/www.w3.org\/2000\/svg\"><path d=\"M256 8c137 0 248 111 248 248S393 504 256 504 8 393 8 256 119 8 256 8zm113.9 231L234.4 103.5c-9.4-9.4-24.6-9.4-33.9 0l-17 17c-9.4 9.4-9.4 24.6 0 33.9L285.1 256 183.5 357.6c-9.4 9.4-9.4 24.6 0 33.9l17 17c9.4 9.4 24.6 9.4 33.9 0L369.9 273c9.4-9.4 9.4-24.6 0-34z\"><\/path><\/svg>\t\t\t\t\t\t<\/span>\n\t\t\t\t\t\t\t\t\t\t<span class=\"elementor-icon-list-text\">Suport Psicoemocional i Familiar<\/span>\n\t\t\t\t\t\t\t\t\t<\/li>\n\t\t\t\t\t\t<\/ul>\n\t\t\t\t\t\t<\/div>\n\t\t\t\t<\/div>\n\t\t\t\t<\/div>\n\t\t\t\t\t<\/div>\n\t\t\t\t<\/div>\n\t\t\t\t<\/div>","protected":false},"excerpt":{"rendered":"<p>\u201cLa mente puede encontrar nuevos caminos incluso cuando algunos parecen haberse borrado\u201d NEUROPSICOLOG\u00cdA La intervenci\u00f3n neuropsicol\u00f3gica es fundamental para comprender y tratar los cambios cognitivos y emocionales asociados al envejecimiento. Mediante una evaluaci\u00f3n completa con pruebas estandarizadas, se detectan signos tempranos de deterioro cognitivo \u2014como demencia o Alzheimer\u2014 y se dise\u00f1an planes de tratamiento personalizados. [&hellip;]<\/p>\n","protected":false},"author":2,"featured_media":0,"parent":0,"menu_order":0,"comment_status":"closed","ping_status":"closed","template":"","meta":{"footnotes":""},"class_list":["post-557","page","type-page","status-publish","hentry"],"yoast_head":"<!-- This site is optimized with the Yoast SEO plugin v27.4 - https:\/\/yoast.com\/product\/yoast-seo-wordpress\/ -->\n<title>Intervenci\u00f3n neuropsicol\u00f3gica | arromPSICOLOGIA<\/title>\n<meta name=\"description\" content=\"Servicio de neuropsicolog\u00eda en Inca. Evaluaci\u00f3n y rehabilitaci\u00f3n cognitiva para demencia, Alzheimer y deterioro cognitivo. Atenci\u00f3n profesional personalizada.\" \/>\n<meta name=\"robots\" content=\"index, follow, max-snippet:-1, max-image-preview:large, max-video-preview:-1\" \/>\n<link rel=\"canonical\" href=\"https:\/\/www.arrompsicologia.com\/ca\/neuropsicologia\/\" \/>\n<meta property=\"og:locale\" content=\"ca_ES\" \/>\n<meta property=\"og:type\" content=\"article\" \/>\n<meta property=\"og:title\" content=\"Intervenci\u00f3n neuropsicol\u00f3gica | arromPSICOLOGIA\" \/>\n<meta property=\"og:description\" content=\"Servicio de neuropsicolog\u00eda en Inca. Evaluaci\u00f3n y rehabilitaci\u00f3n cognitiva para demencia, Alzheimer y deterioro cognitivo. Atenci\u00f3n profesional personalizada.\" \/>\n<meta property=\"og:url\" content=\"https:\/\/www.arrompsicologia.com\/ca\/neuropsicologia\/\" \/>\n<meta property=\"og:site_name\" content=\"arromPSICOLOGIA\" \/>\n<meta property=\"article:publisher\" content=\"https:\/\/www.facebook.com\/arromPSICOLOGIA\/?locale=es_ES\" \/>\n<meta property=\"article:modified_time\" content=\"2026-02-22T08:51:47+00:00\" \/>\n<meta property=\"og:image\" content=\"https:\/\/www.arrompsicologia.com\/wp-content\/uploads\/2025\/02\/image-1-e1764434956428.png\" \/>\n\t<meta property=\"og:image:width\" content=\"681\" \/>\n\t<meta property=\"og:image:height\" content=\"600\" \/>\n\t<meta property=\"og:image:type\" content=\"image\/png\" \/>\n<meta name=\"twitter:card\" content=\"summary_large_image\" \/>\n<meta name=\"twitter:label1\" content=\"Temps estimat de lectura\" \/>\n\t<meta name=\"twitter:data1\" content=\"2 minuts\" \/>\n<script type=\"application\/ld+json\" class=\"yoast-schema-graph\">{\"@context\":\"https:\\\/\\\/schema.org\",\"@graph\":[{\"@type\":[\"WebPage\",\"MedicalWebPage\"],\"@id\":\"https:\\\/\\\/www.arrompsicologia.com\\\/neuropsicologia\\\/\",\"url\":\"https:\\\/\\\/www.arrompsicologia.com\\\/neuropsicologia\\\/\",\"name\":\"Intervenci\u00f3n neuropsicol\u00f3gica | arromPSICOLOGIA\",\"isPartOf\":{\"@id\":\"https:\\\/\\\/www.arrompsicologia.com\\\/#website\"},\"primaryImageOfPage\":{\"@id\":\"https:\\\/\\\/www.arrompsicologia.com\\\/neuropsicologia\\\/#primaryimage\"},\"image\":{\"@id\":\"https:\\\/\\\/www.arrompsicologia.com\\\/neuropsicologia\\\/#primaryimage\"},\"thumbnailUrl\":\"https:\\\/\\\/www.arrompsicologia.com\\\/wp-content\\\/uploads\\\/2025\\\/02\\\/image-1-e1764434956428.png\",\"datePublished\":\"2025-11-30T18:28:32+00:00\",\"dateModified\":\"2026-02-22T08:51:47+00:00\",\"description\":\"Servicio de neuropsicolog\u00eda en Inca. Evaluaci\u00f3n y rehabilitaci\u00f3n cognitiva para demencia, Alzheimer y deterioro cognitivo. Atenci\u00f3n profesional personalizada.\",\"breadcrumb\":{\"@id\":\"https:\\\/\\\/www.arrompsicologia.com\\\/neuropsicologia\\\/#breadcrumb\"},\"inLanguage\":\"ca\",\"potentialAction\":[{\"@type\":\"ReadAction\",\"target\":[\"https:\\\/\\\/www.arrompsicologia.com\\\/neuropsicologia\\\/\"]}]},{\"@type\":\"ImageObject\",\"inLanguage\":\"ca\",\"@id\":\"https:\\\/\\\/www.arrompsicologia.com\\\/neuropsicologia\\\/#primaryimage\",\"url\":\"https:\\\/\\\/www.arrompsicologia.com\\\/wp-content\\\/uploads\\\/2025\\\/02\\\/image-1-e1764434956428.png\",\"contentUrl\":\"https:\\\/\\\/www.arrompsicologia.com\\\/wp-content\\\/uploads\\\/2025\\\/02\\\/image-1-e1764434956428.png\"},{\"@type\":\"BreadcrumbList\",\"@id\":\"https:\\\/\\\/www.arrompsicologia.com\\\/neuropsicologia\\\/#breadcrumb\",\"itemListElement\":[{\"@type\":\"ListItem\",\"position\":1,\"name\":\"Portada\",\"item\":\"https:\\\/\\\/www.arrompsicologia.com\\\/\"},{\"@type\":\"ListItem\",\"position\":2,\"name\":\"Neuropsicolog\u00eda\"}]},{\"@type\":\"WebSite\",\"@id\":\"https:\\\/\\\/www.arrompsicologia.com\\\/#website\",\"url\":\"https:\\\/\\\/www.arrompsicologia.com\\\/\",\"name\":\"arromPSICOLOGIA\",\"description\":\"ArromPSICOLOGIA ofrece servicios en Inca de evaluaci\u00f3n, diagn\u00f3stico y tratamiento para ayudar a las personas a superar dificultades emocionales y mentales. Contamos con un equipo de profesionales dedicados a brindar terapia infantojuvenil, adultos, de pareja y familiar, as\u00ed como talleres de crecimiento personal. Nuestro objetivo es acompa\u00f1arte en tu camino hacia el bienestar emocional y la salud mental.\",\"publisher\":{\"@id\":\"https:\\\/\\\/www.arrompsicologia.com\\\/#organization\"},\"potentialAction\":[{\"@type\":\"SearchAction\",\"target\":{\"@type\":\"EntryPoint\",\"urlTemplate\":\"https:\\\/\\\/www.arrompsicologia.com\\\/?s={search_term_string}\"},\"query-input\":{\"@type\":\"PropertyValueSpecification\",\"valueRequired\":true,\"valueName\":\"search_term_string\"}}],\"inLanguage\":\"ca\"},{\"@type\":\"Organization\",\"@id\":\"https:\\\/\\\/www.arrompsicologia.com\\\/#organization\",\"name\":\"arromPSICOLOGIA\",\"url\":\"https:\\\/\\\/www.arrompsicologia.com\\\/\",\"logo\":{\"@type\":\"ImageObject\",\"inLanguage\":\"ca\",\"@id\":\"https:\\\/\\\/www.arrompsicologia.com\\\/#\\\/schema\\\/logo\\\/image\\\/\",\"url\":\"https:\\\/\\\/www.arrompsicologia.com\\\/wp-content\\\/uploads\\\/2025\\\/02\\\/arromPSICOLOGIA-logo-2-1.svg\",\"contentUrl\":\"https:\\\/\\\/www.arrompsicologia.com\\\/wp-content\\\/uploads\\\/2025\\\/02\\\/arromPSICOLOGIA-logo-2-1.svg\",\"width\":283,\"height\":76,\"caption\":\"arromPSICOLOGIA\"},\"image\":{\"@id\":\"https:\\\/\\\/www.arrompsicologia.com\\\/#\\\/schema\\\/logo\\\/image\\\/\"},\"sameAs\":[\"https:\\\/\\\/www.facebook.com\\\/arromPSICOLOGIA\\\/?locale=es_ES\",\"https:\\\/\\\/www.instagram.com\\\/arrompsicologia\\\/?hl=es\"]}]}<\/script>\n<!-- \/ Yoast SEO plugin. -->","yoast_head_json":{"title":"Intervenci\u00f3n neuropsicol\u00f3gica | arromPSICOLOGIA","description":"Servicio de neuropsicolog\u00eda en Inca. Evaluaci\u00f3n y rehabilitaci\u00f3n cognitiva para demencia, Alzheimer y deterioro cognitivo. Atenci\u00f3n profesional personalizada.","robots":{"index":"index","follow":"follow","max-snippet":"max-snippet:-1","max-image-preview":"max-image-preview:large","max-video-preview":"max-video-preview:-1"},"canonical":"https:\/\/www.arrompsicologia.com\/ca\/neuropsicologia\/","og_locale":"ca_ES","og_type":"article","og_title":"Intervenci\u00f3n neuropsicol\u00f3gica | arromPSICOLOGIA","og_description":"Servicio de neuropsicolog\u00eda en Inca. Evaluaci\u00f3n y rehabilitaci\u00f3n cognitiva para demencia, Alzheimer y deterioro cognitivo. Atenci\u00f3n profesional personalizada.","og_url":"https:\/\/www.arrompsicologia.com\/ca\/neuropsicologia\/","og_site_name":"arromPSICOLOGIA","article_publisher":"https:\/\/www.facebook.com\/arromPSICOLOGIA\/?locale=es_ES","article_modified_time":"2026-02-22T08:51:47+00:00","og_image":[{"width":681,"height":600,"url":"https:\/\/www.arrompsicologia.com\/wp-content\/uploads\/2025\/02\/image-1-e1764434956428.png","type":"image\/png"}],"twitter_card":"summary_large_image","twitter_misc":{"Temps estimat de lectura":"2 minuts"},"schema":{"@context":"https:\/\/schema.org","@graph":[{"@type":["WebPage","MedicalWebPage"],"@id":"https:\/\/www.arrompsicologia.com\/neuropsicologia\/","url":"https:\/\/www.arrompsicologia.com\/neuropsicologia\/","name":"Intervenci\u00f3n neuropsicol\u00f3gica | arromPSICOLOGIA","isPartOf":{"@id":"https:\/\/www.arrompsicologia.com\/#website"},"primaryImageOfPage":{"@id":"https:\/\/www.arrompsicologia.com\/neuropsicologia\/#primaryimage"},"image":{"@id":"https:\/\/www.arrompsicologia.com\/neuropsicologia\/#primaryimage"},"thumbnailUrl":"https:\/\/www.arrompsicologia.com\/wp-content\/uploads\/2025\/02\/image-1-e1764434956428.png","datePublished":"2025-11-30T18:28:32+00:00","dateModified":"2026-02-22T08:51:47+00:00","description":"Servicio de neuropsicolog\u00eda en Inca. Evaluaci\u00f3n y rehabilitaci\u00f3n cognitiva para demencia, Alzheimer y deterioro cognitivo. Atenci\u00f3n profesional personalizada.","breadcrumb":{"@id":"https:\/\/www.arrompsicologia.com\/neuropsicologia\/#breadcrumb"},"inLanguage":"ca","potentialAction":[{"@type":"ReadAction","target":["https:\/\/www.arrompsicologia.com\/neuropsicologia\/"]}]},{"@type":"ImageObject","inLanguage":"ca","@id":"https:\/\/www.arrompsicologia.com\/neuropsicologia\/#primaryimage","url":"https:\/\/www.arrompsicologia.com\/wp-content\/uploads\/2025\/02\/image-1-e1764434956428.png","contentUrl":"https:\/\/www.arrompsicologia.com\/wp-content\/uploads\/2025\/02\/image-1-e1764434956428.png"},{"@type":"BreadcrumbList","@id":"https:\/\/www.arrompsicologia.com\/neuropsicologia\/#breadcrumb","itemListElement":[{"@type":"ListItem","position":1,"name":"Portada","item":"https:\/\/www.arrompsicologia.com\/"},{"@type":"ListItem","position":2,"name":"Neuropsicolog\u00eda"}]},{"@type":"WebSite","@id":"https:\/\/www.arrompsicologia.com\/#website","url":"https:\/\/www.arrompsicologia.com\/","name":"Psicologia","description":"ArromPSICOLOGIA ofrece servicios en Inca de evaluaci\u00f3n, diagn\u00f3stico y tratamiento para ayudar a las personas a superar dificultades emocionales y mentales. Contamos con un equipo de profesionales dedicados a brindar terapia infantojuvenil, adultos, de pareja y familiar, as\u00ed como talleres de crecimiento personal. Nuestro objetivo es acompa\u00f1arte en tu camino hacia el bienestar emocional y la salud mental.","publisher":{"@id":"https:\/\/www.arrompsicologia.com\/#organization"},"potentialAction":[{"@type":"SearchAction","target":{"@type":"EntryPoint","urlTemplate":"https:\/\/www.arrompsicologia.com\/?s={search_term_string}"},"query-input":{"@type":"PropertyValueSpecification","valueRequired":true,"valueName":"search_term_string"}}],"inLanguage":"ca"},{"@type":"Organization","@id":"https:\/\/www.arrompsicologia.com\/#organization","name":"Psicologia","url":"https:\/\/www.arrompsicologia.com\/","logo":{"@type":"ImageObject","inLanguage":"ca","@id":"https:\/\/www.arrompsicologia.com\/#\/schema\/logo\/image\/","url":"https:\/\/www.arrompsicologia.com\/wp-content\/uploads\/2025\/02\/arromPSICOLOGIA-logo-2-1.svg","contentUrl":"https:\/\/www.arrompsicologia.com\/wp-content\/uploads\/2025\/02\/arromPSICOLOGIA-logo-2-1.svg","width":283,"height":76,"caption":"arromPSICOLOGIA"},"image":{"@id":"https:\/\/www.arrompsicologia.com\/#\/schema\/logo\/image\/"},"sameAs":["https:\/\/www.facebook.com\/arromPSICOLOGIA\/?locale=es_ES","https:\/\/www.instagram.com\/arrompsicologia\/?hl=es"]}]}},"_links":{"self":[{"href":"https:\/\/www.arrompsicologia.com\/ca\/wp-json\/wp\/v2\/pages\/557","targetHints":{"allow":["GET"]}}],"collection":[{"href":"https:\/\/www.arrompsicologia.com\/ca\/wp-json\/wp\/v2\/pages"}],"about":[{"href":"https:\/\/www.arrompsicologia.com\/ca\/wp-json\/wp\/v2\/types\/page"}],"author":[{"embeddable":true,"href":"https:\/\/www.arrompsicologia.com\/ca\/wp-json\/wp\/v2\/users\/2"}],"replies":[{"embeddable":true,"href":"https:\/\/www.arrompsicologia.com\/ca\/wp-json\/wp\/v2\/comments?post=557"}],"version-history":[{"count":46,"href":"https:\/\/www.arrompsicologia.com\/ca\/wp-json\/wp\/v2\/pages\/557\/revisions"}],"predecessor-version":[{"id":1699,"href":"https:\/\/www.arrompsicologia.com\/ca\/wp-json\/wp\/v2\/pages\/557\/revisions\/1699"}],"wp:attachment":[{"href":"https:\/\/www.arrompsicologia.com\/ca\/wp-json\/wp\/v2\/media?parent=557"}],"curies":[{"name":"wp","href":"https:\/\/api.w.org\/{rel}","templated":true}]}}